{"id":194,"date":"2024-03-08T13:09:47","date_gmt":"2024-03-08T12:09:47","guid":{"rendered":"https:\/\/wordpress.nibis.de\/adhagen\/?page_id=194"},"modified":"2024-03-08T17:40:05","modified_gmt":"2024-03-08T16:40:05","slug":"sportveranstaltungen","status":"publish","type":"page","link":"https:\/\/wordpress.nibis.de\/adhagen\/sportveranstaltungen\/","title":{"rendered":"Sportveranstaltungen 2023\/2024"},"content":{"rendered":"\n<p>Auf den Seiten \u201eSportveranstaltungen\u201c im Men\u00fc befinden sich Berichte \u00fcber Wettbewerbe, Turniere und andere sportlichen Aktivit\u00e4ten, an denen die Sch\u00fclerinnen und Sch\u00fcler der Grundschule Auf dem Hagen teilnehmen.<\/p>\n\n\n\n<p>Bitte auf einzelne Buttons klicken, um zu den Berichten zu gelangen!<\/p>\n\n\n\n<p><strong>Schuljahr 2023\/2024<\/strong><\/p>\n\n\n\n<ul class=\"is-style-tw-arrow wp-block-list\"><li><a rel=\"noreferrer noopener\" href=\"https:\/\/wordpress.nibis.de\/adhagen\/tagebuch-14-januar-2024\/\" target=\"_blank\">Handball<\/a> Teil 1<\/li><li><a rel=\"noreferrer noopener\" href=\"https:\/\/wordpress.nibis.de\/adhagen\/tagebuch-16-februar-2024\/\" target=\"_blank\">Handball<\/a> Teil 2<\/li><li><a href=\"https:\/\/wordpress.nibis.de\/adhagen\/tagebuch-17-maerz-2024\/\">Basketball<\/a><\/li><\/ul>\n\n\n\n<p><\/p>\n","protected":false},"excerpt":{"rendered":"<p>Auf den Seiten \u201eSportveranstaltungen\u201c im Men\u00fc befinden sich Berichte \u00fcber Wettbewerbe, Turniere und andere sportlichen Aktivit\u00e4ten, an denen die Sch\u00fclerinnen und Sch\u00fcler der Grundschule Auf dem Hagen teilnehmen. Bitte auf einzelne Buttons klicken, um zu den Berichten zu gelangen! Schuljahr &hellip; <a href=\"https:\/\/wordpress.nibis.de\/adhagen\/sportveranstaltungen\/\">Weiterlesen <span class=\"meta-nav\">&rarr;<\/span><\/a><\/p>\n","protected":false},"author":9194182,"featured_media":0,"parent":0,"menu_order":0,"comment_status":"closed","ping_status":"closed","template":"","meta":{"footnotes":""},"class_list":["post-194","page","type-page","status-publish","hentry"],"_links":{"self":[{"href":"https:\/\/wordpress.nibis.de\/adhagen\/wp-json\/wp\/v2\/pages\/194","targetHints":{"allow":["GET"]}}],"collection":[{"href":"https:\/\/wordpress.nibis.de\/adhagen\/wp-json\/wp\/v2\/pages"}],"about":[{"href":"https:\/\/wordpress.nibis.de\/adhagen\/wp-json\/wp\/v2\/types\/page"}],"author":[{"embeddable":true,"href":"https:\/\/wordpress.nibis.de\/adhagen\/wp-json\/wp\/v2\/users\/9194182"}],"replies":[{"embeddable":true,"href":"https:\/\/wordpress.nibis.de\/adhagen\/wp-json\/wp\/v2\/comments?post=194"}],"version-history":[{"count":4,"href":"https:\/\/wordpress.nibis.de\/adhagen\/wp-json\/wp\/v2\/pages\/194\/revisions"}],"predecessor-version":[{"id":286,"href":"https:\/\/wordpress.nibis.de\/adhagen\/wp-json\/wp\/v2\/pages\/194\/revisions\/286"}],"wp:attachment":[{"href":"https:\/\/wordpress.nibis.de\/adhagen\/wp-json\/wp\/v2\/media?parent=194"}],"curies":[{"name":"wp","href":"https:\/\/api.w.org\/{rel}","templated":true}]}}