{"id":200,"date":"2024-03-07T23:06:48","date_gmt":"2024-03-07T22:06:48","guid":{"rendered":"https:\/\/wordpress.nibis.de\/adhagen\/?page_id=200"},"modified":"2024-11-18T21:42:56","modified_gmt":"2024-11-18T20:42:56","slug":"schulleben-blog","status":"publish","type":"page","link":"https:\/\/wordpress.nibis.de\/adhagen\/schulleben-blog\/","title":{"rendered":"F\u00f6rderverein"},"content":{"rendered":"\n<figure class=\"wp-block-image size-full is-resized\"><img loading=\"lazy\" decoding=\"async\" src=\"https:\/\/wordpress.nibis.de\/adhagen\/files\/2024\/11\/FV_GS_AdH_logo_bunt_ohneRand_mitHintergrundklein.png\" alt=\"\" class=\"wp-image-462\" width=\"501\" height=\"375\" srcset=\"https:\/\/wordpress.nibis.de\/adhagen\/files\/2024\/11\/FV_GS_AdH_logo_bunt_ohneRand_mitHintergrundklein.png 800w, https:\/\/wordpress.nibis.de\/adhagen\/files\/2024\/11\/FV_GS_AdH_logo_bunt_ohneRand_mitHintergrundklein-300x225.png 300w, https:\/\/wordpress.nibis.de\/adhagen\/files\/2024\/11\/FV_GS_AdH_logo_bunt_ohneRand_mitHintergrundklein-768x576.png 768w\" sizes=\"auto, (max-width: 501px) 100vw, 501px\" \/><\/figure>\n\n\n\n<p><strong>Wer sind wir? Was ist unser Ziel?<\/strong><\/p>\n\n\n\n<p><strong>Mitglieder<\/strong> des F\u00f6rdervereins Grundschule Auf dem Hagen sind Eltern, Familienmitglieder und Freunde um die Sch\u00fclerschaft der Schule. <br>All diese Menschen m\u00f6chten die Sch\u00fclerinnen und Sch\u00fcler im Schulalltag ideel und materiell unterst\u00fctzen &#8211; durch eigene Spenden oder Spendensammlung und alle m\u00f6glichen Aktionen, welche dazu beitragen, dass die Lernzeit an der Grundscbule Auf dem Hagen f\u00fcr alle Kinder unter optimalen Rahmenbedingungen abl\u00e4uft.<\/p>\n\n\n\n<p><strong>Wir unterst\u00fctzen<\/strong> bei Beschaffung von Lern- und Lehrmitteln und Ausstattungsgegenst\u00e4nden, Sport- und Spielger\u00e4ten. Wir beteiligen uns an Arbeitsgemeinschaften zum Wohl der Sch\u00fclerschaft. Wir helfen bei der Organisation von au\u00dferschulischen Aktivit\u00e4ten wie Fahrten und Ausfl\u00fcge. Wir gestalten die Schule mit, indem wir die Elternaktivit\u00e4ten im Interesse des Schullebens f\u00f6rdern. Wir unterst\u00fctzen bei der Durchf\u00fchrung und Gestaltung von Schulveranstaltungen &#8211; und so weiter.<\/p>\n\n\n\n<p><strong>Wir freuen uns<\/strong> \u00fcber alle Interessierten und neue Mitglieder, die durch ihre Ideen und tatkr\u00e4ftige oder finanzielle Unterst\u00fctzung daf\u00fcr sorgen m\u00f6chten, dass alle Sch\u00fclerinnen und Sch\u00fcler der GS Auf dem Hagen eine sch\u00f6ne und erfolgreiche Grundschulzeit haben.<\/p>\n\n\n\n<p>Weitere Informationen im Men\u00fc unter den Buttons <em><strong>Mitglied<\/strong> <strong>werden<\/strong><\/em> (klick) oder <em><strong>Kontaktpersonen<\/strong><\/em> (klick).<\/p>\n\n\n\n<p><\/p>\n\n\n\n<p><\/p>\n","protected":false},"excerpt":{"rendered":"<p>Wer sind wir? Was ist unser Ziel? Mitglieder des F\u00f6rdervereins Grundschule Auf dem Hagen sind Eltern, Familienmitglieder und Freunde um die Sch\u00fclerschaft der Schule. All diese Menschen m\u00f6chten die Sch\u00fclerinnen und Sch\u00fcler im Schulalltag ideel und materiell unterst\u00fctzen &#8211; durch &hellip; <a href=\"https:\/\/wordpress.nibis.de\/adhagen\/schulleben-blog\/\">Weiterlesen <span class=\"meta-nav\">&rarr;<\/span><\/a><\/p>\n","protected":false},"author":9194182,"featured_media":0,"parent":0,"menu_order":0,"comment_status":"closed","ping_status":"closed","template":"","meta":{"footnotes":""},"class_list":["post-200","page","type-page","status-publish","hentry"],"_links":{"self":[{"href":"https:\/\/wordpress.nibis.de\/adhagen\/wp-json\/wp\/v2\/pages\/200","targetHints":{"allow":["GET"]}}],"collection":[{"href":"https:\/\/wordpress.nibis.de\/adhagen\/wp-json\/wp\/v2\/pages"}],"about":[{"href":"https:\/\/wordpress.nibis.de\/adhagen\/wp-json\/wp\/v2\/types\/page"}],"author":[{"embeddable":true,"href":"https:\/\/wordpress.nibis.de\/adhagen\/wp-json\/wp\/v2\/users\/9194182"}],"replies":[{"embeddable":true,"href":"https:\/\/wordpress.nibis.de\/adhagen\/wp-json\/wp\/v2\/comments?post=200"}],"version-history":[{"count":5,"href":"https:\/\/wordpress.nibis.de\/adhagen\/wp-json\/wp\/v2\/pages\/200\/revisions"}],"predecessor-version":[{"id":463,"href":"https:\/\/wordpress.nibis.de\/adhagen\/wp-json\/wp\/v2\/pages\/200\/revisions\/463"}],"wp:attachment":[{"href":"https:\/\/wordpress.nibis.de\/adhagen\/wp-json\/wp\/v2\/media?parent=200"}],"curies":[{"name":"wp","href":"https:\/\/api.w.org\/{rel}","templated":true}]}}