{"id":236,"date":"2024-03-08T12:49:59","date_gmt":"2024-03-08T11:49:59","guid":{"rendered":"https:\/\/wordpress.nibis.de\/adhagen\/?page_id=236"},"modified":"2026-04-12T17:28:34","modified_gmt":"2026-04-12T15:28:34","slug":"lehrkraefte","status":"publish","type":"page","link":"https:\/\/wordpress.nibis.de\/adhagen\/lehrkraefte\/","title":{"rendered":"Das Team"},"content":{"rendered":"\n<p><strong>Lehrerinnen und Lehrer<\/strong>:<\/p>\n\n\n\n<p>Frau Althoff &#8211;  F\u00f6rderschullehrerin<\/p>\n\n\n\n<p>Frau Dahbashi &#8211; F\u00f6rderschullehrerin<\/p>\n\n\n\n<p>Frau Edel<\/p>\n\n\n\n<p>Frau F\u00e4rber &#8211; zur  Zeit nicht im Dienst<\/p>\n\n\n\n<p>Frau Flis<\/p>\n\n\n\n<p>Frau Fl\u00fcgge<\/p>\n\n\n\n<p>Frau Gomilschak &#8211; Lehrerin im Vorbereitungsdienst<\/p>\n\n\n\n<p>Frau Gatzke<\/p>\n\n\n\n<p>Frau Heisterkamp<\/p>\n\n\n\n<p>Frau Hippe &#8211; zur Zeit nicht im Dienst<\/p>\n\n\n\n<p>Frau Idel<\/p>\n\n\n\n<p>Frau Langhardt<\/p>\n\n\n\n<p>Herr Lantas<\/p>\n\n\n\n<p>Frau R\u00f6tger &#8211; Lehrerin im Vorbereitungsdienst<\/p>\n\n\n\n<p>Frau Rohland<\/p>\n\n\n\n<p>Frau Rumberg<\/p>\n\n\n\n<p>Frau Sch\u00f6ning<\/p>\n\n\n\n<p>Frau Sievert<\/p>\n\n\n\n<p>Frau Telsemeyer<\/p>\n\n\n\n<p>Frau Vogel<\/p>\n\n\n\n<p><br><strong>P\u00e4dagogische Mitarbeiterinnen<\/strong>:<\/p>\n\n\n\n<p>Frau Akcay<\/p>\n\n\n\n<p>Frau Engelmann<\/p>\n\n\n\n<p>Frau Harrison<\/p>\n\n\n\n<p>Frau Manis-Durdu<\/p>\n\n\n\n<p>Frau M\u00fcller &#8211; zur Zeit nicht im Dienst<\/p>\n\n\n\n<p><\/p>\n\n\n\n<p><strong>Klassenassistenz und Schulbegleitung:<\/strong><\/p>\n\n\n\n<p>Herr Niehoff<\/p>\n\n\n\n<p>Frau<\/p>\n\n\n\n<p>Frau<\/p>\n\n\n\n<p><em style=\"white-space: normal\">Diese Website befindet sich noch im Aufbau.<\/em><\/p>\n\n\n\n<p><\/p>\n","protected":false},"excerpt":{"rendered":"<p>Lehrerinnen und Lehrer: Frau Althoff &#8211; F\u00f6rderschullehrerin Frau Dahbashi &#8211; F\u00f6rderschullehrerin Frau Edel Frau F\u00e4rber &#8211; zur Zeit nicht im Dienst Frau Flis Frau Fl\u00fcgge Frau Gomilschak &#8211; Lehrerin im Vorbereitungsdienst Frau Gatzke Frau Heisterkamp Frau Hippe &#8211; zur Zeit &hellip; <a href=\"https:\/\/wordpress.nibis.de\/adhagen\/lehrkraefte\/\">Weiterlesen <span class=\"meta-nav\">&rarr;<\/span><\/a><\/p>\n","protected":false},"author":9194182,"featured_media":0,"parent":0,"menu_order":0,"comment_status":"closed","ping_status":"closed","template":"","meta":{"footnotes":""},"class_list":["post-236","page","type-page","status-publish","hentry"],"_links":{"self":[{"href":"https:\/\/wordpress.nibis.de\/adhagen\/wp-json\/wp\/v2\/pages\/236","targetHints":{"allow":["GET"]}}],"collection":[{"href":"https:\/\/wordpress.nibis.de\/adhagen\/wp-json\/wp\/v2\/pages"}],"about":[{"href":"https:\/\/wordpress.nibis.de\/adhagen\/wp-json\/wp\/v2\/types\/page"}],"author":[{"embeddable":true,"href":"https:\/\/wordpress.nibis.de\/adhagen\/wp-json\/wp\/v2\/users\/9194182"}],"replies":[{"embeddable":true,"href":"https:\/\/wordpress.nibis.de\/adhagen\/wp-json\/wp\/v2\/comments?post=236"}],"version-history":[{"count":9,"href":"https:\/\/wordpress.nibis.de\/adhagen\/wp-json\/wp\/v2\/pages\/236\/revisions"}],"predecessor-version":[{"id":865,"href":"https:\/\/wordpress.nibis.de\/adhagen\/wp-json\/wp\/v2\/pages\/236\/revisions\/865"}],"wp:attachment":[{"href":"https:\/\/wordpress.nibis.de\/adhagen\/wp-json\/wp\/v2\/media?parent=236"}],"curies":[{"name":"wp","href":"https:\/\/api.w.org\/{rel}","templated":true}]}}