{"id":336,"date":"2024-04-24T22:01:43","date_gmt":"2024-04-24T20:01:43","guid":{"rendered":"https:\/\/wordpress.nibis.de\/adhagen\/?page_id=336"},"modified":"2025-05-27T09:44:11","modified_gmt":"2025-05-27T07:44:11","slug":"anmeldung","status":"publish","type":"page","link":"https:\/\/wordpress.nibis.de\/adhagen\/anmeldung\/","title":{"rendered":"Anmeldung"},"content":{"rendered":"\n<p><strong>Anmeldefrist &#8211; 06.06.2025 !<\/strong><\/p>\n\n\n\n<p>Die Anmeldeb\u00f6gen erhalten die Sch\u00fclerinnen und Sch\u00fcler pers\u00f6nlich von der jeweiligen Klassenleitung! Die zuk\u00fcnftigen Erstkl\u00e4ssler:Innen erhalten die Anmeldeb\u00f6gen per Post.<\/p>\n\n\n\n<p>Die \u00dcbersicht der Nachmittagsangebote finden Sie hier (klick).<\/p>\n\n\n\n<p><strong>Unterst\u00fctzung bei der Anmeldung<\/strong><\/p>\n\n\n\n<p>&#8211;&gt; Gespr\u00e4ch mit den Klassenlehrkr\u00e4ften (Anmeldung \u00fcber Edoop)<br>&#8211;&gt; im Ganztagsb\u00fcro &#8211; einfach an der Schule vorbeikommen!<\/p>\n\n\n\n<p><strong>Anmeldeformulare<\/strong> &#8211; Achtung! Es muss <strong>das passende Formular<\/strong> eingereicht werden!<\/p>\n\n\n\n<p>Wenn Ihr Kind im\u00a0<em>Schuljahr 2025\/26<\/em>\u00a0in der\u00a0<strong>Klasse 1<\/strong>\u00a0ist und Sie bisher keine Post erhalten haben, nutzen Sie dieses Formular:<\/p>\n\n\n\n<figure class=\"wp-block-image size-large is-resized\"><img loading=\"lazy\" decoding=\"async\" src=\"https:\/\/wordpress.nibis.de\/adhagen\/files\/2024\/04\/IMG_0197-720x1024.jpeg\" alt=\"\" class=\"wp-image-347\" width=\"147\" height=\"210\" srcset=\"https:\/\/wordpress.nibis.de\/adhagen\/files\/2024\/04\/IMG_0197-720x1024.jpeg 720w, https:\/\/wordpress.nibis.de\/adhagen\/files\/2024\/04\/IMG_0197-211x300.jpeg 211w, https:\/\/wordpress.nibis.de\/adhagen\/files\/2024\/04\/IMG_0197-768x1092.jpeg 768w, https:\/\/wordpress.nibis.de\/adhagen\/files\/2024\/04\/IMG_0197-1080x1536.jpeg 1080w, https:\/\/wordpress.nibis.de\/adhagen\/files\/2024\/04\/IMG_0197.jpeg 1133w\" sizes=\"auto, (max-width: 147px) 100vw, 147px\" \/><figcaption>Bitte auf Herunterladen klicken.<\/figcaption><\/figure>\n\n\n\n<div data-wp-interactive=\"core\/file\" class=\"wp-block-file\"><object data-wp-bind--hidden=\"!state.hasPdfPreview\" hidden class=\"wp-block-file__embed\" data=\"https:\/\/wordpress.nibis.de\/adhagen\/files\/2025\/05\/Anmeldung-Ganztag-Klasse-1-mit-AG-Anwahl.pdf\" type=\"application\/pdf\" style=\"width:100%;height:600px\" aria-label=\"Einbettung von Einbettung von Anmeldung-Ganztag-Klasse-1-mit-AG-Anwahl..\"><\/object><a id=\"wp-block-file--media-0dfb0703-334f-4ebc-8b72-29b4eda5bbc4\" href=\"https:\/\/wordpress.nibis.de\/adhagen\/files\/2025\/05\/Anmeldung-Ganztag-Klasse-1-mit-AG-Anwahl.pdf\">Anmeldung-Ganztag-Klasse-1-mit-AG-Anwahl<\/a><a href=\"https:\/\/wordpress.nibis.de\/adhagen\/files\/2025\/05\/Anmeldung-Ganztag-Klasse-1-mit-AG-Anwahl.pdf\" class=\"wp-block-file__button\" download aria-describedby=\"wp-block-file--media-0dfb0703-334f-4ebc-8b72-29b4eda5bbc4\">Herunterladen<\/a><\/div>\n\n\n\n<p>______________________________________________________________<br>______________________________________________________________<\/p>\n\n\n\n<p>Wenn Ihr Kind im <em>Schuljahr 2025\/26<\/em> in der <strong>Klasse 2<\/strong> ist, nutzen Sie dieses Formular:<\/p>\n\n\n\n<figure class=\"wp-block-image size-large is-resized\"><img loading=\"lazy\" decoding=\"async\" src=\"https:\/\/wordpress.nibis.de\/adhagen\/files\/2024\/04\/IMG_0197-720x1024.jpeg\" alt=\"\" class=\"wp-image-347\" width=\"149\" height=\"212\" srcset=\"https:\/\/wordpress.nibis.de\/adhagen\/files\/2024\/04\/IMG_0197-720x1024.jpeg 720w, https:\/\/wordpress.nibis.de\/adhagen\/files\/2024\/04\/IMG_0197-211x300.jpeg 211w, https:\/\/wordpress.nibis.de\/adhagen\/files\/2024\/04\/IMG_0197-768x1092.jpeg 768w, https:\/\/wordpress.nibis.de\/adhagen\/files\/2024\/04\/IMG_0197-1080x1536.jpeg 1080w, https:\/\/wordpress.nibis.de\/adhagen\/files\/2024\/04\/IMG_0197.jpeg 1133w\" sizes=\"auto, (max-width: 149px) 100vw, 149px\" \/><figcaption>Bitte auf Herunterladen klicken.<\/figcaption><\/figure>\n\n\n\n<div data-wp-interactive=\"core\/file\" class=\"wp-block-file\"><object data-wp-bind--hidden=\"!state.hasPdfPreview\" hidden class=\"wp-block-file__embed\" data=\"https:\/\/wordpress.nibis.de\/adhagen\/files\/2025\/05\/Anmeldung-Ganztag-Klasse-2-.pdf\" type=\"application\/pdf\" style=\"width:100%;height:600px\" aria-label=\"Einbettung von Einbettung von Anmeldung-Ganztag-Klasse-2-..\"><\/object><a id=\"wp-block-file--media-c6cb6106-e83d-462f-a60c-1352decf8627\" href=\"https:\/\/wordpress.nibis.de\/adhagen\/files\/2025\/05\/Anmeldung-Ganztag-Klasse-2-.pdf\">Anmeldung-Ganztag-Klasse-2-<\/a><a href=\"https:\/\/wordpress.nibis.de\/adhagen\/files\/2025\/05\/Anmeldung-Ganztag-Klasse-2-.pdf\" class=\"wp-block-file__button\" download aria-describedby=\"wp-block-file--media-c6cb6106-e83d-462f-a60c-1352decf8627\">Herunterladen<\/a><\/div>\n\n\n\n<p>______________________________________________________________<br>______________________________________________________________<\/p>\n\n\n\n<p>Wenn Ihr Kind im Schuljahr 2025\/26 in der <strong>Klasse 3 oder 4<\/strong> ist, nutzen Sie dieses Formular:<\/p>\n\n\n\n<figure class=\"wp-block-image size-large is-resized\"><img loading=\"lazy\" decoding=\"async\" src=\"https:\/\/wordpress.nibis.de\/adhagen\/files\/2024\/04\/IMG_0199-720x1024.jpeg\" alt=\"\" class=\"wp-image-348\" width=\"152\" height=\"215\" srcset=\"https:\/\/wordpress.nibis.de\/adhagen\/files\/2024\/04\/IMG_0199-720x1024.jpeg 720w, https:\/\/wordpress.nibis.de\/adhagen\/files\/2024\/04\/IMG_0199-211x300.jpeg 211w, https:\/\/wordpress.nibis.de\/adhagen\/files\/2024\/04\/IMG_0199-768x1092.jpeg 768w, https:\/\/wordpress.nibis.de\/adhagen\/files\/2024\/04\/IMG_0199-1081x1536.jpeg 1081w, https:\/\/wordpress.nibis.de\/adhagen\/files\/2024\/04\/IMG_0199.jpeg 1165w\" sizes=\"auto, (max-width: 152px) 100vw, 152px\" \/><figcaption>Bitte auf Herunterladen klicken.<\/figcaption><\/figure>\n\n\n\n<div data-wp-interactive=\"core\/file\" class=\"wp-block-file\"><object data-wp-bind--hidden=\"!state.hasPdfPreview\" hidden class=\"wp-block-file__embed\" data=\"https:\/\/wordpress.nibis.de\/adhagen\/files\/2025\/05\/Anmeldung-Ganztag-Klasse-3-u.-4.pdf\" type=\"application\/pdf\" style=\"width:100%;height:600px\" aria-label=\"Einbettung von Einbettung von Anmeldung-Ganztag-Klasse-3-u.-4..\"><\/object><a id=\"wp-block-file--media-5b5970c2-cc73-4e85-97f7-e9b95eaf3e7c\" href=\"https:\/\/wordpress.nibis.de\/adhagen\/files\/2025\/05\/Anmeldung-Ganztag-Klasse-3-u.-4.pdf\">Anmeldung-Ganztag-Klasse-3-u.-4<\/a><a href=\"https:\/\/wordpress.nibis.de\/adhagen\/files\/2025\/05\/Anmeldung-Ganztag-Klasse-3-u.-4.pdf\" class=\"wp-block-file__button\" download aria-describedby=\"wp-block-file--media-5b5970c2-cc73-4e85-97f7-e9b95eaf3e7c\">Herunterladen<\/a><\/div>\n\n\n\n<p><br><strong>Bescheinigung des Arbeitgebers \u00fcber ein Arbeitsverh\u00e4ltnis<\/strong><\/p>\n\n\n\n<p><\/p>\n\n\n\n<figure class=\"wp-block-image size-large is-resized\"><img loading=\"lazy\" decoding=\"async\" src=\"https:\/\/wordpress.nibis.de\/adhagen\/files\/2024\/04\/IMG_0203-1024x307.jpeg\" alt=\"\" class=\"wp-image-378\" width=\"492\" height=\"147\" srcset=\"https:\/\/wordpress.nibis.de\/adhagen\/files\/2024\/04\/IMG_0203-1024x307.jpeg 1024w, https:\/\/wordpress.nibis.de\/adhagen\/files\/2024\/04\/IMG_0203-300x90.jpeg 300w, https:\/\/wordpress.nibis.de\/adhagen\/files\/2024\/04\/IMG_0203-768x230.jpeg 768w, https:\/\/wordpress.nibis.de\/adhagen\/files\/2024\/04\/IMG_0203-1536x461.jpeg 1536w, https:\/\/wordpress.nibis.de\/adhagen\/files\/2024\/04\/IMG_0203.jpeg 1646w\" sizes=\"auto, (max-width: 492px) 100vw, 492px\" \/><\/figure>\n\n\n\n<div data-wp-interactive=\"core\/file\" class=\"wp-block-file\"><object data-wp-bind--hidden=\"!state.hasPdfPreview\" hidden class=\"wp-block-file__embed\" data=\"https:\/\/wordpress.nibis.de\/adhagen\/files\/2024\/04\/Bescheinigung-des-Arbeitgebers-ueber-ein-Arbeitsverhaeltnis.pdf\" type=\"application\/pdf\" style=\"width:100%;height:600px\" aria-label=\"Einbettung von Einbettung von Bescheinigung-des-Arbeitgebers-ueber-ein-Arbeitsverhaeltnis..\"><\/object><a id=\"wp-block-file--media-bf7f0106-55f0-44eb-8852-c577a4dbbd9b\" href=\"https:\/\/wordpress.nibis.de\/adhagen\/files\/2024\/04\/Bescheinigung-des-Arbeitgebers-ueber-ein-Arbeitsverhaeltnis.pdf\">Bescheinigung-des-Arbeitgebers-ueber-ein-Arbeitsverhaeltnis<\/a><a href=\"https:\/\/wordpress.nibis.de\/adhagen\/files\/2024\/04\/Bescheinigung-des-Arbeitgebers-ueber-ein-Arbeitsverhaeltnis.pdf\" class=\"wp-block-file__button\" download aria-describedby=\"wp-block-file--media-bf7f0106-55f0-44eb-8852-c577a4dbbd9b\">Herunterladen<\/a><\/div>\n","protected":false},"excerpt":{"rendered":"<p>Anmeldefrist &#8211; 06.06.2025 ! Die Anmeldeb\u00f6gen erhalten die Sch\u00fclerinnen und Sch\u00fcler pers\u00f6nlich von der jeweiligen Klassenleitung! Die zuk\u00fcnftigen Erstkl\u00e4ssler:Innen erhalten die Anmeldeb\u00f6gen per Post. Die \u00dcbersicht der Nachmittagsangebote finden Sie hier (klick). Unterst\u00fctzung bei der Anmeldung &#8211;&gt; Gespr\u00e4ch mit den &hellip; <a href=\"https:\/\/wordpress.nibis.de\/adhagen\/anmeldung\/\">Weiterlesen <span class=\"meta-nav\">&rarr;<\/span><\/a><\/p>\n","protected":false},"author":9194182,"featured_media":0,"parent":0,"menu_order":0,"comment_status":"closed","ping_status":"closed","template":"","meta":{"footnotes":""},"class_list":["post-336","page","type-page","status-publish","hentry"],"_links":{"self":[{"href":"https:\/\/wordpress.nibis.de\/adhagen\/wp-json\/wp\/v2\/pages\/336","targetHints":{"allow":["GET"]}}],"collection":[{"href":"https:\/\/wordpress.nibis.de\/adhagen\/wp-json\/wp\/v2\/pages"}],"about":[{"href":"https:\/\/wordpress.nibis.de\/adhagen\/wp-json\/wp\/v2\/types\/page"}],"author":[{"embeddable":true,"href":"https:\/\/wordpress.nibis.de\/adhagen\/wp-json\/wp\/v2\/users\/9194182"}],"replies":[{"embeddable":true,"href":"https:\/\/wordpress.nibis.de\/adhagen\/wp-json\/wp\/v2\/comments?post=336"}],"version-history":[{"count":17,"href":"https:\/\/wordpress.nibis.de\/adhagen\/wp-json\/wp\/v2\/pages\/336\/revisions"}],"predecessor-version":[{"id":642,"href":"https:\/\/wordpress.nibis.de\/adhagen\/wp-json\/wp\/v2\/pages\/336\/revisions\/642"}],"wp:attachment":[{"href":"https:\/\/wordpress.nibis.de\/adhagen\/wp-json\/wp\/v2\/media?parent=336"}],"curies":[{"name":"wp","href":"https:\/\/api.w.org\/{rel}","templated":true}]}}