{"id":359,"date":"2024-04-24T23:31:44","date_gmt":"2024-04-24T21:31:44","guid":{"rendered":"https:\/\/wordpress.nibis.de\/adhagen\/?page_id=359"},"modified":"2024-12-19T23:30:09","modified_gmt":"2024-12-19T22:30:09","slug":"allgemeine-informationen","status":"publish","type":"page","link":"https:\/\/wordpress.nibis.de\/adhagen\/allgemeine-informationen\/","title":{"rendered":"Allgemeine Informationen"},"content":{"rendered":"\n<p><strong>Informationen zur Anmeldung<\/strong><\/p>\n\n\n\n<p>Die Anmeldungsphase f\u00fcr die Angebote der Ganztagsschule im zweiten Halbjahr f\u00fcr alle Sch\u00fclerinnen und Sch\u00fcler der GS Auf dem Hagen hat begonnen. Bis zum 08. Januar 2025 k\u00f6nnen Anmeldeformulare im Sekretariat und bei den Klassenlehrer:Innen abgegeben werden.<\/p>\n\n\n\n<p>Die Anmeldeformulare und detaillierte Informationen dazu finden Sie im Men\u00fc unter <em>Ganztagsschule<\/em> -&gt; <em>Anmeldungen<\/em> oder mit einem Klick <a rel=\"noreferrer noopener\" href=\"https:\/\/wordpress.nibis.de\/adhagen\/anmeldung\/\" target=\"_blank\">hier<\/a>. Jede Sch\u00fclerin und jeder Sch\u00fcler hat bereits ein Formular pers\u00f6nlich erhalten.<\/p>\n\n\n\n<p>Bei weiteren Fragen oder Unsicherheiten wenden Sie sich an die Klassenleitung Ihres Kindes, die Schulsozialarbeit oder das Sekretariat.<\/p>\n\n\n\n<p><strong>Tagesablauf in Kl. 1 und 2<\/strong><\/p>\n\n\n\n<ul class=\"wp-block-list\"><li>verpflichtender Unterricht bis 11.45 Uhr bzw. 12.45 Uhr (M\u00f6glichkeit der Betreuung in der 5. Stunde ohne Anmeldung im Ganztag)<\/li><li>freiwillige Anmeldung f\u00fcr Nachmittagsangebote (Ganztag &#8211; bis 16.00 Uhr)<\/li><li>freie Auswahl der einzelnen Tage im Ganztag (von Mo. bis Fr. in beliebiger Kombination)<\/li><li>M\u00f6glichkeit der Fr\u00fch- und Sp\u00e4tbetreuung (7.00 &#8211; 8.00 Uhr und 16.00 &#8211; 17.00 Uhr)<\/li><\/ul>\n\n\n\n<p><strong>Tagesablauf in Kl. 3 und 4<\/strong><\/p>\n\n\n\n<ul class=\"wp-block-list\"><li>verpflichtender Unterricht montags, mittwochs und freitags bis 12.45 Uhr  UND                        dienstags und donnerstags bis 15.00 Uhr (an den beiden Tagen M\u00f6glichkeit der Betreuung bis 16 Uhr)<\/li><li>freiwillige Anmeldung f\u00fcr Nachmittagsangebote (Ganztag bis 16.00 Uhr montags, mittwochs und freitags)<\/li><li>freie Auswahl der einzelnen Tage im Ganztag (Mo.\/Mi.\/Fr. in beliebiger Kombination)<\/li><li>M\u00f6glichkeit der Fr\u00fch- und Sp\u00e4tbetreuung (7.00 &#8211; 8.00 Uhr und 16.00 &#8211; 17.00 Uhr)<\/li><\/ul>\n\n\n\n<p><strong>Verpflegung<\/strong><\/p>\n\n\n\n<p>Bitte besuchen Sie diese Seite regelm\u00e4\u00dfig, hier werden in K\u00fcrze weitere Informationen zu finden sein.<\/p>\n","protected":false},"excerpt":{"rendered":"<p>Informationen zur Anmeldung Die Anmeldungsphase f\u00fcr die Angebote der Ganztagsschule im zweiten Halbjahr f\u00fcr alle Sch\u00fclerinnen und Sch\u00fcler der GS Auf dem Hagen hat begonnen. Bis zum 08. Januar 2025 k\u00f6nnen Anmeldeformulare im Sekretariat und bei den Klassenlehrer:Innen abgegeben werden. &hellip; <a href=\"https:\/\/wordpress.nibis.de\/adhagen\/allgemeine-informationen\/\">Weiterlesen <span class=\"meta-nav\">&rarr;<\/span><\/a><\/p>\n","protected":false},"author":9194182,"featured_media":0,"parent":0,"menu_order":0,"comment_status":"closed","ping_status":"closed","template":"","meta":{"footnotes":""},"class_list":["post-359","page","type-page","status-publish","hentry"],"_links":{"self":[{"href":"https:\/\/wordpress.nibis.de\/adhagen\/wp-json\/wp\/v2\/pages\/359","targetHints":{"allow":["GET"]}}],"collection":[{"href":"https:\/\/wordpress.nibis.de\/adhagen\/wp-json\/wp\/v2\/pages"}],"about":[{"href":"https:\/\/wordpress.nibis.de\/adhagen\/wp-json\/wp\/v2\/types\/page"}],"author":[{"embeddable":true,"href":"https:\/\/wordpress.nibis.de\/adhagen\/wp-json\/wp\/v2\/users\/9194182"}],"replies":[{"embeddable":true,"href":"https:\/\/wordpress.nibis.de\/adhagen\/wp-json\/wp\/v2\/comments?post=359"}],"version-history":[{"count":7,"href":"https:\/\/wordpress.nibis.de\/adhagen\/wp-json\/wp\/v2\/pages\/359\/revisions"}],"predecessor-version":[{"id":528,"href":"https:\/\/wordpress.nibis.de\/adhagen\/wp-json\/wp\/v2\/pages\/359\/revisions\/528"}],"wp:attachment":[{"href":"https:\/\/wordpress.nibis.de\/adhagen\/wp-json\/wp\/v2\/media?parent=359"}],"curies":[{"name":"wp","href":"https:\/\/api.w.org\/{rel}","templated":true}]}}