{"id":389,"date":"2024-05-13T12:26:21","date_gmt":"2024-05-13T10:26:21","guid":{"rendered":"https:\/\/wordpress.nibis.de\/adhagen\/?page_id=389"},"modified":"2024-05-13T12:26:21","modified_gmt":"2024-05-13T10:26:21","slug":"mittagessen","status":"publish","type":"page","link":"https:\/\/wordpress.nibis.de\/adhagen\/mittagessen\/","title":{"rendered":"Mittagessen"},"content":{"rendered":"\n<p>| \u0423\u043d\u0438\u0437\u0443 \u0443\u043a\u0440\u0430\u0457\u043d\u0441\u044c\u043a\u0430 | english below | \u0627\u0644\u0639\u0631\u0628\u064a\u0629 \u0623\u062f\u0646\u0627\u0647 | T\u00fcrk\u00e7e a\u015fa\u011f\u0131da | \u0420\u0443\u0441\u0441\u043a\u0438\u0439 \u0432\u043d\u0438\u0437\u0443 |<\/p>\n\n\n\n<p><strong>VielfaltMen\u00fc stellt sich vor<\/strong><\/p>\n\n\n\n<figure class=\"wp-block-image size-large\"><img loading=\"lazy\" decoding=\"async\" width=\"1024\" height=\"683\" src=\"https:\/\/wordpress.nibis.de\/adhagen\/files\/2024\/05\/Bild-VielfaltMenue-Kinder-1024x683.jpg\" alt=\"\" class=\"wp-image-391\" srcset=\"https:\/\/wordpress.nibis.de\/adhagen\/files\/2024\/05\/Bild-VielfaltMenue-Kinder-1024x683.jpg 1024w, https:\/\/wordpress.nibis.de\/adhagen\/files\/2024\/05\/Bild-VielfaltMenue-Kinder-300x200.jpg 300w, https:\/\/wordpress.nibis.de\/adhagen\/files\/2024\/05\/Bild-VielfaltMenue-Kinder-768x512.jpg 768w, https:\/\/wordpress.nibis.de\/adhagen\/files\/2024\/05\/Bild-VielfaltMenue-Kinder-1536x1024.jpg 1536w, https:\/\/wordpress.nibis.de\/adhagen\/files\/2024\/05\/Bild-VielfaltMenue-Kinder-2048x1365.jpg 2048w\" sizes=\"auto, (max-width: 1024px) 100vw, 1024px\" \/><\/figure>\n\n\n\n<figure class=\"wp-block-image size-large is-resized\"><img loading=\"lazy\" decoding=\"async\" src=\"https:\/\/wordpress.nibis.de\/adhagen\/files\/2024\/05\/VielfaltMenue_Logo_RZ_4c-1-1024x372.png\" alt=\"\" class=\"wp-image-394\" width=\"209\" height=\"76\" srcset=\"https:\/\/wordpress.nibis.de\/adhagen\/files\/2024\/05\/VielfaltMenue_Logo_RZ_4c-1-1024x372.png 1024w, https:\/\/wordpress.nibis.de\/adhagen\/files\/2024\/05\/VielfaltMenue_Logo_RZ_4c-1-300x109.png 300w, https:\/\/wordpress.nibis.de\/adhagen\/files\/2024\/05\/VielfaltMenue_Logo_RZ_4c-1-768x279.png 768w, https:\/\/wordpress.nibis.de\/adhagen\/files\/2024\/05\/VielfaltMenue_Logo_RZ_4c-1-1536x558.png 1536w, https:\/\/wordpress.nibis.de\/adhagen\/files\/2024\/05\/VielfaltMenue_Logo_RZ_4c-1-2048x744.png 2048w\" sizes=\"auto, (max-width: 209px) 100vw, 209px\" \/><\/figure>\n\n\n\n<p><strong>So viel mehr als gutes Essen<\/strong><\/p>\n\n\n\n<p>Als erfahrener Caterer liegt uns die gesunde Ern\u00e4hrung von Kindern und Jugendlichen sehr am Herzen.<\/p>\n\n\n\n<p>Unsere regionale K\u00fcche in Hannover kocht auch f\u00fcr Sie t\u00e4glich frisch. Die N\u00e4he der K\u00fcche zu Ihrer Schule erm\u00f6glicht Flexibilit\u00e4t und kurze umweltschonende Lieferwege. Dabei beziehen wir unsere Zutaten, wann immer m\u00f6glich, von regionalen Lieferanten und wir orientieren uns bei der Speiseplangestaltung an den Kriterien der Deutschen Gesellschaft f\u00fcr Ern\u00e4hrung (DGE). Unser vielf\u00e4ltiges Angebot umfasst pro Tag zwei Gerichte zur Auswahl, von denen mindestens ein Gericht vegetarisch ist.<\/p>\n\n\n\n<p>Auf <a href=\"https:\/\/vielfaltmenue.com\/#\" target=\"_blank\" rel=\"noreferrer noopener\">www.vielfaltmenue.com<\/a> oder \u00fcber unser App k\u00f6nnen Sie gleich die Online-Registrierung zur Essenversorgung vornehmen. Die App finden Sie sowohl im <a href=\"https:\/\/apps.apple.com\/de\/app\/vielfaltmen%C3%BC\/id881909772\" target=\"_blank\" rel=\"noreferrer noopener\">iOS<\/a> als auch im <a href=\"https:\/\/play.google.com\/store\/apps\/details?id=de.sodexo.sohappy.v1&amp;hl=de&amp;gl=US\">Android<\/a> Appstore.<\/p>\n\n\n\n<p>Sie erhalten dort alle Details zu den Bestell- und Abrechnungsmodalit\u00e4ten sowie zu den aktuellen Preisen und Gesch\u00e4ftsbedingungen.<\/p>\n\n\n\n<p>Voraussetzung daf\u00fcr ist nur Ihre g\u00fcltige E-Mail-Adresse und der Registrierungscode: 310390392<\/p>\n\n\n\n<p>Haben Sie keine M\u00f6glichkeit zur Online-Registrierung, erhalten Sie auf Anfrage in unserem Servicecenter (Kontakt siehe unten) eine Anmeldung zur Essenversorgung zur manuellen Registrierung.<\/p>\n\n\n\n<p>VielfaltMen\u00fc ist nach DIN EN ISO 9001 zertifiziert. Unsere Qualit\u00e4t wird regelm\u00e4\u00dfig durch interne sowie externe Audits \u00fcberpr\u00fcft. Zudem setzen wir uns f\u00fcr einen wertsch\u00e4tzenden und ressourcenschonenden Umgang mit Lebensmitteln ein.<\/p>\n\n\n\n<p>Wir engagieren uns aktiv f\u00fcr die Ern\u00e4hrungsbildung von Kindern und Jugendlichen. Durch spannende Projekte rund um das Thema Ern\u00e4hrung und Umwelt, wie beispielsweise unseren Kochworkshop cook@school, geben wir unser Wissen an Kinder weiter. Wir m\u00f6chten sie f\u00fcr eine gesunde Ern\u00e4hrung sensibilisieren und ein Bewusstsein f\u00fcr die Umwelt schaffen.<\/p>\n\n\n\n<p>Weitere Informationen finden Sie unter: <a href=\"http:\/\/www.vielfaltmenue.com\/\">www.vielfaltmenue.com<\/a><\/p>\n\n\n\n<p><strong>Kontakt zur Onlineregistrierung:<\/strong><\/p>\n\n\n\n<p>VielfaltMen\u00fc GmbH \/ Servicecenter Wolfen \/ Sonnenallee 17 &#8211; 21 \/ 06766 Bitterfeld-Wolfen<\/p>\n\n\n\n<p>Telefon: +49 3494 6694 400<\/p>\n\n\n\n<p>E-Mail: &#115;&#x65;&#x72;v&#105;&#x63;e&#99;&#x65;&#x6e;&#116;&#x65;&#x72;&#64;&#118;&#x69;e&#108;&#x66;&#x61;&#108;&#x74;&#x6d;e&#110;&#x75;e&#46;&#x63;&#x6f;&#109;<\/p>\n\n\n\n<p>Gesch\u00e4ftszeiten: Montag bis Freitag von 6:00-15:00 Uhr<\/p>\n\n\n\n<figure class=\"wp-block-image size-large is-resized\"><img loading=\"lazy\" decoding=\"async\" src=\"https:\/\/wordpress.nibis.de\/adhagen\/files\/2024\/05\/VielfaltMenue_Logo_RZ_4c-1-1024x372.png\" alt=\"\" class=\"wp-image-394\" width=\"209\" height=\"76\" srcset=\"https:\/\/wordpress.nibis.de\/adhagen\/files\/2024\/05\/VielfaltMenue_Logo_RZ_4c-1-1024x372.png 1024w, https:\/\/wordpress.nibis.de\/adhagen\/files\/2024\/05\/VielfaltMenue_Logo_RZ_4c-1-300x109.png 300w, https:\/\/wordpress.nibis.de\/adhagen\/files\/2024\/05\/VielfaltMenue_Logo_RZ_4c-1-768x279.png 768w, https:\/\/wordpress.nibis.de\/adhagen\/files\/2024\/05\/VielfaltMenue_Logo_RZ_4c-1-1536x558.png 1536w, https:\/\/wordpress.nibis.de\/adhagen\/files\/2024\/05\/VielfaltMenue_Logo_RZ_4c-1-2048x744.png 2048w\" sizes=\"auto, (max-width: 209px) 100vw, 209px\" \/><\/figure>\n\n\n\n<p><\/p>\n\n\n\n<div data-wp-interactive=\"core\/file\" class=\"wp-block-file\"><object data-wp-bind--hidden=\"!state.hasPdfPreview\" hidden class=\"wp-block-file__embed\" data=\"https:\/\/wordpress.nibis.de\/adhagen\/files\/2024\/05\/ukrainisch-1.pdf\" type=\"application\/pdf\" style=\"width:100%;height:600px\" aria-label=\"Einbettung von Einbettung von ukrainisch-1..\"><\/object><a id=\"wp-block-file--media-fe886d67-8d6d-464f-82a5-61bfb5338521\" href=\"https:\/\/wordpress.nibis.de\/adhagen\/files\/2024\/05\/ukrainisch-1.pdf\">ukrainisch-1<\/a><a href=\"https:\/\/wordpress.nibis.de\/adhagen\/files\/2024\/05\/ukrainisch-1.pdf\" class=\"wp-block-file__button\" download aria-describedby=\"wp-block-file--media-fe886d67-8d6d-464f-82a5-61bfb5338521\">\u0437\u0430\u0432\u0430\u043d\u0442\u0430\u0436\u0438\u0442\u0438<\/a><\/div>\n\n\n\n<div data-wp-interactive=\"core\/file\" class=\"wp-block-file\"><object data-wp-bind--hidden=\"!state.hasPdfPreview\" hidden class=\"wp-block-file__embed\" data=\"https:\/\/wordpress.nibis.de\/adhagen\/files\/2024\/05\/englisch.pdf\" type=\"application\/pdf\" style=\"width:100%;height:600px\" aria-label=\"Einbettung von Einbettung von englisch..\"><\/object><a id=\"wp-block-file--media-46f5f2e7-514a-4b21-81fe-1af8222a412c\" href=\"https:\/\/wordpress.nibis.de\/adhagen\/files\/2024\/05\/englisch.pdf\">englisch<\/a><a href=\"https:\/\/wordpress.nibis.de\/adhagen\/files\/2024\/05\/englisch.pdf\" class=\"wp-block-file__button\" download aria-describedby=\"wp-block-file--media-46f5f2e7-514a-4b21-81fe-1af8222a412c\">download<\/a><\/div>\n\n\n\n<div data-wp-interactive=\"core\/file\" class=\"wp-block-file\"><object data-wp-bind--hidden=\"!state.hasPdfPreview\" hidden class=\"wp-block-file__embed\" data=\"https:\/\/wordpress.nibis.de\/adhagen\/files\/2024\/05\/tuerkisch.pdf\" type=\"application\/pdf\" style=\"width:100%;height:600px\" aria-label=\"Einbettung von Einbettung von tuerkisch..\"><\/object><a id=\"wp-block-file--media-9ccb8493-5f6e-460a-807d-09b57362b6c3\" href=\"https:\/\/wordpress.nibis.de\/adhagen\/files\/2024\/05\/tuerkisch.pdf\">tuerkisch<\/a><a href=\"https:\/\/wordpress.nibis.de\/adhagen\/files\/2024\/05\/tuerkisch.pdf\" class=\"wp-block-file__button\" download aria-describedby=\"wp-block-file--media-9ccb8493-5f6e-460a-807d-09b57362b6c3\">indirmek<\/a><\/div>\n\n\n\n<div data-wp-interactive=\"core\/file\" class=\"wp-block-file\"><object data-wp-bind--hidden=\"!state.hasPdfPreview\" hidden class=\"wp-block-file__embed\" data=\"https:\/\/wordpress.nibis.de\/adhagen\/files\/2024\/05\/arabisch.pdf\" type=\"application\/pdf\" style=\"width:100%;height:600px\" aria-label=\"Einbettung von Einbettung von arabisch..\"><\/object><a id=\"wp-block-file--media-9ae2ebe2-8ae0-4e6b-b6aa-c8290e89f46a\" href=\"https:\/\/wordpress.nibis.de\/adhagen\/files\/2024\/05\/arabisch.pdf\">arabisch<\/a><a href=\"https:\/\/wordpress.nibis.de\/adhagen\/files\/2024\/05\/arabisch.pdf\" class=\"wp-block-file__button\" download aria-describedby=\"wp-block-file--media-9ae2ebe2-8ae0-4e6b-b6aa-c8290e89f46a\">\u062a\u062d\u0645\u064a\u0644<\/a><\/div>\n\n\n\n<div data-wp-interactive=\"core\/file\" class=\"wp-block-file\"><object data-wp-bind--hidden=\"!state.hasPdfPreview\" hidden class=\"wp-block-file__embed\" data=\"https:\/\/wordpress.nibis.de\/adhagen\/files\/2024\/05\/russisch.pdf\" type=\"application\/pdf\" style=\"width:100%;height:600px\" aria-label=\"Einbettung von Einbettung von russisch..\"><\/object><a id=\"wp-block-file--media-1bdd096f-eaea-4256-b826-57bde6ec2ee1\" href=\"https:\/\/wordpress.nibis.de\/adhagen\/files\/2024\/05\/russisch.pdf\">russisch<\/a><a href=\"https:\/\/wordpress.nibis.de\/adhagen\/files\/2024\/05\/russisch.pdf\" class=\"wp-block-file__button\" download aria-describedby=\"wp-block-file--media-1bdd096f-eaea-4256-b826-57bde6ec2ee1\">\u0441\u043a\u0430\u0447\u0430\u0442\u044c<\/a><\/div>\n\n\n\n<p><\/p>\n","protected":false},"excerpt":{"rendered":"<p>| \u0423\u043d\u0438\u0437\u0443 \u0443\u043a\u0440\u0430\u0457\u043d\u0441\u044c\u043a\u0430 | english below | \u0627\u0644\u0639\u0631\u0628\u064a\u0629 \u0623\u062f\u0646\u0627\u0647 | T\u00fcrk\u00e7e a\u015fa\u011f\u0131da | \u0420\u0443\u0441\u0441\u043a\u0438\u0439 \u0432\u043d\u0438\u0437\u0443 | VielfaltMen\u00fc stellt sich vor So viel mehr als gutes Essen Als erfahrener Caterer liegt uns die gesunde Ern\u00e4hrung von Kindern und Jugendlichen sehr am &hellip; <a href=\"https:\/\/wordpress.nibis.de\/adhagen\/mittagessen\/\">Weiterlesen <span class=\"meta-nav\">&rarr;<\/span><\/a><\/p>\n","protected":false},"author":9194182,"featured_media":0,"parent":0,"menu_order":0,"comment_status":"closed","ping_status":"closed","template":"","meta":{"footnotes":""},"class_list":["post-389","page","type-page","status-publish","hentry"],"_links":{"self":[{"href":"https:\/\/wordpress.nibis.de\/adhagen\/wp-json\/wp\/v2\/pages\/389","targetHints":{"allow":["GET"]}}],"collection":[{"href":"https:\/\/wordpress.nibis.de\/adhagen\/wp-json\/wp\/v2\/pages"}],"about":[{"href":"https:\/\/wordpress.nibis.de\/adhagen\/wp-json\/wp\/v2\/types\/page"}],"author":[{"embeddable":true,"href":"https:\/\/wordpress.nibis.de\/adhagen\/wp-json\/wp\/v2\/users\/9194182"}],"replies":[{"embeddable":true,"href":"https:\/\/wordpress.nibis.de\/adhagen\/wp-json\/wp\/v2\/comments?post=389"}],"version-history":[{"count":8,"href":"https:\/\/wordpress.nibis.de\/adhagen\/wp-json\/wp\/v2\/pages\/389\/revisions"}],"predecessor-version":[{"id":407,"href":"https:\/\/wordpress.nibis.de\/adhagen\/wp-json\/wp\/v2\/pages\/389\/revisions\/407"}],"wp:attachment":[{"href":"https:\/\/wordpress.nibis.de\/adhagen\/wp-json\/wp\/v2\/media?parent=389"}],"curies":[{"name":"wp","href":"https:\/\/api.w.org\/{rel}","templated":true}]}}