{"id":467,"date":"2024-11-18T22:41:04","date_gmt":"2024-11-18T21:41:04","guid":{"rendered":"https:\/\/wordpress.nibis.de\/adhagen\/?page_id=467"},"modified":"2024-11-18T22:41:04","modified_gmt":"2024-11-18T21:41:04","slug":"mitglied-werden","status":"publish","type":"page","link":"https:\/\/wordpress.nibis.de\/adhagen\/mitglied-werden\/","title":{"rendered":"Mitglied werden"},"content":{"rendered":"\n<p>Wir freuen uns, dass Sie sich f\u00fcr die Mitgestaltung unseres Schullebens im F\u00f6rderverein GS Auf dem Hagen interessieren!<\/p>\n\n\n\n<p>Hier finden Sie die das n\u00f6tige Formular (Beitrittserkl\u00e4rung):<\/p>\n\n\n\n<div data-wp-interactive=\"core\/file\" class=\"wp-block-file\"><object data-wp-bind--hidden=\"!state.hasPdfPreview\" hidden class=\"wp-block-file__embed\" data=\"https:\/\/wordpress.nibis.de\/adhagen\/files\/2024\/11\/FV_GS_AdH_Beitrittserklaerung.pdf\" type=\"application\/pdf\" style=\"width:100%;height:600px\" aria-label=\"Einbettung von Einbettung von FV_GS_AdH_Beitrittserklaerung..\"><\/object><a id=\"wp-block-file--media-c58f72e8-be3f-47cf-9868-e769e47f6e39\" href=\"https:\/\/wordpress.nibis.de\/adhagen\/files\/2024\/11\/FV_GS_AdH_Beitrittserklaerung.pdf\">FV_GS_AdH_Beitrittserklaerung<\/a><a href=\"https:\/\/wordpress.nibis.de\/adhagen\/files\/2024\/11\/FV_GS_AdH_Beitrittserklaerung.pdf\" class=\"wp-block-file__button\" download aria-describedby=\"wp-block-file--media-c58f72e8-be3f-47cf-9868-e769e47f6e39\">Herunterladen<\/a><\/div>\n\n\n\n<figure class=\"wp-block-image size-large\"><img loading=\"lazy\" decoding=\"async\" width=\"1024\" height=\"697\" src=\"https:\/\/wordpress.nibis.de\/adhagen\/files\/2024\/11\/IMG_0356-1024x697.jpeg\" alt=\"\" class=\"wp-image-470\" srcset=\"https:\/\/wordpress.nibis.de\/adhagen\/files\/2024\/11\/IMG_0356-1024x697.jpeg 1024w, https:\/\/wordpress.nibis.de\/adhagen\/files\/2024\/11\/IMG_0356-300x204.jpeg 300w, https:\/\/wordpress.nibis.de\/adhagen\/files\/2024\/11\/IMG_0356-768x523.jpeg 768w, https:\/\/wordpress.nibis.de\/adhagen\/files\/2024\/11\/IMG_0356-1536x1046.jpeg 1536w, https:\/\/wordpress.nibis.de\/adhagen\/files\/2024\/11\/IMG_0356.jpeg 1984w\" sizes=\"auto, (max-width: 1024px) 100vw, 1024px\" \/><\/figure>\n\n\n\n<p> Wir freuen uns ebenfalls und sind dankbar, wenn noch mehr Werbung f\u00fcr den Verein gemacht wird und die Informationen dar\u00fcber verbreitet werden!<\/p>\n\n\n\n<p>Jede\/r kann Mitglied sein &#8211; und unsere Sch\u00fclerschaft dadurch f\u00f6rdern!<\/p>\n","protected":false},"excerpt":{"rendered":"<p>Wir freuen uns, dass Sie sich f\u00fcr die Mitgestaltung unseres Schullebens im F\u00f6rderverein GS Auf dem Hagen interessieren! Hier finden Sie die das n\u00f6tige Formular (Beitrittserkl\u00e4rung): Wir freuen uns ebenfalls und sind dankbar, wenn noch mehr Werbung f\u00fcr den Verein &hellip; <a href=\"https:\/\/wordpress.nibis.de\/adhagen\/mitglied-werden\/\">Weiterlesen <span class=\"meta-nav\">&rarr;<\/span><\/a><\/p>\n","protected":false},"author":9194182,"featured_media":0,"parent":0,"menu_order":0,"comment_status":"closed","ping_status":"closed","template":"","meta":{"footnotes":""},"class_list":["post-467","page","type-page","status-publish","hentry"],"_links":{"self":[{"href":"https:\/\/wordpress.nibis.de\/adhagen\/wp-json\/wp\/v2\/pages\/467","targetHints":{"allow":["GET"]}}],"collection":[{"href":"https:\/\/wordpress.nibis.de\/adhagen\/wp-json\/wp\/v2\/pages"}],"about":[{"href":"https:\/\/wordpress.nibis.de\/adhagen\/wp-json\/wp\/v2\/types\/page"}],"author":[{"embeddable":true,"href":"https:\/\/wordpress.nibis.de\/adhagen\/wp-json\/wp\/v2\/users\/9194182"}],"replies":[{"embeddable":true,"href":"https:\/\/wordpress.nibis.de\/adhagen\/wp-json\/wp\/v2\/comments?post=467"}],"version-history":[{"count":2,"href":"https:\/\/wordpress.nibis.de\/adhagen\/wp-json\/wp\/v2\/pages\/467\/revisions"}],"predecessor-version":[{"id":472,"href":"https:\/\/wordpress.nibis.de\/adhagen\/wp-json\/wp\/v2\/pages\/467\/revisions\/472"}],"wp:attachment":[{"href":"https:\/\/wordpress.nibis.de\/adhagen\/wp-json\/wp\/v2\/media?parent=467"}],"curies":[{"name":"wp","href":"https:\/\/api.w.org\/{rel}","templated":true}]}}