{"id":536,"date":"2025-01-05T23:18:37","date_gmt":"2025-01-05T22:18:37","guid":{"rendered":"https:\/\/wordpress.nibis.de\/adhagen\/?page_id=536"},"modified":"2026-04-12T17:11:02","modified_gmt":"2026-04-12T15:11:02","slug":"termine-und-ferien","status":"publish","type":"page","link":"https:\/\/wordpress.nibis.de\/adhagen\/termine-und-ferien\/","title":{"rendered":"Termine und Ferien"},"content":{"rendered":"\n<p><strong>Aktuelles Schuljahr 2025\/26<\/strong><\/p>\n\n\n\n<p><strong>Ferien und unterrichtsfreie Zeiten:<\/strong><\/p>\n\n\n\n<p><s>Herbstferien: 12.10.2026 &#8211; 23.10.202<\/s>6<\/p>\n\n\n\n<p><s>Weihnachtsferien: 22.12.2025 &#8211; 05.01.202<\/s>6<\/p>\n\n\n\n<p><s>Zeugnistag 1. Halbjahr: 30.01.2025 &#8211; Unterrichtsschluss um 10.45 Uhr<\/s><\/p>\n\n\n\n<p><s>Zeugnisferien: 31.01.2026 &#8211; 03.02.202<\/s>6<\/p>\n\n\n\n<p><s>Osterferien: 23.03.2026 &#8211; 07.04.2026<\/s><\/p>\n\n\n\n<p><s>Schulinterne Lehrerfortbildung: 08.04.2026 &#8211; kein Unterricht<\/s><\/p>\n\n\n\n<p>Tag der Arbeit: 01.05.2026<\/p>\n\n\n\n<p>Himmelfahrtferien: 14.05.2026 &#8211; 15.05.2026<\/p>\n\n\n\n<p>Pfingstferien: 25.05.2026 &#8211; 26.05.2026<\/p>\n\n\n\n<p>Zeugnistag Halbjahr 2.: 01.07.2026 &#8211; Unterrichtsschluss um 10.45 Uhr<\/p>\n\n\n\n<p>Sommerferien: 02.07.2026 &#8211; 12.08.2026<\/p>\n\n\n\n<p>Erster Schultag f\u00fcr Klassen 2, 3 und 4: 13.08.2026<\/p>\n\n\n\n<p>Einschulungstag: 15.08.2026<\/p>\n\n\n\n<p><strong>Weitere Termine:<\/strong><\/p>\n\n\n\n<p>Rosenmontag: 15.02.2026<\/p>\n\n\n\n<p><span style=\"font-family: -webkit-standard;font-size: medium;white-space: normal\">Elternsprechtage 1. Halbjahr: 03.-07.11.202<\/span>5<\/p>\n\n\n\n<p>Elternsprechtage 2. Halbjahr: 16.-20.03.2026<\/p>\n\n\n\n<p>Schnuppertage f\u00fcr Lernanf\u00e4nger: 20.-22.04.2026<\/p>\n\n\n\n<p>Trampolinwoche: 00.03.2026 &#8211; 00.03.2026<\/p>\n\n\n\n<p>Projektwoche: 22.06.2026 &#8211; 26.06.2026 (\u00f6ffentliche Ausstellung am letzten Tag)<\/p>\n\n\n\n<p><\/p>\n\n\n\n<p><em>\u00dcber alle Termine werden die Erziehungsberechtigten in den einzelnen Klassen durch die zust\u00e4ndigen Lehrkr\u00e4fte, die Schulleitung oder das Sekretariat \u00fcber die Edoop-App oder Elternbriefe rechtzeitig informiert.<\/em><\/p>\n","protected":false},"excerpt":{"rendered":"<p>Aktuelles Schuljahr 2025\/26 Ferien und unterrichtsfreie Zeiten: Herbstferien: 12.10.2026 &#8211; 23.10.2026 Weihnachtsferien: 22.12.2025 &#8211; 05.01.2026 Zeugnistag 1. Halbjahr: 30.01.2025 &#8211; Unterrichtsschluss um 10.45 Uhr Zeugnisferien: 31.01.2026 &#8211; 03.02.2026 Osterferien: 23.03.2026 &#8211; 07.04.2026 Schulinterne Lehrerfortbildung: 08.04.2026 &#8211; kein Unterricht Tag der &hellip; <a href=\"https:\/\/wordpress.nibis.de\/adhagen\/termine-und-ferien\/\">Weiterlesen <span class=\"meta-nav\">&rarr;<\/span><\/a><\/p>\n","protected":false},"author":9194182,"featured_media":0,"parent":0,"menu_order":0,"comment_status":"closed","ping_status":"closed","template":"","meta":{"footnotes":""},"class_list":["post-536","page","type-page","status-publish","hentry"],"_links":{"self":[{"href":"https:\/\/wordpress.nibis.de\/adhagen\/wp-json\/wp\/v2\/pages\/536","targetHints":{"allow":["GET"]}}],"collection":[{"href":"https:\/\/wordpress.nibis.de\/adhagen\/wp-json\/wp\/v2\/pages"}],"about":[{"href":"https:\/\/wordpress.nibis.de\/adhagen\/wp-json\/wp\/v2\/types\/page"}],"author":[{"embeddable":true,"href":"https:\/\/wordpress.nibis.de\/adhagen\/wp-json\/wp\/v2\/users\/9194182"}],"replies":[{"embeddable":true,"href":"https:\/\/wordpress.nibis.de\/adhagen\/wp-json\/wp\/v2\/comments?post=536"}],"version-history":[{"count":11,"href":"https:\/\/wordpress.nibis.de\/adhagen\/wp-json\/wp\/v2\/pages\/536\/revisions"}],"predecessor-version":[{"id":857,"href":"https:\/\/wordpress.nibis.de\/adhagen\/wp-json\/wp\/v2\/pages\/536\/revisions\/857"}],"wp:attachment":[{"href":"https:\/\/wordpress.nibis.de\/adhagen\/wp-json\/wp\/v2\/media?parent=536"}],"curies":[{"name":"wp","href":"https:\/\/api.w.org\/{rel}","templated":true}]}}