{"id":2270,"date":"2025-12-11T11:55:01","date_gmt":"2025-12-11T10:55:01","guid":{"rendered":"https:\/\/wordpress.nibis.de\/afsos\/?page_id=2270"},"modified":"2026-02-02T09:46:19","modified_gmt":"2026-02-02T08:46:19","slug":"freie-stellen-an-der-afs","status":"publish","type":"page","link":"https:\/\/wordpress.nibis.de\/afsos\/freie-stellen-an-der-afs\/","title":{"rendered":"Freie Stellen an der AFS"},"content":{"rendered":"\n<p class=\"has-medium-font-size\"><strong>P\u00e4dagogische und Therapeutische Fachkr\u00e4fte (PTF) an der AFS<\/strong><\/p>\n\n\n\n<p>Aktuell sind leider keine Stellen ausgeschrieben. <\/p>\n\n\n\n<p>Hier ist das Stellenportal f\u00fcr die PTF-Stellen <a href=\"https:\/\/www.eis-online-nilep.niedersachsen.de\/\">EiS-Online NileP<\/a>.<\/p>\n\n\n\n<p><\/p>\n\n\n\n<p><\/p>\n\n\n\n<p><\/p>\n\n\n\n<p class=\"has-medium-font-size\"><strong>Lehrkr\u00e4fte (LK) an der AFS<\/strong><\/p>\n\n\n\n<p>Aktuell sind <strong><em>drei befristete Stellen<\/em><\/strong> ausgeschrieben. <\/p>\n\n\n\n<p>Hier ist das Stellenportal f\u00fcr die LK-Stellen <a href=\"https:\/\/www.eis-online.niedersachsen.de\/\">EiS-Online<\/a>.<\/p>\n\n\n\n<p><\/p>\n\n\n\n<p><\/p>\n\n\n\n<p><\/p>\n\n\n\n<p class=\"has-medium-font-size\"><strong>Freiwilliges Soziales Jahr (FSJ) an der AFS<\/strong><\/p>\n\n\n\n<p>Bewerbungen f\u00fcr das n\u00e4chste Schuljahr 26\/27 werden ab sofort wieder entgegen genommen. <\/p>\n\n\n\n<p>Weitere Informationen finden Sie <a href=\"https:\/\/informiert.osnabrueck.de\/de\/stellenangebote-und-karriere\/dein-weg-zu- uns\/freiwilligendienste\">hier<\/a>.<br><\/p>\n\n\n\n<p>Ansprechperson an der AFS: Annette Menke <a href=\"&#x61;&#x6e;&#x6e;&#x65;&#x74;&#x74;&#x65;&#x2e;&#x6d;&#x65;&#x6e;&#107;&#101;&#64;&#97;&#102;&#115;&#111;s&#46;de\" data-type=\"link\" data-id=\"&#97;&#x6e;&#110;&#x65;&#116;&#x74;&#101;&#x2e;m&#x65;n&#x6b;e&#x40;a&#102;&#x73;&#111;&#x73;&#46;&#x64;&#101;\">annette.menke(at)afsos.de<\/a><\/p>\n\n\n\n<p><\/p>\n","protected":false},"excerpt":{"rendered":"<p>P\u00e4dagogische und Therapeutische Fachkr\u00e4fte (PTF) an der AFS Aktuell sind leider keine Stellen ausgeschrieben. Hier ist das Stellenportal f\u00fcr die PTF-Stellen EiS-Online NileP. Lehrkr\u00e4fte (LK) an der AFS Aktuell sind drei befristete Stellen ausgeschrieben. Hier ist das Stellenportal f\u00fcr die LK-Stellen EiS-Online. Freiwilliges Soziales Jahr (FSJ) an der AFS Bewerbungen f\u00fcr das n\u00e4chste Schuljahr 26\/27 werden ab sofort wieder entgegen genommen. Weitere Informationen finden Sie hier. Ansprechperson an der AFS: Annette Menke annette.menke(at)afsos.de<\/p>\n","protected":false},"author":9194233,"featured_media":0,"parent":0,"menu_order":0,"comment_status":"closed","ping_status":"closed","template":"","meta":{"footnotes":""},"class_list":["post-2270","page","type-page","status-publish","hentry"],"_links":{"self":[{"href":"https:\/\/wordpress.nibis.de\/afsos\/wp-json\/wp\/v2\/pages\/2270","targetHints":{"allow":["GET"]}}],"collection":[{"href":"https:\/\/wordpress.nibis.de\/afsos\/wp-json\/wp\/v2\/pages"}],"about":[{"href":"https:\/\/wordpress.nibis.de\/afsos\/wp-json\/wp\/v2\/types\/page"}],"author":[{"embeddable":true,"href":"https:\/\/wordpress.nibis.de\/afsos\/wp-json\/wp\/v2\/users\/9194233"}],"replies":[{"embeddable":true,"href":"https:\/\/wordpress.nibis.de\/afsos\/wp-json\/wp\/v2\/comments?post=2270"}],"version-history":[{"count":10,"href":"https:\/\/wordpress.nibis.de\/afsos\/wp-json\/wp\/v2\/pages\/2270\/revisions"}],"predecessor-version":[{"id":2638,"href":"https:\/\/wordpress.nibis.de\/afsos\/wp-json\/wp\/v2\/pages\/2270\/revisions\/2638"}],"wp:attachment":[{"href":"https:\/\/wordpress.nibis.de\/afsos\/wp-json\/wp\/v2\/media?parent=2270"}],"curies":[{"name":"wp","href":"https:\/\/api.w.org\/{rel}","templated":true}]}}