{"id":2759,"date":"2026-03-03T11:26:03","date_gmt":"2026-03-03T10:26:03","guid":{"rendered":"https:\/\/wordpress.nibis.de\/afsos\/?page_id=2759"},"modified":"2026-03-03T16:38:21","modified_gmt":"2026-03-03T15:38:21","slug":"anmeldung","status":"publish","type":"page","link":"https:\/\/wordpress.nibis.de\/afsos\/anmeldung\/","title":{"rendered":"Anmeldung"},"content":{"rendered":"\n<p class=\"has-medium-font-size\"><strong>Anmeldungen an unserer Schule<\/strong><\/p>\n\n\n\n<p>Sie m\u00f6chten Ihr Kind gerne bei uns an der Anne-Frank-Schule anmelden oder wollen sich diesbez\u00fcglich informieren?<\/p>\n\n\n\n<p>Zu unterscheiden sind hier Anmeldungen f\u00fcr die zuk\u00fcnftige 1. Klasse und Anmeldungen von Kindern, die bereits eine Schule besuchen.<\/p>\n\n\n\n<p>Eine Anmeldung ihres Kindes zur zuk\u00fcnftigen 1. Klasse erfolgt immer erst bei der zust\u00e4ndigen Grundschule (vgl. sie hierzu u.a. die <a href=\"https:\/\/geo.osnabrueck.de\/schuleinzug\/\">Schuleinzugsgebiete der Stadt Osnabr\u00fcck<\/a>). Der Anmeldezeitraum ist in der Regel im Mai des Vorjahres.<\/p>\n\n\n\n<p>Die Grundschule leitet dann ggf. ein Verfahren zur \u00dcberpr\u00fcfung eines sonderp\u00e4dagogischen Unterst\u00fctzungsbedarfs ein. Als Ergebnis dieser \u00dcberpr\u00fcfung kann die Feststellung eines sonderp\u00e4dagogischen Unterst\u00fctzungsbedarfs im Bereich K\u00f6rperliche und Motorische Entwicklung erfolgen, die eine Anmeldung an unserer Schule erm\u00f6glicht.<\/p>\n\n\n\n<p>Gespr\u00e4che bzgl. An- bzw. Ummeldungen f\u00fcr Sch\u00fcler:innen, die bereits eine Schule besuchen, k\u00f6nnen nach Absprache mit der derzeitigen Schule jederzeit erfolgen.<\/p>\n\n\n\n<p>Wir als Schule haben keine festen Anmeldetermine. Kontaktieren Sie uns gerne per Mail unter <a href=\"mailto:s&#99;&#104;&#117;&#108;&#108;&#101;&#105;&#116;&#117;&#110;&#x67;&#x40;&#x61;&#x66;&#x73;&#x6f;&#x73;&#x2e;&#x64;&#x65;\">&#115;&#x63;h&#117;&#x6c;l&#101;&#x69;t&#x75;&#x6e;&#103;&#x40;a&#102;&#x73;o&#115;&#x2e;d&#x65;<\/a> oder telefonisch unter 0541\/323-89000 um einen Termin zur Schulanmeldung abzusprechen.<\/p>\n\n\n\n<p>Zu diesem Anmeldetermin bringen Sie bitte ihr Kind und folgende Unterlagen mit:<\/p>\n\n\n\n<ul class=\"wp-block-list\">\n<li>Masernnachweis \/ Impfausweis<\/li>\n\n\n\n<li>Geburtsurkunde oder Familienstammbuch<\/li>\n\n\n\n<li>Feststellungsbescheid (falls bereits vorliegend)<\/li>\n\n\n\n<li>ggf. eine Vollmacht, die den anmeldenden Sorgeberechtigten bevollm\u00e4chtigt in allen schulischen Angelegenheiten zu entscheiden<\/li>\n<\/ul>\n\n\n\n<p>Kontaktieren Sie uns dennoch gerne auch im Vorfeld.<\/p>\n\n\n\n<p>Wir beraten Sie gerne diesbez\u00fcglich oder auch hinsichtlich eines \u00dcberpr\u00fcfungsverfahrens.<\/p>\n\n\n\n<p>Dar\u00fcber hinaus bieten wir Termine zur Schulbesichtigung an. Diese finden Sie <a href=\"https:\/\/wordpress.nibis.de\/afsos\/schulbesichtigungen-fuer-interessierte\/\" data-type=\"link\" data-id=\"https:\/\/wordpress.nibis.de\/afsos\/schulbesichtigungen-fuer-interessierte\/\">hier<\/a>. <\/p>\n","protected":false},"excerpt":{"rendered":"<p>Anmeldungen an unserer Schule Sie m\u00f6chten Ihr Kind gerne bei uns an der Anne-Frank-Schule anmelden oder wollen sich diesbez\u00fcglich informieren? Zu unterscheiden sind hier Anmeldungen f\u00fcr die zuk\u00fcnftige 1. Klasse und Anmeldungen von Kindern, die bereits eine Schule besuchen. Eine Anmeldung ihres Kindes zur zuk\u00fcnftigen 1. Klasse erfolgt immer erst bei der zust\u00e4ndigen Grundschule (vgl. sie hierzu u.a. die Schuleinzugsgebiete der Stadt Osnabr\u00fcck). Der Anmeldezeitraum ist in der Regel im Mai des Vorjahres. Die Grundschule leitet dann ggf. ein Verfahren&#8230;<\/p>\n<p class=\"read-more\"><a class=\"btn btn-default\" href=\"https:\/\/wordpress.nibis.de\/afsos\/anmeldung\/\">Weiterlesen<span class=\"screen-reader-text\"> Weiterlesen<\/span><\/a><\/p>\n","protected":false},"author":9194324,"featured_media":0,"parent":0,"menu_order":0,"comment_status":"closed","ping_status":"closed","template":"","meta":{"footnotes":""},"class_list":["post-2759","page","type-page","status-publish","hentry"],"_links":{"self":[{"href":"https:\/\/wordpress.nibis.de\/afsos\/wp-json\/wp\/v2\/pages\/2759","targetHints":{"allow":["GET"]}}],"collection":[{"href":"https:\/\/wordpress.nibis.de\/afsos\/wp-json\/wp\/v2\/pages"}],"about":[{"href":"https:\/\/wordpress.nibis.de\/afsos\/wp-json\/wp\/v2\/types\/page"}],"author":[{"embeddable":true,"href":"https:\/\/wordpress.nibis.de\/afsos\/wp-json\/wp\/v2\/users\/9194324"}],"replies":[{"embeddable":true,"href":"https:\/\/wordpress.nibis.de\/afsos\/wp-json\/wp\/v2\/comments?post=2759"}],"version-history":[{"count":2,"href":"https:\/\/wordpress.nibis.de\/afsos\/wp-json\/wp\/v2\/pages\/2759\/revisions"}],"predecessor-version":[{"id":2777,"href":"https:\/\/wordpress.nibis.de\/afsos\/wp-json\/wp\/v2\/pages\/2759\/revisions\/2777"}],"wp:attachment":[{"href":"https:\/\/wordpress.nibis.de\/afsos\/wp-json\/wp\/v2\/media?parent=2759"}],"curies":[{"name":"wp","href":"https:\/\/api.w.org\/{rel}","templated":true}]}}