{"id":365,"date":"2023-08-15T21:00:01","date_gmt":"2023-08-15T19:00:01","guid":{"rendered":"https:\/\/wordpress.nibis.de\/afsos\/?page_id=365"},"modified":"2025-08-22T08:36:34","modified_gmt":"2025-08-22T06:36:34","slug":"kollegium-2","status":"publish","type":"page","link":"https:\/\/wordpress.nibis.de\/afsos\/kollegium-2\/","title":{"rendered":"Kollegium"},"content":{"rendered":"\n<div class=\"wp-block-media-text alignwide has-media-on-the-right is-stacked-on-mobile\" style=\"grid-template-columns:auto 60%\"><figure class=\"wp-block-media-text__media\"><img loading=\"lazy\" decoding=\"async\" width=\"2048\" height=\"1365\" src=\"https:\/\/wordpress.nibis.de\/afsos\/files\/2025\/08\/Kollegium_2.jpg\" alt=\"\" class=\"wp-image-2094 size-full\" srcset=\"https:\/\/wordpress.nibis.de\/afsos\/files\/2025\/08\/Kollegium_2.jpg 2048w, https:\/\/wordpress.nibis.de\/afsos\/files\/2025\/08\/Kollegium_2-150x100.jpg 150w, https:\/\/wordpress.nibis.de\/afsos\/files\/2025\/08\/Kollegium_2-768x512.jpg 768w, https:\/\/wordpress.nibis.de\/afsos\/files\/2025\/08\/Kollegium_2-1536x1024.jpg 1536w\" sizes=\"auto, (max-width: 2048px) 100vw, 2048px\" \/><\/figure><div class=\"wp-block-media-text__content\">\n<figure class=\"wp-block-table\"><table><tbody><tr><td>(F\u00f6rderschul-) Lehrkr\u00e4fte<\/td><td>58<\/td><\/tr><tr><td>ErzieherInnen<\/td><td>24<\/td><\/tr><tr><td>Ergotherapeutinnen<\/td><td>7<\/td><\/tr><tr><td>Physiotherapeutinnen<\/td><td>5<\/td><\/tr><tr><td>Logop\u00e4dinnen<\/td><td>3<\/td><\/tr><tr><td>Anw\u00e4rter<\/td><td>2<\/td><\/tr><tr><td>FSJler<\/td><td>1<\/td><\/tr><tr><td><strong>GESAMT<\/strong><\/td><td>100<\/td><\/tr><\/tbody><\/table><\/figure>\n<\/div><\/div>\n","protected":false},"excerpt":{"rendered":"<p>(F\u00f6rderschul-) Lehrkr\u00e4fte 58 ErzieherInnen 24 Ergotherapeutinnen 7 Physiotherapeutinnen 5 Logop\u00e4dinnen 3 Anw\u00e4rter 2 FSJler 1 GESAMT 100<\/p>\n","protected":false},"author":9194233,"featured_media":0,"parent":0,"menu_order":0,"comment_status":"closed","ping_status":"closed","template":"","meta":{"footnotes":""},"class_list":["post-365","page","type-page","status-publish","hentry"],"_links":{"self":[{"href":"https:\/\/wordpress.nibis.de\/afsos\/wp-json\/wp\/v2\/pages\/365","targetHints":{"allow":["GET"]}}],"collection":[{"href":"https:\/\/wordpress.nibis.de\/afsos\/wp-json\/wp\/v2\/pages"}],"about":[{"href":"https:\/\/wordpress.nibis.de\/afsos\/wp-json\/wp\/v2\/types\/page"}],"author":[{"embeddable":true,"href":"https:\/\/wordpress.nibis.de\/afsos\/wp-json\/wp\/v2\/users\/9194233"}],"replies":[{"embeddable":true,"href":"https:\/\/wordpress.nibis.de\/afsos\/wp-json\/wp\/v2\/comments?post=365"}],"version-history":[{"count":9,"href":"https:\/\/wordpress.nibis.de\/afsos\/wp-json\/wp\/v2\/pages\/365\/revisions"}],"predecessor-version":[{"id":2104,"href":"https:\/\/wordpress.nibis.de\/afsos\/wp-json\/wp\/v2\/pages\/365\/revisions\/2104"}],"wp:attachment":[{"href":"https:\/\/wordpress.nibis.de\/afsos\/wp-json\/wp\/v2\/media?parent=365"}],"curies":[{"name":"wp","href":"https:\/\/api.w.org\/{rel}","templated":true}]}}