{"id":368,"date":"2023-08-15T13:45:12","date_gmt":"2023-08-15T11:45:12","guid":{"rendered":"https:\/\/wordpress.nibis.de\/afsos\/?page_id=368"},"modified":"2023-08-15T13:45:12","modified_gmt":"2023-08-15T11:45:12","slug":"organisation","status":"publish","type":"page","link":"https:\/\/wordpress.nibis.de\/afsos\/organisation\/","title":{"rendered":"Organisation"},"content":{"rendered":"\n<p>Die Anne-Frank-Schule ist als Ganztagsschule eingerichtet. Das hei\u00dft, bis auf den Freitag wird an allen Tagen auch nachmittags unterrichtet. Am Donnerstag Nachmittag k\u00f6nnen die die Sch\u00fcler an einem wahlfreien AG-Angebot teilnehmen oder auch nach Hause fahren (sofern der Transport schulintern oder ggf. privat geregelt werden kann).Der Unterricht findet an diesen Tagen in der Zeit von 8:00 Uhr bis 15:10 Uhr statt. Freitags endet der Unterricht um 11.35 Uhr. Samstags ist unterrichtsfrei.<\/p>\n\n\n\n<p>An den langen Tagen k\u00f6nnen die Sch\u00fcler gegen einen Kostenbeitrag am gemeinsamen Mittagessen teilnehmen.<\/p>\n","protected":false},"excerpt":{"rendered":"<p>Die Anne-Frank-Schule ist als Ganztagsschule eingerichtet. Das hei\u00dft, bis auf den Freitag wird an allen Tagen auch nachmittags unterrichtet. Am Donnerstag Nachmittag k\u00f6nnen die die Sch\u00fcler an einem wahlfreien AG-Angebot teilnehmen oder auch nach Hause fahren (sofern der Transport schulintern oder ggf. privat geregelt werden kann).Der Unterricht findet an diesen Tagen in der Zeit von 8:00 Uhr bis 15:10 Uhr statt. Freitags endet der Unterricht um 11.35 Uhr. Samstags ist unterrichtsfrei. An den langen Tagen k\u00f6nnen die Sch\u00fcler gegen einen&#8230;<\/p>\n<p class=\"read-more\"><a class=\"btn btn-default\" href=\"https:\/\/wordpress.nibis.de\/afsos\/organisation\/\">Weiterlesen<span class=\"screen-reader-text\"> Weiterlesen<\/span><\/a><\/p>\n","protected":false},"author":9194233,"featured_media":0,"parent":0,"menu_order":0,"comment_status":"closed","ping_status":"closed","template":"","meta":{"footnotes":""},"class_list":["post-368","page","type-page","status-publish","hentry"],"_links":{"self":[{"href":"https:\/\/wordpress.nibis.de\/afsos\/wp-json\/wp\/v2\/pages\/368","targetHints":{"allow":["GET"]}}],"collection":[{"href":"https:\/\/wordpress.nibis.de\/afsos\/wp-json\/wp\/v2\/pages"}],"about":[{"href":"https:\/\/wordpress.nibis.de\/afsos\/wp-json\/wp\/v2\/types\/page"}],"author":[{"embeddable":true,"href":"https:\/\/wordpress.nibis.de\/afsos\/wp-json\/wp\/v2\/users\/9194233"}],"replies":[{"embeddable":true,"href":"https:\/\/wordpress.nibis.de\/afsos\/wp-json\/wp\/v2\/comments?post=368"}],"version-history":[{"count":1,"href":"https:\/\/wordpress.nibis.de\/afsos\/wp-json\/wp\/v2\/pages\/368\/revisions"}],"predecessor-version":[{"id":369,"href":"https:\/\/wordpress.nibis.de\/afsos\/wp-json\/wp\/v2\/pages\/368\/revisions\/369"}],"wp:attachment":[{"href":"https:\/\/wordpress.nibis.de\/afsos\/wp-json\/wp\/v2\/media?parent=368"}],"curies":[{"name":"wp","href":"https:\/\/api.w.org\/{rel}","templated":true}]}}