{"id":408,"date":"2023-08-15T20:34:11","date_gmt":"2023-08-15T18:34:11","guid":{"rendered":"https:\/\/wordpress.nibis.de\/afsos\/?page_id=408"},"modified":"2023-09-13T07:55:07","modified_gmt":"2023-09-13T05:55:07","slug":"therapie","status":"publish","type":"page","link":"https:\/\/wordpress.nibis.de\/afsos\/therapie\/","title":{"rendered":"Therapie"},"content":{"rendered":"\n<p>Die Sch\u00fclerinnen und Sch\u00fcler erhalten an der Anne-Frank-Schule je nach F\u00f6rderbedarf eine <a href=\"https:\/\/wordpress.nibis.de\/afsos\/ergotherapie\/\">ergotherapeutische, <\/a><a href=\"https:\/\/wordpress.nibis.de\/afsos\/physiotherapie\/\">physiotherapeutische<\/a> und\u00a0 <a href=\"https:\/\/wordpress.nibis.de\/afsos\/logopaedie\/\">logop\u00e4dische<\/a> F\u00f6rderung. Schwerpunkt ist die enge Zusammenarbeit der verschiedenen Disziplinen und der Zusammenarbeit mit den Eltern, den F\u00f6rderschullehrkr\u00e4ften und den behandelnden \u00c4rzten.<br><br>So sieht unser Konzept vor, dass mit den P\u00e4dagogInnen gemeinsam nicht nur die n\u00f6tige Anzahl der Therapiestunden, sondern auch Form, Inhalte und Ziele f\u00fcr jedes Kind festgehalten werden. So ist es m\u00f6glich, eine Verbindung von Unterricht und Therapie einzugehen, die die klassische Trennung aufl\u00f6st, um die angestrebten F\u00f6rderziele ganzheitlich zu verfolgen.<\/p>\n","protected":false},"excerpt":{"rendered":"<p>Die Sch\u00fclerinnen und Sch\u00fcler erhalten an der Anne-Frank-Schule je nach F\u00f6rderbedarf eine ergotherapeutische, physiotherapeutische und\u00a0 logop\u00e4dische F\u00f6rderung. Schwerpunkt ist die enge Zusammenarbeit der verschiedenen Disziplinen und der Zusammenarbeit mit den Eltern, den F\u00f6rderschullehrkr\u00e4ften und den behandelnden \u00c4rzten. So sieht unser Konzept vor, dass mit den P\u00e4dagogInnen gemeinsam nicht nur die n\u00f6tige Anzahl der Therapiestunden, sondern auch Form, Inhalte und Ziele f\u00fcr jedes Kind festgehalten werden. So ist es m\u00f6glich, eine Verbindung von Unterricht und Therapie einzugehen, die die klassische Trennung&#8230;<\/p>\n<p class=\"read-more\"><a class=\"btn btn-default\" href=\"https:\/\/wordpress.nibis.de\/afsos\/therapie\/\">Weiterlesen<span class=\"screen-reader-text\"> Weiterlesen<\/span><\/a><\/p>\n","protected":false},"author":9194245,"featured_media":0,"parent":0,"menu_order":0,"comment_status":"closed","ping_status":"closed","template":"","meta":{"footnotes":""},"class_list":["post-408","page","type-page","status-publish","hentry"],"_links":{"self":[{"href":"https:\/\/wordpress.nibis.de\/afsos\/wp-json\/wp\/v2\/pages\/408","targetHints":{"allow":["GET"]}}],"collection":[{"href":"https:\/\/wordpress.nibis.de\/afsos\/wp-json\/wp\/v2\/pages"}],"about":[{"href":"https:\/\/wordpress.nibis.de\/afsos\/wp-json\/wp\/v2\/types\/page"}],"author":[{"embeddable":true,"href":"https:\/\/wordpress.nibis.de\/afsos\/wp-json\/wp\/v2\/users\/9194245"}],"replies":[{"embeddable":true,"href":"https:\/\/wordpress.nibis.de\/afsos\/wp-json\/wp\/v2\/comments?post=408"}],"version-history":[{"count":2,"href":"https:\/\/wordpress.nibis.de\/afsos\/wp-json\/wp\/v2\/pages\/408\/revisions"}],"predecessor-version":[{"id":721,"href":"https:\/\/wordpress.nibis.de\/afsos\/wp-json\/wp\/v2\/pages\/408\/revisions\/721"}],"wp:attachment":[{"href":"https:\/\/wordpress.nibis.de\/afsos\/wp-json\/wp\/v2\/media?parent=408"}],"curies":[{"name":"wp","href":"https:\/\/api.w.org\/{rel}","templated":true}]}}