{"id":446,"date":"2023-08-17T13:23:18","date_gmt":"2023-08-17T11:23:18","guid":{"rendered":"https:\/\/wordpress.nibis.de\/afsos\/?page_id=446"},"modified":"2023-08-17T15:10:07","modified_gmt":"2023-08-17T13:10:07","slug":"impressum","status":"publish","type":"page","link":"https:\/\/wordpress.nibis.de\/afsos\/impressum\/","title":{"rendered":"Impressum"},"content":{"rendered":"\n<p><br>Land Niedersachsen (Diensteanbieter im Sinne des Telemediengesetzes)<br>Das Land Niedersachsen ist eine juristische Person des \u00f6ffentlichen Rechts<br>vertreten durch<br>Schulleitung:<\/p>\n\n\n\n<p><strong>Hilke Ackermann (Schulleiterin)<\/strong><br><strong>Anne-Frank -Schule<br>F\u00f6rderschule f\u00fcr K\u00f6rperliche und Motorische Entwicklung<br>Knollstra\u00dfe 149<br>49088 Osnabr\u00fcck<br><br>fon:\u00a0\u00a0\u00a0\u00a0\u00a0\u00a0\u00a0\u00a0\u00a0\u00a0\u00a0\u00a0\u00a0\u00a0\u00a0\u00a0\u00a0\u00a0 0541 323 890 00\u00a0<br>fax: \u00a0 \u00a0 \u00a0 \u00a0 \u00a0 \u00a0 \u00a0 \u00a0 \u00a0 0541 323 890 99\u00a0<br>mail:                <a href=\"&#x6d;&#97;&#x69;&#x6c;&#116;&#x6f;&#x3a;&#115;&#x63;&#x68;&#117;&#x6c;&#x6c;e&#x69;&#x74;u&#x6e;&#103;&#64;&#x61;&#102;s&#x6f;&#115;&#46;&#x64;&#101;\">&#x73;&#99;&#104;u&#x6c;&#x6c;&#101;i&#x74;&#x75;&#110;g&#64;&#x61;&#102;&#115;o&#x73;&#x2e;&#100;e<\/a><br>web:\u00a0\u00a0\u00a0\u00a0\u00a0\u00a0\u00a0\u00a0\u00a0\u00a0\u00a0\u00a0\u00a0\u00a0\u00a0 www.afs-os.de<br><\/strong><\/p>\n\n\n\n<p><strong>Haftungsausschluss<br>Disclaimer:<\/strong><\/p>\n\n\n\n<p><strong>1. Inhalt des Onlineangebotes<\/strong><\/p>\n\n\n\n<p>Die Autoren, der Webmaster, die F\u00f6rderschule K\u00f6rperliche und Motorische Entwicklung bzw. dessen Schulleitung \u00fcbernimmt keinerlei Gew\u00e4hr f\u00fcr die Aktualit\u00e4t, Korrektheit, Vollst\u00e4ndigkeit oder Qualit\u00e4t der bereitgestellten Informationen. Haftungsanspr\u00fcche gegen den Autor, die sich auf Sch\u00e4den materieller oder ideeller Art beziehen, welche durch die Nutzung oder Nichtnutzung der dargebotenen Informationen bzw. durch die Nutzung fehlerhafter und unvollst\u00e4ndiger Informationen verursacht wurden sind grunds\u00e4tzlich ausgeschlossen, sofern seitens des Autors kein nachweislich vors\u00e4tzliches oder grob fahrl\u00e4ssiges Verschulden vorliegt. Alle Angebote sind freibleibend und unverbindlich. Der Autor beh\u00e4lt es sich ausdr\u00fccklich vor, Teile der Seiten oder das gesamte Angebot ohne gesonderte Ank\u00fcndigung zu ver\u00e4ndern, zu erg\u00e4nzen, zu l\u00f6schen oder die Ver\u00f6ffentlichung zeitweise oder endg\u00fcltig einzustellen.<\/p>\n\n\n\n<p><strong>2. Verweise und Links<\/strong><\/p>\n\n\n\n<p>Sofern auf Links direkt oder indirekt verwiesen wird, die au\u00dferhalb des Verantwortungsbereiches des Autors liegen, haftet dieser nur dann, wenn er von den Inhalten Kenntnis hat und es ihm technisch m\u00f6glich und zumutbar w\u00e4re, die Nutzung im Falle rechtswidriger Inhalte zu verhindern. F\u00fcr dar\u00fcber hinausgehende Inhalte und insbesondere f\u00fcr Sch\u00e4den, die aus der Nutzung oder Nichtnutzung solcherart dargebotener Informationen entstehen, haftet allein der Anbieter dieser Seiten, nicht derjenige, der \u00fcber Links auf die jeweilige Ver\u00f6ffentlichung lediglich verweist. Diese Einschr\u00e4nkung gilt gleicherma\u00dfen auch f\u00fcr Fremdeintr\u00e4ge in vom Autor eingerichteten G\u00e4steb\u00fcchern, Diskussionsforen und Mailinglisten.<\/p>\n\n\n\n<p><strong>3. Urheberrecht<\/strong><\/p>\n\n\n\n<p>Die Autoren, der Webmaster bzw. die F\u00f6rderschule K\u00f6rperliche und Motorische Entwicklung ist bestrebt, in allen Publikationen die Urheberrechte der verwendeten Grafiken, Sounds und Texte zu beachten, von ihm selbst erstellte Grafiken, Sounds und Texte zu nutzen oder auf lizenzfreie Grafiken, Sounds und Texte zur\u00fcckzugreifen. Sollte sich auf den jeweiligen Seiten dennoch eine ungekennzeichnete, aber durch fremdes Copyright gesch\u00fctzte Grafik, ein Sound oder Text befinden, so konnte das Copyright vom Autor nicht festgestellt werden. Im Falle einer solchen unbeabsichtigten Copyrightverletzung wird der Autor das entsprechende Objekt nach Benachrichtigung aus seiner Publikation entfernen bzw. mit dem entsprechenden Copyright kenntlich machen. Das Copyright f\u00fcr ver\u00f6ffentlichte, vom Autor selbst erstellte Objekte bleibt allein beim Autor der Seiten. Eine Vervielf\u00e4ltigung oder Verwendung solcher Grafiken, Sounds oder Texte in anderen elektronischen oder gedruckten Publikationen ist ohne ausdr\u00fcckliche Zustimmung des Autors nicht gestattet.<\/p>\n\n\n\n<p><strong>4. Rechtswirksamkeit dieses Haftungsausschlusses<\/strong><\/p>\n\n\n\n<p>Sofern Teile oder einzelne Formulierungen dieses Textes der geltenden Rechtslage nicht,nicht mehr oder nicht vollst\u00e4ndig entsprechen sollten, bleiben die \u00fcbrigen Teile des Dokumentes in ihrem Inhalt und ihrer G\u00fcltigkeit davon unber\u00fchrt.<\/p>\n","protected":false},"excerpt":{"rendered":"<p>Land Niedersachsen (Diensteanbieter im Sinne des Telemediengesetzes)Das Land Niedersachsen ist eine juristische Person des \u00f6ffentlichen Rechtsvertreten durchSchulleitung: Hilke Ackermann (Schulleiterin)Anne-Frank -SchuleF\u00f6rderschule f\u00fcr K\u00f6rperliche und Motorische EntwicklungKnollstra\u00dfe 14949088 Osnabr\u00fcck fon:\u00a0\u00a0\u00a0\u00a0\u00a0\u00a0\u00a0\u00a0\u00a0\u00a0\u00a0\u00a0\u00a0\u00a0\u00a0\u00a0\u00a0\u00a0 0541 323 890 00\u00a0fax: \u00a0 \u00a0 \u00a0 \u00a0 \u00a0 \u00a0 \u00a0 \u00a0 \u00a0 0541 323 890 99\u00a0mail: &#x73;&#x63;&#104;&#117;l&#x6c;&#x65;&#x69;&#116;un&#x67;&#x40;&#97;&#102;s&#x6f;&#x73;&#x2e;&#100;eweb:\u00a0\u00a0\u00a0\u00a0\u00a0\u00a0\u00a0\u00a0\u00a0\u00a0\u00a0\u00a0\u00a0\u00a0\u00a0 www.afs-os.de HaftungsausschlussDisclaimer: 1. Inhalt des Onlineangebotes Die Autoren, der Webmaster, die F\u00f6rderschule K\u00f6rperliche und Motorische Entwicklung bzw. dessen Schulleitung \u00fcbernimmt keinerlei Gew\u00e4hr f\u00fcr die Aktualit\u00e4t, Korrektheit, Vollst\u00e4ndigkeit oder Qualit\u00e4t der bereitgestellten Informationen. Haftungsanspr\u00fcche&#8230;<\/p>\n<p class=\"read-more\"><a class=\"btn btn-default\" href=\"https:\/\/wordpress.nibis.de\/afsos\/impressum\/\">Weiterlesen<span class=\"screen-reader-text\"> Weiterlesen<\/span><\/a><\/p>\n","protected":false},"author":9194245,"featured_media":0,"parent":0,"menu_order":0,"comment_status":"closed","ping_status":"closed","template":"","meta":{"footnotes":""},"class_list":["post-446","page","type-page","status-publish","hentry"],"_links":{"self":[{"href":"https:\/\/wordpress.nibis.de\/afsos\/wp-json\/wp\/v2\/pages\/446","targetHints":{"allow":["GET"]}}],"collection":[{"href":"https:\/\/wordpress.nibis.de\/afsos\/wp-json\/wp\/v2\/pages"}],"about":[{"href":"https:\/\/wordpress.nibis.de\/afsos\/wp-json\/wp\/v2\/types\/page"}],"author":[{"embeddable":true,"href":"https:\/\/wordpress.nibis.de\/afsos\/wp-json\/wp\/v2\/users\/9194245"}],"replies":[{"embeddable":true,"href":"https:\/\/wordpress.nibis.de\/afsos\/wp-json\/wp\/v2\/comments?post=446"}],"version-history":[{"count":4,"href":"https:\/\/wordpress.nibis.de\/afsos\/wp-json\/wp\/v2\/pages\/446\/revisions"}],"predecessor-version":[{"id":457,"href":"https:\/\/wordpress.nibis.de\/afsos\/wp-json\/wp\/v2\/pages\/446\/revisions\/457"}],"wp:attachment":[{"href":"https:\/\/wordpress.nibis.de\/afsos\/wp-json\/wp\/v2\/media?parent=446"}],"curies":[{"name":"wp","href":"https:\/\/api.w.org\/{rel}","templated":true}]}}