{"id":534,"date":"2023-09-08T18:50:18","date_gmt":"2023-09-08T16:50:18","guid":{"rendered":"https:\/\/wordpress.nibis.de\/afsos\/?page_id=534"},"modified":"2023-09-08T18:50:19","modified_gmt":"2023-09-08T16:50:19","slug":"schullaufbahn","status":"publish","type":"page","link":"https:\/\/wordpress.nibis.de\/afsos\/schullaufbahn\/","title":{"rendered":"Schullaufbahn"},"content":{"rendered":"\n<p>Kinder mit dem vorrangigem sonderp\u00e4dagogischem F\u00f6rderbedarf \u201cK\u00f6rperliche und Motorische Entwicklung\u201d werden bei uns individuell und differenziert unterrichtet. Dabei durchlaufen sie die Klassen 1-4 (Primarstufe), die Klassen 5-6 (Mittelstufe) und die Klassen 7-9 (Hauptstufe). Die Sch\u00fcler\/innen werden entsprechend ihren individuellen Lernvoraussetzungen im&nbsp; Bildungsgang der \u201cGrundschule\u201d, der \u201cHauptschule\u201d, im Bildungsgang \u201cLernen\u201d oder im Bildungsgang \u201cGeistige Entwicklung\u201d unterrichtet. Sch\u00fcler mit dem Schwerpunkt \u201cGeistige Entwicklung\u201d werden nicht aufgenommen, sondern nur diejenigen, die im Verlaufe der Schulzeit mit dem F\u00f6rderschwerpunkt \u201cLernen\u201d \u00fcberfordert waren, und f\u00fcr die aus vornehmlich sozialen Gr\u00fcnden ein Schulwechsel nicht angebracht schien, werden hier weiter gef\u00f6rdert.<br>Neben dem Abschluss f\u00fcr die Hauptschule k\u00f6nnen Schulabschl\u00fcsse im Bildungsgang \u201cLernen\u201d sowie im Bildungsgang \u201cGeistige Entwicklung\u201d erworben werden.<\/p>\n\n\n\n<p>Die Zuordnung zu den einzelnen Curricularen Vorgaben ist entsprechend dem Lernverm\u00f6gen der Sch\u00fcler\/innen durchl\u00e4ssig. Ein Schulwechsel an eine andere Schule ist grunds\u00e4tzlich m\u00f6glich.<\/p>\n\n\n\n<p>Die Schule f\u00fcr K\u00f6rperliche und Motorische Entwicklung ist keine Sackgasse!<\/p>\n\n\n\n<p><\/p>\n\n\n\n<p><\/p>\n\n\n\n<p><\/p>\n","protected":false},"excerpt":{"rendered":"<p>Kinder mit dem vorrangigem sonderp\u00e4dagogischem F\u00f6rderbedarf \u201cK\u00f6rperliche und Motorische Entwicklung\u201d werden bei uns individuell und differenziert unterrichtet. Dabei durchlaufen sie die Klassen 1-4 (Primarstufe), die Klassen 5-6 (Mittelstufe) und die Klassen 7-9 (Hauptstufe). Die Sch\u00fcler\/innen werden entsprechend ihren individuellen Lernvoraussetzungen im&nbsp; Bildungsgang der \u201cGrundschule\u201d, der \u201cHauptschule\u201d, im Bildungsgang \u201cLernen\u201d oder im Bildungsgang \u201cGeistige Entwicklung\u201d unterrichtet. Sch\u00fcler mit dem Schwerpunkt \u201cGeistige Entwicklung\u201d werden nicht aufgenommen, sondern nur diejenigen, die im Verlaufe der Schulzeit mit dem F\u00f6rderschwerpunkt \u201cLernen\u201d \u00fcberfordert waren, und f\u00fcr&#8230;<\/p>\n<p class=\"read-more\"><a class=\"btn btn-default\" href=\"https:\/\/wordpress.nibis.de\/afsos\/schullaufbahn\/\">Weiterlesen<span class=\"screen-reader-text\"> Weiterlesen<\/span><\/a><\/p>\n","protected":false},"author":9194245,"featured_media":0,"parent":0,"menu_order":0,"comment_status":"closed","ping_status":"closed","template":"","meta":{"footnotes":""},"class_list":["post-534","page","type-page","status-publish","hentry"],"_links":{"self":[{"href":"https:\/\/wordpress.nibis.de\/afsos\/wp-json\/wp\/v2\/pages\/534","targetHints":{"allow":["GET"]}}],"collection":[{"href":"https:\/\/wordpress.nibis.de\/afsos\/wp-json\/wp\/v2\/pages"}],"about":[{"href":"https:\/\/wordpress.nibis.de\/afsos\/wp-json\/wp\/v2\/types\/page"}],"author":[{"embeddable":true,"href":"https:\/\/wordpress.nibis.de\/afsos\/wp-json\/wp\/v2\/users\/9194245"}],"replies":[{"embeddable":true,"href":"https:\/\/wordpress.nibis.de\/afsos\/wp-json\/wp\/v2\/comments?post=534"}],"version-history":[{"count":1,"href":"https:\/\/wordpress.nibis.de\/afsos\/wp-json\/wp\/v2\/pages\/534\/revisions"}],"predecessor-version":[{"id":535,"href":"https:\/\/wordpress.nibis.de\/afsos\/wp-json\/wp\/v2\/pages\/534\/revisions\/535"}],"wp:attachment":[{"href":"https:\/\/wordpress.nibis.de\/afsos\/wp-json\/wp\/v2\/media?parent=534"}],"curies":[{"name":"wp","href":"https:\/\/api.w.org\/{rel}","templated":true}]}}