{"id":536,"date":"2023-09-08T18:52:13","date_gmt":"2023-09-08T16:52:13","guid":{"rendered":"https:\/\/wordpress.nibis.de\/afsos\/?page_id=536"},"modified":"2025-09-04T07:11:09","modified_gmt":"2025-09-04T05:11:09","slug":"projekttag","status":"publish","type":"page","link":"https:\/\/wordpress.nibis.de\/afsos\/projekttag\/","title":{"rendered":"Projekttag"},"content":{"rendered":"\n<p>Alle Sch\u00fclerinnen und Sch\u00fcler der 8. und 9. Klassen arbeiten am Dienstag ganzt\u00e4gig in einem Projekt.<br>Die verschiedenen Angebote am <strong>Projekttag<\/strong> in der Anne-Frank-Schule entsprechen dem Erziehungskonzept und somit den Leitlinien der Schule. Hier geht es haupts\u00e4chlich um den Schwerpunkt <strong>Lebenspraktische Kompetenzen<\/strong> des nachschulischen Lebens. Diese sollen durch einen Projekttag in der Woche in verschiedenen Bereichen zus\u00e4tzlich gef\u00f6rdert werden (vgl. Leitidee der Anne-Frank-Schule).<\/p>\n\n\n\n<p>Am Projekttag wird nach den Bedingungen eines 8 Stunden Arbeitstages gelebt und gearbeitet. Die Pausen richten sich nach den Notwendigkeiten der jeweiligen Arbeit bzw. Unternehmungen. Es gibt eine Fr\u00fchst\u00fcckspause und eine Mittagspause. Die Gruppen bestehen aus h\u00f6chstens 10 Sch\u00fclerinnen und Sch\u00fclern und mindestens zwei Projektleiterinnen bzw. Projektleitern. Es gibt 5 oder 6 Projekte, je nach Angebotsm\u00f6glichkeiten und Notwendigkeiten:<\/p>\n\n\n\n<ul class=\"wp-block-list\"><li><a href=\"https:\/\/wordpress.nibis.de\/afsos\/projekt-hauswirtschaft\/\">Hauswirtschaft<\/a><\/li><li><a href=\"https:\/\/wordpress.nibis.de\/afsos\/projekt-werken\" data-type=\"URL\" data-id=\"https:\/\/wordpress.nibis.de\/afsos\/projekt-werken\">Werken<\/a><\/li><li><a href=\"https:\/\/wordpress.nibis.de\/afsos\/projekt-freizeit-umwelt\/\">Freizeit und Umwelterfahrung<\/a><\/li><li><a href=\"https:\/\/wordpress.nibis.de\/afsos\/projekt-buero\/\">B\u00fcro<\/a><\/li><li><a href=\"https:\/\/wordpress.nibis.de\/afsos\/projekt-garten\/\" data-type=\"URL\" data-id=\"https:\/\/wordpress.nibis.de\/afsos\/projekt-garten\/\">Garten<\/a><\/li><li><a href=\"https:\/\/wordpress.nibis.de\/afsos\/projekt-kiosk\/\">Kiosk<\/a><\/li><\/ul>\n","protected":false},"excerpt":{"rendered":"<p>Alle Sch\u00fclerinnen und Sch\u00fcler der 8. und 9. Klassen arbeiten am Dienstag ganzt\u00e4gig in einem Projekt.Die verschiedenen Angebote am Projekttag in der Anne-Frank-Schule entsprechen dem Erziehungskonzept und somit den Leitlinien der Schule. Hier geht es haupts\u00e4chlich um den Schwerpunkt Lebenspraktische Kompetenzen des nachschulischen Lebens. Diese sollen durch einen Projekttag in der Woche in verschiedenen Bereichen zus\u00e4tzlich gef\u00f6rdert werden (vgl. Leitidee der Anne-Frank-Schule). Am Projekttag wird nach den Bedingungen eines 8 Stunden Arbeitstages gelebt und gearbeitet. Die Pausen richten sich nach&#8230;<\/p>\n<p class=\"read-more\"><a class=\"btn btn-default\" href=\"https:\/\/wordpress.nibis.de\/afsos\/projekttag\/\">Weiterlesen<span class=\"screen-reader-text\"> Weiterlesen<\/span><\/a><\/p>\n","protected":false},"author":9194245,"featured_media":0,"parent":0,"menu_order":0,"comment_status":"closed","ping_status":"closed","template":"","meta":{"footnotes":""},"class_list":["post-536","page","type-page","status-publish","hentry"],"_links":{"self":[{"href":"https:\/\/wordpress.nibis.de\/afsos\/wp-json\/wp\/v2\/pages\/536","targetHints":{"allow":["GET"]}}],"collection":[{"href":"https:\/\/wordpress.nibis.de\/afsos\/wp-json\/wp\/v2\/pages"}],"about":[{"href":"https:\/\/wordpress.nibis.de\/afsos\/wp-json\/wp\/v2\/types\/page"}],"author":[{"embeddable":true,"href":"https:\/\/wordpress.nibis.de\/afsos\/wp-json\/wp\/v2\/users\/9194245"}],"replies":[{"embeddable":true,"href":"https:\/\/wordpress.nibis.de\/afsos\/wp-json\/wp\/v2\/comments?post=536"}],"version-history":[{"count":3,"href":"https:\/\/wordpress.nibis.de\/afsos\/wp-json\/wp\/v2\/pages\/536\/revisions"}],"predecessor-version":[{"id":2138,"href":"https:\/\/wordpress.nibis.de\/afsos\/wp-json\/wp\/v2\/pages\/536\/revisions\/2138"}],"wp:attachment":[{"href":"https:\/\/wordpress.nibis.de\/afsos\/wp-json\/wp\/v2\/media?parent=536"}],"curies":[{"name":"wp","href":"https:\/\/api.w.org\/{rel}","templated":true}]}}