{"id":547,"date":"2023-09-08T18:59:47","date_gmt":"2023-09-08T16:59:47","guid":{"rendered":"https:\/\/wordpress.nibis.de\/afsos\/?page_id=547"},"modified":"2025-05-24T14:09:31","modified_gmt":"2025-05-24T12:09:31","slug":"projekt-garten","status":"publish","type":"page","link":"https:\/\/wordpress.nibis.de\/afsos\/projekt-garten\/","title":{"rendered":"Projekt Garten"},"content":{"rendered":"\n<p><\/p>\n\n\n\n<div class=\"wp-block-buttons is-content-justification-center is-layout-flex wp-container-core-buttons-is-layout-5590e8cb wp-block-buttons-is-layout-flex\">\n<div class=\"wp-block-button has-custom-width wp-block-button__width-50 has-custom-font-size is-style-outline has-medium-font-size is-style-outline--1\"><a class=\"wp-block-button__link has-vivid-cyan-blue-color has-white-background-color has-text-color has-background\" href=\"https:\/\/wordpress.nibis.de\/afsos\/tag\/projekt-garten\/\" style=\"border-radius:0px\" target=\"_blank\" rel=\"noreferrer noopener\">Aktuelles vom Projekt Garten<\/a><\/div>\n<\/div>\n\n\n\n<p><\/p>\n\n\n\n<p><\/p>\n\n\n\n<p>Im Rahmen des Projekttages an der Anne-Frank-Schule wird auch das <strong>Projekt Garten<\/strong> angeboten.<\/p>\n\n\n\n<p>Im Schulgeb\u00e4ude und im Au\u00dfengel\u00e4nde finden sich zahlreiche Arbeitsbereiche f\u00fcr die Sch\u00fclerinnen und Sch\u00fcler. Dieses Projekt bietet die M\u00f6glichkeit am praktischen Tun zu lernen, d.h. konkretes Fachk\u00f6nnen zu erwerben. Durch die begleitenden Informationen wird aber auch Fachwissen erworben. Das Projekt Garten bietet sowohl die M\u00f6glichkeit der vorberuflichen Erprobung im Bereich Garten als auch das Lernen der verschiedenen Schl\u00fcsselqualifikationen f\u00fcr alle Lebensbereiche.<\/p>\n\n\n\n<ul class=\"wp-block-list\"><li>Fachliche Ziele:<ul><li>Erlernen von verschiedenen Pflegearbeiten<\/li><li>Erlernen von Reinigungsarbeiten<\/li><li>Erlernen von s\u00e4en, pikieren und pflanzen<\/li><li>Beschneiden von Str\u00e4uchern und Hecken<\/li><li>Mulchen<\/li><li>Ein- und Umtopfen<\/li><li>Ziehen von Ablegern; ernten von Samen<\/li><li>Erlernen der selbstst\u00e4ndigen und kontinuierlichen Pflege von Topfpflanzen<\/li><li>Floristische Dekorationen f\u00fcr die Schule<\/li><li>Planung und Durchf\u00fchrung von Materialeinkauf<\/li><li>Pflanzenkunde<\/li><li>Ger\u00e4tekunde<\/li><li>Sicherheitsunterweisungen<\/li><li>Kennenlernen von anderen Arbeitspl\u00e4tzen (z.B. G\u00e4rtnerei, Botanischer Garten)<\/li><\/ul><\/li><li>Methodische Ziele:<ul><li>Planung von Tages- und Arbeitsabl\u00e4ufen<\/li><li>Zuverl\u00e4ssige Erledigung von Arbeitsauftr\u00e4gen<\/li><li>Ausdauerndes arbeiten<\/li><li>Lernen durch tun<\/li><\/ul><\/li><li>Soziale Ziele:<ul><li>Zusammenarbeit<\/li><li>Absprachen treffen und einhalten<\/li><li>Verl\u00e4sslich und verbindlich sein<\/li><li>Formen der H\u00f6flichkeit lernen und wahren<\/li><li>Aufgaben f\u00fcr die Gruppe \u00fcbernehmen<\/li><li>Selbstst\u00e4ndiges und zuverl\u00e4ssiges Arbeiten<\/li><li>P\u00fcnktlichkeit<\/li><li>Arbeiten f\u00fcr die Schulgemeinschaft \u00fcbernehmen<br><\/li><\/ul><\/li><\/ul>\n\n\n\n<figure class=\"wp-block-image size-large is-style-tw-frame\"><img loading=\"lazy\" decoding=\"async\" width=\"600\" height=\"675\" src=\"https:\/\/wordpress.nibis.de\/afsos\/files\/2023\/09\/garten_1-600x675.jpg\" alt=\"\" class=\"wp-image-548\" \/><\/figure>\n","protected":false},"excerpt":{"rendered":"<p>Im Rahmen des Projekttages an der Anne-Frank-Schule wird auch das Projekt Garten angeboten. Im Schulgeb\u00e4ude und im Au\u00dfengel\u00e4nde finden sich zahlreiche Arbeitsbereiche f\u00fcr die Sch\u00fclerinnen und Sch\u00fcler. Dieses Projekt bietet die M\u00f6glichkeit am praktischen Tun zu lernen, d.h. konkretes Fachk\u00f6nnen zu erwerben. Durch die begleitenden Informationen wird aber auch Fachwissen erworben. Das Projekt Garten bietet sowohl die M\u00f6glichkeit der vorberuflichen Erprobung im Bereich Garten als auch das Lernen der verschiedenen Schl\u00fcsselqualifikationen f\u00fcr alle Lebensbereiche. Fachliche Ziele: Erlernen von verschiedenen Pflegearbeiten&#8230;<\/p>\n<p class=\"read-more\"><a class=\"btn btn-default\" href=\"https:\/\/wordpress.nibis.de\/afsos\/projekt-garten\/\">Weiterlesen<span class=\"screen-reader-text\"> Weiterlesen<\/span><\/a><\/p>\n","protected":false},"author":9194233,"featured_media":0,"parent":0,"menu_order":0,"comment_status":"closed","ping_status":"closed","template":"","meta":{"footnotes":""},"class_list":["post-547","page","type-page","status-publish","hentry"],"_links":{"self":[{"href":"https:\/\/wordpress.nibis.de\/afsos\/wp-json\/wp\/v2\/pages\/547","targetHints":{"allow":["GET"]}}],"collection":[{"href":"https:\/\/wordpress.nibis.de\/afsos\/wp-json\/wp\/v2\/pages"}],"about":[{"href":"https:\/\/wordpress.nibis.de\/afsos\/wp-json\/wp\/v2\/types\/page"}],"author":[{"embeddable":true,"href":"https:\/\/wordpress.nibis.de\/afsos\/wp-json\/wp\/v2\/users\/9194233"}],"replies":[{"embeddable":true,"href":"https:\/\/wordpress.nibis.de\/afsos\/wp-json\/wp\/v2\/comments?post=547"}],"version-history":[{"count":2,"href":"https:\/\/wordpress.nibis.de\/afsos\/wp-json\/wp\/v2\/pages\/547\/revisions"}],"predecessor-version":[{"id":1888,"href":"https:\/\/wordpress.nibis.de\/afsos\/wp-json\/wp\/v2\/pages\/547\/revisions\/1888"}],"wp:attachment":[{"href":"https:\/\/wordpress.nibis.de\/afsos\/wp-json\/wp\/v2\/media?parent=547"}],"curies":[{"name":"wp","href":"https:\/\/api.w.org\/{rel}","templated":true}]}}