{"id":570,"date":"2023-09-11T08:17:11","date_gmt":"2023-09-11T06:17:11","guid":{"rendered":"https:\/\/wordpress.nibis.de\/afsos\/?page_id=570"},"modified":"2023-09-11T14:23:57","modified_gmt":"2023-09-11T12:23:57","slug":"schulsozialarbeit-2","status":"publish","type":"page","link":"https:\/\/wordpress.nibis.de\/afsos\/schulsozialarbeit-2\/","title":{"rendered":"Schulsozialarbeit"},"content":{"rendered":"\n<p>Guten Tag,<\/p>\n\n\n\n<p><\/p>\n\n\n\n<div class=\"wp-block-media-text alignwide has-media-on-the-right is-stacked-on-mobile is-style-default\"><figure class=\"wp-block-media-text__media\"><img loading=\"lazy\" decoding=\"async\" width=\"1200\" height=\"675\" src=\"https:\/\/wordpress.nibis.de\/afsos\/files\/2023\/09\/Schimmel2-1200x675.jpg\" alt=\"\" class=\"wp-image-571 size-full\" srcset=\"https:\/\/wordpress.nibis.de\/afsos\/files\/2023\/09\/Schimmel2-1200x675.jpg 1200w, https:\/\/wordpress.nibis.de\/afsos\/files\/2023\/09\/Schimmel2-850x478.jpg 850w, https:\/\/wordpress.nibis.de\/afsos\/files\/2023\/09\/Schimmel2-250x141.jpg 250w\" sizes=\"auto, (max-width: 1200px) 100vw, 1200px\" \/><\/figure><div class=\"wp-block-media-text__content\">\n<p style=\"font-size:17px\">mein Name ist <strong>Carsten Schimmel<\/strong>. Ich bin Mitarbeiter der Arbeiterwohlfahrt Kreisverband Osnabr\u00fcck und in dieser Funktion an der Anne-Frank-Schule als Schulsozialarbeiter t\u00e4tig.<\/p>\n<\/div><\/div>\n\n\n\n<p>Ich habe an der Berufsschule in Melle die Ausbildung zum staatlich anerkannten Erzieher absolviert. Von 2010 \u2013 2014 habe ich berufsbegleitend an der Saxion Hogeschool in Enschede den B.A. Sozialp\u00e4dagogik studiert und abgeschlossen.<\/p>\n\n\n\n<p>Beruflich habe ich zuerst an einer Grundschule im Ganztag gearbeitet, bevor ich zur ev.-luth. Stiftung H\u00fcnenburg gewechselt bin. Dort habe ich als Erzieher im Gruppendienst in der Kinder- und Jugendhilfe gearbeitet. Im weiteren Verlauf war ich an der Ferdinand-Rohde-Schule (F\u00f6rderschule f\u00fcr ESE) t\u00e4tig, bevor ich 2011 die Leitung einer Wohngruppe \u00fcbernahm. Im Laufe der letzten Jahre habe ich mich zudem zum systemischen Coach (Neue Autorit\u00e4t) weitergebildet.<\/p>\n\n\n\n<p>Seit Oktober 2021 bin ich an der Anne-Frank-Schule.<\/p>\n\n\n\n<p>Sie sind Eltern oder ein Elternteil? Pflegevater oder Pflegemutter? Mitarbeiter\/in in einer Wohngruppe? Oder sie stehen in einem sonstigen Bezug zu unserer Schule? Sie m\u00f6chten ein Anliegen in der Schule besprechen oder anbringen, was nicht direkt mit dem Unterricht zu tun hat?<\/p>\n\n\n\n<p>Dann sprechen sie mich gerne an oder nehmen Kontakt mit mir auf.<\/p>\n\n\n\n<p>Anne-Frank-Schule<\/p>\n\n\n\n<p>Schulsozialarbeiter Carsten Schimmel<\/p>\n\n\n\n<p>Knollstra\u00dfe 149<\/p>\n\n\n\n<p>49088 Osnabr\u00fcck<\/p>\n\n\n\n<p>Telefon 0541\/323-890-95<\/p>\n\n\n\n<p>E-Mail: <a href=\"&#x6d;&#x61;&#105;l&#x74;&#x6f;&#58;&#99;a&#x72;&#x73;&#116;&#101;n&#x2e;&#x73;&#99;hi&#x6d;&#x6d;&#101;l&#x40;&#x61;&#102;&#115;o&#x73;&#x2e;&#100;&#101;\">&#99;&#x61;r&#115;&#x74;e&#110;&#x2e;s&#99;&#x68;i&#109;&#x6d;e&#108;&#x40;a&#102;&#x73;o&#115;&#x2e;d&#101;<\/a><\/p>\n\n\n\n<p><strong>Ich freue mich auf Sie!!<\/strong><\/p>\n\n\n\n<p><a href=\"https:\/\/wordpress.nibis.de\/afsos\/files\/2023\/08\/Schulsozialarbeit-NOZ-04_12_21-1.jpg\" target=\"_blank\" rel=\"noreferrer noopener\">NOZ &#8211; Artikel zum Hintergrund der Schulsozialarbeiterstelle an der AFS<\/a><\/p>\n\n\n\n<p><strong>Um Ihnen meine Arbeit ein wenig n\u00e4her zu bringen f\u00fchre ich exemplarisch einige T\u00e4tigkeitsfelder auf:<\/strong><\/p>\n\n\n\n<p>&#8211; Ausbau und pr\u00e4ventive Hilfe zur Verbesserung des Sozialverhaltens<\/p>\n\n\n\n<p>&#8211; Optimierung der Kooperation zwischen Schule und Jugendhilfe<\/p>\n\n\n\n<p>&#8211; Abstimmung passgenauer Hilfen aus dem Kontext der Jugendsozialarbeit u. der Hilfen zur Erziehung<\/p>\n\n\n\n<p>&#8211; Reduzierung von schuldistanziertem Verhalten(Schulverweigerung) und Einbeziehung der st\u00e4dtischen Jugenddienste<\/p>\n\n\n\n<p>&#8211; Einbeziehung der Schulsozialarbeit in die Struktur des ganzt\u00e4gigen Unterrichts und die Durchf\u00fchrung einzelner   <br>   Hilfsangebot<\/p>\n\n\n\n<p>&#8211; Vermittlung von sozialen Handlungskompetenzen<\/p>\n\n\n\n<p>&#8211; F\u00f6rderung positiver Selbsterfahrung<\/p>\n\n\n\n<p>&#8211; Vermittlung von gesellschaftlichen Werten &amp; sozialen Umgangsformen<\/p>\n\n\n\n<p>&#8211; Einzelhilfen und Unterst\u00fctzung in Gruppen<\/p>\n\n\n\n<p>&#8211; Kompetenzerwerb f\u00fcr den Alltag<\/p>\n\n\n\n<p>&#8211; Beratung und Hilfe in Krisenintervention<\/p>\n\n\n\n<p>&#8211; Fachliche Abstimmung im Einzelfall mit den Einrichtungen der Stadt (Jugendamt, Jugendgerichtshilfe, Vormund, <br>   etc.)<\/p>\n\n\n\n<p>&#8211; Unterst\u00fctzung, Begleitung und Reintegration in den Schulalltag im Einzelfall bei Schulverweigerung<\/p>\n\n\n\n<p>&#8211; Organisation, Durchf\u00fchrung und Begleitung von sozialp\u00e4dagogischen Themen in Gruppen oder Einzelfall<\/p>\n\n\n\n<p>&#8211; Beziehungsarbeit<\/p>\n\n\n\n<p>&#8211; Kooperation mit au\u00dferschulischen Partnern<\/p>\n\n\n\n<p>&#8211; Begleitung und\/oder \u00dcbernahme von Elternarbeit<\/p>\n\n\n\n<p>&#8211; Kinder- und Jugendschutzgesetz<\/p>\n\n\n\n<p>&#8211; Medien- Sucht- und Gewaltpr\u00e4vention<\/p>\n\n\n\n<p>&#8211; Arbeit an geschlechterspezifischen Themen wie Freundschaft &amp; Sexualit\u00e4t<\/p>\n\n\n\n<p>&#8211; Durchf\u00fchrung und Begleitung sozialp\u00e4dagogischer Angebote im Alltag f\u00fcr Gruppe oder Einzelfall<\/p>\n\n\n\n<p>&#8211; Initiierung und Begleitung von Beteiligungsprojekten mit au\u00dferschulischen Partnern<\/p>\n\n\n\n<p>&#8211; Mitwirkung bei Schulveranstaltungen<\/p>\n\n\n\n<p>&#8211; Verschwiegenheit bei pers\u00f6nlichen und sensiblen Themen<\/p>\n","protected":false},"excerpt":{"rendered":"<p>Guten Tag, mein Name ist Carsten Schimmel. Ich bin Mitarbeiter der Arbeiterwohlfahrt Kreisverband Osnabr\u00fcck und in dieser Funktion an der Anne-Frank-Schule als Schulsozialarbeiter t\u00e4tig. Ich habe an der Berufsschule in Melle die Ausbildung zum staatlich anerkannten Erzieher absolviert. Von 2010 \u2013 2014 habe ich berufsbegleitend an der Saxion Hogeschool in Enschede den B.A. Sozialp\u00e4dagogik studiert und abgeschlossen. Beruflich habe ich zuerst an einer Grundschule im Ganztag gearbeitet, bevor ich zur ev.-luth. Stiftung H\u00fcnenburg gewechselt bin. Dort habe ich als Erzieher&#8230;<\/p>\n<p class=\"read-more\"><a class=\"btn btn-default\" href=\"https:\/\/wordpress.nibis.de\/afsos\/schulsozialarbeit-2\/\">Weiterlesen<span class=\"screen-reader-text\"> Weiterlesen<\/span><\/a><\/p>\n","protected":false},"author":9194233,"featured_media":0,"parent":0,"menu_order":0,"comment_status":"closed","ping_status":"closed","template":"","meta":{"footnotes":""},"class_list":["post-570","page","type-page","status-publish","hentry"],"_links":{"self":[{"href":"https:\/\/wordpress.nibis.de\/afsos\/wp-json\/wp\/v2\/pages\/570","targetHints":{"allow":["GET"]}}],"collection":[{"href":"https:\/\/wordpress.nibis.de\/afsos\/wp-json\/wp\/v2\/pages"}],"about":[{"href":"https:\/\/wordpress.nibis.de\/afsos\/wp-json\/wp\/v2\/types\/page"}],"author":[{"embeddable":true,"href":"https:\/\/wordpress.nibis.de\/afsos\/wp-json\/wp\/v2\/users\/9194233"}],"replies":[{"embeddable":true,"href":"https:\/\/wordpress.nibis.de\/afsos\/wp-json\/wp\/v2\/comments?post=570"}],"version-history":[{"count":10,"href":"https:\/\/wordpress.nibis.de\/afsos\/wp-json\/wp\/v2\/pages\/570\/revisions"}],"predecessor-version":[{"id":591,"href":"https:\/\/wordpress.nibis.de\/afsos\/wp-json\/wp\/v2\/pages\/570\/revisions\/591"}],"wp:attachment":[{"href":"https:\/\/wordpress.nibis.de\/afsos\/wp-json\/wp\/v2\/media?parent=570"}],"curies":[{"name":"wp","href":"https:\/\/api.w.org\/{rel}","templated":true}]}}