{"id":592,"date":"2023-09-11T14:27:02","date_gmt":"2023-09-11T12:27:02","guid":{"rendered":"https:\/\/wordpress.nibis.de\/afsos\/?page_id=592"},"modified":"2023-09-11T14:27:03","modified_gmt":"2023-09-11T12:27:03","slug":"inklusion","status":"publish","type":"page","link":"https:\/\/wordpress.nibis.de\/afsos\/inklusion\/","title":{"rendered":"Inklusion"},"content":{"rendered":"\n<p>Seit dem Schuljahr 2012\/13 gilt in Niedersachsen das \u201eGesetz zur Einf\u00fchrung der inklusiven Schule\u201c vom 23.03.2012.<\/p>\n\n\n\n<p>Der alte Begriff Integration wird abgel\u00f6st durch die Inklusion. Inklusion bedeutet, dass sich die Schulen an die Bed\u00fcrfnisse der Kinder, auch der Kinder mit Behinderung, anpassen m\u00fcssen \u2013 nicht umgekehrt.<\/p>\n\n\n\n<p>&nbsp;Gleichzeitig wird im Gesetz ein Elternwahlrecht einger\u00e4umt, das es den Eltern erm\u00f6glicht, ihr Kind an der Schule ihrer Wahl anzumelden.<\/p>\n\n\n\n<p>Das Verfahren zur Feststellung eines Unterst\u00fctzungsbedarfs sowie die Auswahl einer Schule sieht f\u00fcr ein Kind mit einer k\u00f6rperlichen &#8222;Behinderung&#8220; (sonderp\u00e4dagogischer Unterst\u00fctzungsbedarf im F\u00f6rderschwerpunkt k\u00f6rperlich und motorische Entwicklung) folgenderma\u00dfen aus:<\/p>\n\n\n\n<p>&#8211;&nbsp; Vor der Einschulung oder w\u00e4hrend des Schulbesuchs wird ein Verfahren zur Feststellung eines sonderp\u00e4dagogischen Unterst\u00fctzungsbedarfs eingeleitet:<\/p>\n\n\n\n<ul class=\"wp-block-list\"><li>Erstellung eines F\u00f6rdergutachtens und Beratung der Eltern<\/li><li>Empfehlung der F\u00f6rderkommission (beteiligt sind Eltern, Schulleiter\/in, Lehrkraft der Grund- und der F\u00f6rderschule, evtl. weitere Personen)<\/li><\/ul>\n\n\n\n<p>\u00a0<br>&#8211;\u00a0 Das Regionale Landesamt f\u00fcr Schule und Bildung (RLSB) legt gegebenenfalls einen Unterst\u00fctzungsbedarf fest<br><br>Die Eltern w\u00e4hlen eine Schule f\u00fcr ihr Kind aus, dabei haben sie zwei M\u00f6glichkeiten (nur in begr\u00fcndeten Ausnahmef\u00e4llen kann die Entscheidung durch das RLSB \u00fcberpr\u00fcft werden):<\/p>\n\n\n\n<p>&nbsp;&nbsp; &nbsp; &nbsp; &nbsp;&nbsp; 1 .&nbsp; Beschulung an der Regelschule (Grundschule vor Ort oder weiterf\u00fchrende Schule der eigenen Wahl)<br>&nbsp;&nbsp;&nbsp;&nbsp;&nbsp;&nbsp;&nbsp;&nbsp;&nbsp; 2.&nbsp;&nbsp;&nbsp;Beschulung an der F\u00f6rderschule<\/p>\n","protected":false},"excerpt":{"rendered":"<p>Seit dem Schuljahr 2012\/13 gilt in Niedersachsen das \u201eGesetz zur Einf\u00fchrung der inklusiven Schule\u201c vom 23.03.2012. Der alte Begriff Integration wird abgel\u00f6st durch die Inklusion. Inklusion bedeutet, dass sich die Schulen an die Bed\u00fcrfnisse der Kinder, auch der Kinder mit Behinderung, anpassen m\u00fcssen \u2013 nicht umgekehrt. &nbsp;Gleichzeitig wird im Gesetz ein Elternwahlrecht einger\u00e4umt, das es den Eltern erm\u00f6glicht, ihr Kind an der Schule ihrer Wahl anzumelden. Das Verfahren zur Feststellung eines Unterst\u00fctzungsbedarfs sowie die Auswahl einer Schule sieht f\u00fcr ein&#8230;<\/p>\n<p class=\"read-more\"><a class=\"btn btn-default\" href=\"https:\/\/wordpress.nibis.de\/afsos\/inklusion\/\">Weiterlesen<span class=\"screen-reader-text\"> Weiterlesen<\/span><\/a><\/p>\n","protected":false},"author":9194245,"featured_media":0,"parent":0,"menu_order":0,"comment_status":"closed","ping_status":"closed","template":"","meta":{"footnotes":""},"class_list":["post-592","page","type-page","status-publish","hentry"],"_links":{"self":[{"href":"https:\/\/wordpress.nibis.de\/afsos\/wp-json\/wp\/v2\/pages\/592","targetHints":{"allow":["GET"]}}],"collection":[{"href":"https:\/\/wordpress.nibis.de\/afsos\/wp-json\/wp\/v2\/pages"}],"about":[{"href":"https:\/\/wordpress.nibis.de\/afsos\/wp-json\/wp\/v2\/types\/page"}],"author":[{"embeddable":true,"href":"https:\/\/wordpress.nibis.de\/afsos\/wp-json\/wp\/v2\/users\/9194245"}],"replies":[{"embeddable":true,"href":"https:\/\/wordpress.nibis.de\/afsos\/wp-json\/wp\/v2\/comments?post=592"}],"version-history":[{"count":2,"href":"https:\/\/wordpress.nibis.de\/afsos\/wp-json\/wp\/v2\/pages\/592\/revisions"}],"predecessor-version":[{"id":594,"href":"https:\/\/wordpress.nibis.de\/afsos\/wp-json\/wp\/v2\/pages\/592\/revisions\/594"}],"wp:attachment":[{"href":"https:\/\/wordpress.nibis.de\/afsos\/wp-json\/wp\/v2\/media?parent=592"}],"curies":[{"name":"wp","href":"https:\/\/api.w.org\/{rel}","templated":true}]}}