{"id":646,"date":"2023-09-12T07:43:28","date_gmt":"2023-09-12T05:43:28","guid":{"rendered":"https:\/\/wordpress.nibis.de\/afsos\/?page_id=646"},"modified":"2025-12-12T08:35:03","modified_gmt":"2025-12-12T07:35:03","slug":"beratungslehrerin","status":"publish","type":"page","link":"https:\/\/wordpress.nibis.de\/afsos\/beratungslehrerin\/","title":{"rendered":"Beratungslehrerin"},"content":{"rendered":"\n<figure class=\"wp-block-image size-large\"><img loading=\"lazy\" decoding=\"async\" width=\"1200\" height=\"675\" src=\"https:\/\/wordpress.nibis.de\/afsos\/files\/2023\/09\/beratung-1200x675.jpg\" alt=\"\" class=\"wp-image-647\" srcset=\"https:\/\/wordpress.nibis.de\/afsos\/files\/2023\/09\/beratung-1200x675.jpg 1200w, https:\/\/wordpress.nibis.de\/afsos\/files\/2023\/09\/beratung-850x478.jpg 850w, https:\/\/wordpress.nibis.de\/afsos\/files\/2023\/09\/beratung-250x141.jpg 250w\" sizes=\"auto, (max-width: 1200px) 100vw, 1200px\" \/><\/figure>\n\n\n\n<h4 class=\"wp-block-heading\">Unsere Beratungslehrerin an der Anne-Frank-Schule ist Frau Christiane K\u00f6nig<\/h4>\n\n\n\n<p>Beratung an unserer Schule bedeutet Unterst\u00fctzung und Orientierungshilfe f\u00fcr<\/p>\n\n\n\n<ul class=\"wp-block-list\">\n<li>Sch\u00fclerinnen und Sch\u00fcler<\/li>\n\n\n\n<li>Lehrerinnen und Lehrer<\/li>\n\n\n\n<li>Eltern<br><br><\/li>\n<\/ul>\n\n\n\n<p>Liebe Sch\u00fclerinnen und Sch\u00fcler,<\/p>\n\n\n\n<p>die Beratung ist f\u00fcr euch da:<\/p>\n\n\n\n<ul class=\"wp-block-list\">\n<li>wenn ihr Probleme oder Stress in der Schule oder wenn ihr Angst vor schlechten Noten habt<br><\/li>\n\n\n\n<li>wenn ihr Streit mit Mitsch\u00fclern habt<br><\/li>\n\n\n\n<li>bei Problemen mit Lehrern, Eltern oder Freunden<br><\/li>\n\n\n\n<li>bei pers\u00f6nlichen Problemen (zum Beispiel mit der eigenen Behinderung)<br><\/li>\n\n\n\n<li>\u00a0 bei Problemen, die mit anderen Menschen zu tun haben<\/li>\n<\/ul>\n\n\n\n<p><br>Ihr entscheidet selbst, ob ihr die Beratung in Anspruch nehmen wollt.<\/p>\n\n\n\n<p>Die Beratung ist vertraulich. Ich erz\u00e4hle niemanden etwas von den Problemen.<\/p>\n\n\n\n<p>Sprecht mich einfach an oder kommt in meine Sprechstunde. Oder schreibt mir eine E-Mail: <a href=\"&#x6d;&#97;&#x69;&#x6c;&#116;&#x6f;&#x3a;&#98;&#x65;&#x72;&#97;&#x74;&#x75;n&#x67;&#x73;l&#x65;&#104;r&#x65;&#114;&#64;&#x61;&#102;s&#x6f;&#115;&#46;&#x64;&#101;\">beratungslehrer(at)afsos.de<\/a><\/p>\n\n\n\n<p>Ich freue mich auf euch!<\/p>\n\n\n\n<p>Eure Christiane K\u00f6nig<\/p>\n\n\n\n<p><\/p>\n\n\n\n<p><\/p>\n\n\n\n<p>Liebe Eltern,<\/p>\n\n\n\n<p>Sie sind herzlich eingeladen zu einer Beratung in die Schule zu kommen, wenn Sie sich Sorgen um Ihr Kind machen, Sie Unterst\u00fctzung im Umgang mit Ihrem Kind suchen, wenn Ihr Kind Lern- und Leistungsschwierigkeiten oder Schulangst hat oder Verhaltensauff\u00e4lligkeiten zeigt.<\/p>\n\n\n\n<p>Als Beratungslehrerin habe ich eine Schweigepflicht. Die Beratung bleibt vertraulich.<\/p>\n\n\n\n<p>F\u00fcr eine Terminabsprache f\u00fcr Eltern besteht die M\u00f6glichkeit der Kontaktaufnahme \u00fcber das Sekretariat mit der Bitte um R\u00fcckruf. Oder Sie schreiben mir eine E-Mail: <a href=\"&#109;&#97;&#x69;&#x6c;&#116;&#111;&#x3a;&#x62;&#101;&#114;&#x61;&#x74;&#117;&#110;&#x67;&#x73;&#108;&#101;&#x68;&#x72;&#101;&#114;&#x40;&#x61;&#102;&#115;&#x6f;&#x73;&#46;&#100;&#x65;\">beratungslehrer(at)afsos.de<\/a><\/p>\n\n\n\n<p>Ihre Christiane K\u00f6nig<\/p>\n","protected":false},"excerpt":{"rendered":"<p>Unsere Beratungslehrerin an der Anne-Frank-Schule ist Frau Christiane K\u00f6nig Beratung an unserer Schule bedeutet Unterst\u00fctzung und Orientierungshilfe f\u00fcr Liebe Sch\u00fclerinnen und Sch\u00fcler, die Beratung ist f\u00fcr euch da: Ihr entscheidet selbst, ob ihr die Beratung in Anspruch nehmen wollt. Die Beratung ist vertraulich. Ich erz\u00e4hle niemanden etwas von den Problemen. Sprecht mich einfach an oder kommt in meine Sprechstunde. Oder schreibt mir eine E-Mail: beratungslehrer(at)afsos.de Ich freue mich auf euch! Eure Christiane K\u00f6nig Liebe Eltern, Sie sind herzlich eingeladen zu&#8230;<\/p>\n<p class=\"read-more\"><a class=\"btn btn-default\" href=\"https:\/\/wordpress.nibis.de\/afsos\/beratungslehrerin\/\">Weiterlesen<span class=\"screen-reader-text\"> Weiterlesen<\/span><\/a><\/p>\n","protected":false},"author":9194233,"featured_media":0,"parent":0,"menu_order":0,"comment_status":"closed","ping_status":"closed","template":"","meta":{"footnotes":""},"class_list":["post-646","page","type-page","status-publish","hentry"],"_links":{"self":[{"href":"https:\/\/wordpress.nibis.de\/afsos\/wp-json\/wp\/v2\/pages\/646","targetHints":{"allow":["GET"]}}],"collection":[{"href":"https:\/\/wordpress.nibis.de\/afsos\/wp-json\/wp\/v2\/pages"}],"about":[{"href":"https:\/\/wordpress.nibis.de\/afsos\/wp-json\/wp\/v2\/types\/page"}],"author":[{"embeddable":true,"href":"https:\/\/wordpress.nibis.de\/afsos\/wp-json\/wp\/v2\/users\/9194233"}],"replies":[{"embeddable":true,"href":"https:\/\/wordpress.nibis.de\/afsos\/wp-json\/wp\/v2\/comments?post=646"}],"version-history":[{"count":4,"href":"https:\/\/wordpress.nibis.de\/afsos\/wp-json\/wp\/v2\/pages\/646\/revisions"}],"predecessor-version":[{"id":2524,"href":"https:\/\/wordpress.nibis.de\/afsos\/wp-json\/wp\/v2\/pages\/646\/revisions\/2524"}],"wp:attachment":[{"href":"https:\/\/wordpress.nibis.de\/afsos\/wp-json\/wp\/v2\/media?parent=646"}],"curies":[{"name":"wp","href":"https:\/\/api.w.org\/{rel}","templated":true}]}}