{"id":655,"date":"2023-09-12T07:51:43","date_gmt":"2023-09-12T05:51:43","guid":{"rendered":"https:\/\/wordpress.nibis.de\/afsos\/?page_id=655"},"modified":"2023-09-12T07:51:44","modified_gmt":"2023-09-12T05:51:44","slug":"monatsblatt","status":"publish","type":"page","link":"https:\/\/wordpress.nibis.de\/afsos\/monatsblatt\/","title":{"rendered":"Monatsblatt"},"content":{"rendered":"\n<p>Seit Dezember 2016 gibt es das Monatsblatt der Anne-Frank-Schule. Jeden Monat erscheint nun die&#8220; AFS aktuell&#8220;.<br>Aber was ist das eigentlich?&nbsp; AFS aktuell ist ein Monatsblatt, das hei\u00dft es wird jeden Monat einmal erscheinen. Darin steht alles, was f\u00fcr uns und unsere Schule wichtig ist, zum Beispiel Informationen der SV und der Erwachsenen sowie Termine und vieles andere.<\/p>\n\n\n\n<p>Wir w\u00fcnschen euch allen viel Spa\u00df beim Lesen! Lasst uns wissen, ob euch die neue Ausgabe gef\u00e4llt: <a rel=\"noreferrer noopener\" href=\"mail&#116;&#111;&#58;&#80;&#114;&#111;&#106;&#x65;&#x6b;&#x74;&#x2e;&#x62;&#x75;&#x65;&#x72;&#x6f;&#64;afs&#111;&#115;&#46;&#100;&#101;\" target=\"_blank\">&#x50;&#x72;&#x6f;&#x6a;&#x65;&#x6b;&#x74;&#x2e;&#x62;&#x75;&#x65;&#x72;&#x6f;&#x40;&#x61;&#x66;&#x73;&#x6f;&#x73;&#x2e;&#x64;&#x65;<\/a>\u00a0 Eure Sch\u00fclerzeitungsredaktion<\/p>\n\n\n\n<figure class=\"wp-block-gallery has-nested-images columns-default is-cropped wp-block-gallery-1 is-layout-flex wp-block-gallery-is-layout-flex\">\n<figure class=\"wp-block-image size-large is-style-tw-shadow\"><img loading=\"lazy\" decoding=\"async\" width=\"451\" height=\"638\" data-id=\"656\" src=\"https:\/\/wordpress.nibis.de\/afsos\/files\/2023\/09\/titel-monatsblatt-01.17.jpg\" alt=\"\" class=\"wp-image-656\" \/><\/figure>\n\n\n\n<figure class=\"wp-block-image size-large is-style-tw-shadow\"><img loading=\"lazy\" decoding=\"async\" width=\"443\" height=\"626\" data-id=\"657\" src=\"https:\/\/wordpress.nibis.de\/afsos\/files\/2023\/09\/titel-monatsblatt-12.16.jpg\" alt=\"\" class=\"wp-image-657\" \/><\/figure>\n<\/figure>\n","protected":false},"excerpt":{"rendered":"<p>Seit Dezember 2016 gibt es das Monatsblatt der Anne-Frank-Schule. Jeden Monat erscheint nun die&#8220; AFS aktuell&#8220;.Aber was ist das eigentlich?&nbsp; AFS aktuell ist ein Monatsblatt, das hei\u00dft es wird jeden Monat einmal erscheinen. Darin steht alles, was f\u00fcr uns und unsere Schule wichtig ist, zum Beispiel Informationen der SV und der Erwachsenen sowie Termine und vieles andere. Wir w\u00fcnschen euch allen viel Spa\u00df beim Lesen! Lasst uns wissen, ob euch die neue Ausgabe gef\u00e4llt: &#x50;&#x72;&#111;&#106;ek&#x74;&#x2e;&#x62;&#117;er&#x6f;&#x40;&#x61;&#102;&#115;o&#x73;&#x2e;&#x64;&#101;\u00a0 Eure Sch\u00fclerzeitungsredaktion<\/p>\n","protected":false},"author":9194233,"featured_media":0,"parent":0,"menu_order":0,"comment_status":"closed","ping_status":"closed","template":"","meta":{"footnotes":""},"class_list":["post-655","page","type-page","status-publish","hentry"],"_links":{"self":[{"href":"https:\/\/wordpress.nibis.de\/afsos\/wp-json\/wp\/v2\/pages\/655","targetHints":{"allow":["GET"]}}],"collection":[{"href":"https:\/\/wordpress.nibis.de\/afsos\/wp-json\/wp\/v2\/pages"}],"about":[{"href":"https:\/\/wordpress.nibis.de\/afsos\/wp-json\/wp\/v2\/types\/page"}],"author":[{"embeddable":true,"href":"https:\/\/wordpress.nibis.de\/afsos\/wp-json\/wp\/v2\/users\/9194233"}],"replies":[{"embeddable":true,"href":"https:\/\/wordpress.nibis.de\/afsos\/wp-json\/wp\/v2\/comments?post=655"}],"version-history":[{"count":1,"href":"https:\/\/wordpress.nibis.de\/afsos\/wp-json\/wp\/v2\/pages\/655\/revisions"}],"predecessor-version":[{"id":658,"href":"https:\/\/wordpress.nibis.de\/afsos\/wp-json\/wp\/v2\/pages\/655\/revisions\/658"}],"wp:attachment":[{"href":"https:\/\/wordpress.nibis.de\/afsos\/wp-json\/wp\/v2\/media?parent=655"}],"curies":[{"name":"wp","href":"https:\/\/api.w.org\/{rel}","templated":true}]}}