{"id":667,"date":"2023-09-12T13:20:31","date_gmt":"2023-09-12T11:20:31","guid":{"rendered":"https:\/\/wordpress.nibis.de\/afsos\/?page_id=667"},"modified":"2023-09-12T13:27:27","modified_gmt":"2023-09-12T11:27:27","slug":"projekt-buero","status":"publish","type":"page","link":"https:\/\/wordpress.nibis.de\/afsos\/projekt-buero\/","title":{"rendered":"Projekt B\u00fcro"},"content":{"rendered":"\n<p>Ein zentrales Ziel des berufsorientierenden Projekts B\u00fcro ist es, die Jugendlichen auf eine Arbeitswelt vorzubereiten, in der digitale Medien und elektronische Ger\u00e4te eine immer gr\u00f6\u00dfere Rolle spielen.<\/p>\n\n\n\n<p>Im Rahmen des Projekts setzen sich die Sch\u00fclerinnen und Sch\u00fcler insbesondere mit folgenden Aufgabenstellungen auseinander:<\/p>\n\n\n\n<p>\u2022 Kennenlernen und Bearbeiten von typischen B\u00fcroaufgaben: Ablage-, Kopier- und Laminierauftr\u00e4ge, Etikettendruck<\/p>\n\n\n\n<p>\u2022 Entgegennahme von Auftr\u00e4gen, Kosten berechnen, Rechnungen erstellen<\/p>\n\n\n\n<p>\u2022 Festigung und Erweiterung der Kompetenzen im Bereich der Handhabung verschiedener technischer Ger\u00e4te: PC,  Laptop, Tablet, Smartphone, Interaktiver Gro\u00dfbildschirm (\u201eDigitale Tafel\u201c), Multifunktionsdrucker<\/p>\n\n\n\n<p>\u2022 Festigung und Erweiterung der Kompetenzen im Bereich Textverarbeitung am PC\/Tablet: Texte und Tabellen erstellen, formatieren, speichern, drucken; Grafiken erstellen und bearbeiten, in Textdokumente integrieren und individuell anpassen (Microsoft Word, PowerPoint, Excel, Paint; iOS Keynote)<\/p>\n\n\n\n<p>\u2022 Festigung und Erweiterung der Kompetenzen im Bereich Nutzung von Windows \/ iOS<\/p>\n\n\n\n<p>\u2022 Festigung und Erweiterung der Kompetenzen im Bereich Internetnutzung: Browser nutzen, gezielt recherchieren, Schulserver IServ besser kennen lernen und nutzen, E-Mails mit Anhang versenden und empfangen<\/p>\n\n\n\n<p>\u2022 Mitarbeit an einem Monatsblatt f\u00fcr die Anne-Frank-Schule (AFS aktuell): grundlegende Planung, Festlegung der Themen, Recherche, Verfassen von Berichten und Nachrichten, Layout, E-Mail-Korrespondenz, \u00dcberarbeiten von Artikeln, Scan, Druck, Vertrieb<\/p>\n\n\n\n<p>\u2022 Mitarbeit an einer Video-Pr\u00e4sentation: grundlegende Planung, Festlegung der Themen, Verfassen von  Texten, Videodreh und -schnitt mittels iPad (iMovie)<\/p>\n\n\n\n<p>\u2022 Teilnahme am Mentorenprogramm \u201eDigitale Helden\u201c, z.B. mit dem Schwerpunkt \u201ePers\u00f6nliche Daten im Netz\u201c. Gestalten eines Aktionstages und Halten eines Vortrags zu diesem Thema f\u00fcr Sch\u00fclerinnen und Sch\u00fcler der 5. Klasse als Mentor und Ansprechpartner (Digitaler Held).<\/p>\n","protected":false},"excerpt":{"rendered":"<p>Ein zentrales Ziel des berufsorientierenden Projekts B\u00fcro ist es, die Jugendlichen auf eine Arbeitswelt vorzubereiten, in der digitale Medien und elektronische Ger\u00e4te eine immer gr\u00f6\u00dfere Rolle spielen. Im Rahmen des Projekts setzen sich die Sch\u00fclerinnen und Sch\u00fcler insbesondere mit folgenden Aufgabenstellungen auseinander: \u2022 Kennenlernen und Bearbeiten von typischen B\u00fcroaufgaben: Ablage-, Kopier- und Laminierauftr\u00e4ge, Etikettendruck \u2022 Entgegennahme von Auftr\u00e4gen, Kosten berechnen, Rechnungen erstellen \u2022 Festigung und Erweiterung der Kompetenzen im Bereich der Handhabung verschiedener technischer Ger\u00e4te: PC, Laptop, Tablet, Smartphone, Interaktiver&#8230;<\/p>\n<p class=\"read-more\"><a class=\"btn btn-default\" href=\"https:\/\/wordpress.nibis.de\/afsos\/projekt-buero\/\">Weiterlesen<span class=\"screen-reader-text\"> Weiterlesen<\/span><\/a><\/p>\n","protected":false},"author":9194233,"featured_media":0,"parent":0,"menu_order":0,"comment_status":"closed","ping_status":"closed","template":"","meta":{"footnotes":""},"class_list":["post-667","page","type-page","status-publish","hentry"],"_links":{"self":[{"href":"https:\/\/wordpress.nibis.de\/afsos\/wp-json\/wp\/v2\/pages\/667","targetHints":{"allow":["GET"]}}],"collection":[{"href":"https:\/\/wordpress.nibis.de\/afsos\/wp-json\/wp\/v2\/pages"}],"about":[{"href":"https:\/\/wordpress.nibis.de\/afsos\/wp-json\/wp\/v2\/types\/page"}],"author":[{"embeddable":true,"href":"https:\/\/wordpress.nibis.de\/afsos\/wp-json\/wp\/v2\/users\/9194233"}],"replies":[{"embeddable":true,"href":"https:\/\/wordpress.nibis.de\/afsos\/wp-json\/wp\/v2\/comments?post=667"}],"version-history":[{"count":5,"href":"https:\/\/wordpress.nibis.de\/afsos\/wp-json\/wp\/v2\/pages\/667\/revisions"}],"predecessor-version":[{"id":676,"href":"https:\/\/wordpress.nibis.de\/afsos\/wp-json\/wp\/v2\/pages\/667\/revisions\/676"}],"wp:attachment":[{"href":"https:\/\/wordpress.nibis.de\/afsos\/wp-json\/wp\/v2\/media?parent=667"}],"curies":[{"name":"wp","href":"https:\/\/api.w.org\/{rel}","templated":true}]}}