{"id":677,"date":"2023-09-12T18:51:01","date_gmt":"2023-09-12T16:51:01","guid":{"rendered":"https:\/\/wordpress.nibis.de\/afsos\/?page_id=677"},"modified":"2023-09-12T18:51:02","modified_gmt":"2023-09-12T16:51:02","slug":"mobiler-dienst","status":"publish","type":"page","link":"https:\/\/wordpress.nibis.de\/afsos\/mobiler-dienst\/","title":{"rendered":"Mobiler Dienst"},"content":{"rendered":"\n<p><strong>Der Mobile Dienst f\u00fcr K\u00f6rperlich und Motorische Entwicklung<\/strong> betreut Sch\u00fclerinnen und Sch\u00fcler mit k\u00f6rperlichen Behinderunge.<\/p>\n\n\n\n<p>Der Mobile Dienst&nbsp; der Anne-Frank-Schule ber\u00e4t, unterst\u00fctzt und f\u00f6rdert vorbeugend, begleitend&nbsp;und erg\u00e4nzend in Schulen der Stadt Osnabr\u00fcck und&nbsp; im Landkreis Osnabr\u00fcck.<\/p>\n\n\n\n<p>Mobile Dienste sind St\u00fctzung und Erg\u00e4nzung der F\u00f6rderung im Unterricht der allgemeinen Schule, um dort dem sonderp\u00e4dagogischen Unterst\u00fctzungsbedarf zu entsprechen und bei der Bew\u00e4ltigung von Problemen zu helfen. Die Mobilen Dienste sind\u00a0einerseits eine Verkn\u00fcpfung der sonderp\u00e4dagogischen M\u00f6glichkeiten mit den unterrichtlichen und erzieherischen Anforderungen der allgemeinen Schule. Andererseits tragen die Mobilen Dienste dazu bei, die Tragf\u00e4higkeit der zust\u00e4ndigen allgemeinen Schule f\u00fcr Sch\u00fclerinnen und Sch\u00fcler mit sonderp\u00e4dagogischem F\u00f6rderbedarf zu steigern.<br><\/p>\n\n\n\n<p><strong><u>Aufgaben des Mobilen Dienstes<\/u><\/strong><\/p>\n\n\n\n<p>Der Mobile Dienst soll keine Nachhilfe, physiotherapeutische F\u00f6rderung oder F\u00f6rderunterricht leisten. Die Unterst\u00fctzung durch den Mobilen Dienst umfasst vielmehr:<\/p>\n\n\n\n<ul class=\"wp-block-list\"><li><strong>Unterst\u00fctzung und Beratung der Lehrerinnen und Lehrer<\/strong> in Bezug auf didaktische, methodische, unterrichtsorganisatorische und soziale Probleme, die durch die Behinderung der Sch\u00fclerin oder des Sch\u00fclers entstehen k\u00f6nnen. Dazu geh\u00f6ren:<ul><li>Anpassung von Lehr- und Lernmaterialien<\/li><\/ul><ul><li>Auswahl technischer und schulischer Hilfsmittel<\/li><\/ul><ul><li>Unterst\u00fctzung im Umgang mit dem Sch\u00fcler<\/li><\/ul><ul><li>Information \u00fcber die Behinderung<\/li><\/ul><\/li><\/ul>\n\n\n\n<ul class=\"wp-block-list\"><li><strong>Hilfen bei der Ausstattung des Arbeitsplatzes und Versorgung mit Hilfsmitteln<\/strong><\/li><\/ul>\n\n\n\n<ul class=\"wp-block-list\"><li><strong>Beratung der Eltern<\/strong><ul><li>Vermittlung von Gespr\u00e4chen mit Lehrerinnen und Lehrern<\/li><\/ul><ul><li>Beratung hinsichtlich der Versorgung mit speziellen Hilfsmitteln<\/li><\/ul><ul><li>Beratung in rechtlichen Fragen<\/li><\/ul><\/li><\/ul>\n\n\n\n<ul class=\"wp-block-list\"><li><strong>Information der Mitsch\u00fclerinnen und Mitsch\u00fcler <\/strong>\u00fcber die Art und Auswirkung der spezifischen Sch\u00e4digung. Ziel ist das bessere Verst\u00e4ndnis f\u00fcr die Situation der betroffenen Sch\u00fclerinnen und Sch\u00fcler und deren Integration in die Klassengemeinschaft.<\/li><\/ul>\n\n\n\n<ul class=\"wp-block-list\"><li><strong>Beratung bei der Umsetzung sonderp\u00e4dagogischer F\u00f6rderung<\/strong><ul><li>Beratung hinsichtlich des Nachteilsausgleiches (siehe unten)<\/li><\/ul><ul><li>Koordination der Beratung aller Fachlehrer<\/li><\/ul><ul><li>Beratung hinsichtlich der individuellen Belastbarkeit der Sch\u00fclerin oder des Sch\u00fclers.<\/li><\/ul><\/li><\/ul>\n\n\n\n<ul class=\"wp-block-list\"><li><strong>Vorbeugende, begleitende und erg\u00e4nzende Unterst\u00fctzung<\/strong> der Sch\u00fclerinnen und Sch\u00fcler in Unterrichtsbereichen und -f\u00e4chern<ul><li>Anleitung pers\u00f6nlichkeitsf\u00f6rdernder Ma\u00dfnahmen, die der individuellen Auseinandersetzung mit der Behinderung dienen<\/li><\/ul><ul><li>Spezielle zeitlich begrenzte F\u00f6rderung einzelner Sch\u00fclerinnen und Sch\u00fcler, die sich aus der besonderen Kompetenz der F\u00f6rderschullehrkraft ergeben.<\/li><\/ul><\/li><\/ul>\n\n\n\n<p><strong>Die Beantragung dieses Beratungsangebotes erfolgt ab dem Schuljahr 2021\/22 \u00fcber das Beratungs- und Unterst\u00fctzungssystem der Regionalen Landes\u00e4mter f\u00fcr Schule und Bildung.<\/strong><\/p>\n\n\n\n<p><strong>Aktuelle Anfragen f\u00fcr den &#8222;Mobilen Dienst K\u00f6rperlich und Motorische Entwicklung&#8220; bitte an:<\/strong><\/p>\n\n\n\n<p>Leitung Regionales Beratungs- und Unterst\u00fctzungszentrum Inklusive Schule (RZI)<br>Regionales Landesamt f\u00fcr Schule und Bildung Osnabr\u00fcck<br>Dezernat 2 Fachbereich Inklusive Bildung<br>Tel: 04441 99 979 84<br>Fax: 0541 77046-8200<br>Mobil: 0172-6593970<\/p>\n\n\n\n<p><a href=\"m&#97;&#x69;&#x6c;t&#111;&#x3a;&#x43;l&#97;&#x75;&#x64;i&#97;&#x2e;&#x53;c&#104;&#x6d;&#x65;l&#122;&#101;&#x72;&#x40;r&#108;&#x73;&#x62;-&#111;&#x73;&#x2e;n&#105;&#x65;&#x64;e&#114;&#x73;&#x61;c&#104;&#x73;&#x65;n&#46;&#100;&#x65;\">&#67;&#x6c;&#97;&#x75;d&#105;&#x61;&#46;&#x53;c&#x68;m&#101;&#x6c;&#122;&#x65;r&#x40;&#x72;&#108;&#x73;b&#x2d;o&#115;&#x2e;&#110;&#x69;e&#x64;e&#114;&#x73;&#97;&#x63;h&#115;&#x65;&#110;&#x2e;d&#x65;<\/a><br><a href=\"http:\/\/www.rlsb-os.de\">www.rlsb-os.de<\/a><\/p>\n","protected":false},"excerpt":{"rendered":"<p>Der Mobile Dienst f\u00fcr K\u00f6rperlich und Motorische Entwicklung betreut Sch\u00fclerinnen und Sch\u00fcler mit k\u00f6rperlichen Behinderunge. Der Mobile Dienst&nbsp; der Anne-Frank-Schule ber\u00e4t, unterst\u00fctzt und f\u00f6rdert vorbeugend, begleitend&nbsp;und erg\u00e4nzend in Schulen der Stadt Osnabr\u00fcck und&nbsp; im Landkreis Osnabr\u00fcck. Mobile Dienste sind St\u00fctzung und Erg\u00e4nzung der F\u00f6rderung im Unterricht der allgemeinen Schule, um dort dem sonderp\u00e4dagogischen Unterst\u00fctzungsbedarf zu entsprechen und bei der Bew\u00e4ltigung von Problemen zu helfen. Die Mobilen Dienste sind\u00a0einerseits eine Verkn\u00fcpfung der sonderp\u00e4dagogischen M\u00f6glichkeiten mit den unterrichtlichen und erzieherischen Anforderungen der&#8230;<\/p>\n<p class=\"read-more\"><a class=\"btn btn-default\" href=\"https:\/\/wordpress.nibis.de\/afsos\/mobiler-dienst\/\">Weiterlesen<span class=\"screen-reader-text\"> Weiterlesen<\/span><\/a><\/p>\n","protected":false},"author":9194245,"featured_media":0,"parent":0,"menu_order":0,"comment_status":"closed","ping_status":"closed","template":"","meta":{"footnotes":""},"class_list":["post-677","page","type-page","status-publish","hentry"],"_links":{"self":[{"href":"https:\/\/wordpress.nibis.de\/afsos\/wp-json\/wp\/v2\/pages\/677","targetHints":{"allow":["GET"]}}],"collection":[{"href":"https:\/\/wordpress.nibis.de\/afsos\/wp-json\/wp\/v2\/pages"}],"about":[{"href":"https:\/\/wordpress.nibis.de\/afsos\/wp-json\/wp\/v2\/types\/page"}],"author":[{"embeddable":true,"href":"https:\/\/wordpress.nibis.de\/afsos\/wp-json\/wp\/v2\/users\/9194245"}],"replies":[{"embeddable":true,"href":"https:\/\/wordpress.nibis.de\/afsos\/wp-json\/wp\/v2\/comments?post=677"}],"version-history":[{"count":5,"href":"https:\/\/wordpress.nibis.de\/afsos\/wp-json\/wp\/v2\/pages\/677\/revisions"}],"predecessor-version":[{"id":682,"href":"https:\/\/wordpress.nibis.de\/afsos\/wp-json\/wp\/v2\/pages\/677\/revisions\/682"}],"wp:attachment":[{"href":"https:\/\/wordpress.nibis.de\/afsos\/wp-json\/wp\/v2\/media?parent=677"}],"curies":[{"name":"wp","href":"https:\/\/api.w.org\/{rel}","templated":true}]}}