{"id":684,"date":"2023-09-12T18:55:38","date_gmt":"2023-09-12T16:55:38","guid":{"rendered":"https:\/\/wordpress.nibis.de\/afsos\/?page_id=684"},"modified":"2025-06-30T13:34:56","modified_gmt":"2025-06-30T11:34:56","slug":"arbeitsgemeinschaften","status":"publish","type":"page","link":"https:\/\/wordpress.nibis.de\/afsos\/arbeitsgemeinschaften\/","title":{"rendered":"Arbeitsgemeinschaften"},"content":{"rendered":"\n<p><strong><u>AGs (Arbeitsgemeinschaften) an unserer Schule<\/u><\/strong><\/p>\n\n\n\n<div class=\"wp-block-media-text alignwide has-media-on-the-right is-stacked-on-mobile\" style=\"grid-template-columns:auto 37%\"><figure class=\"wp-block-media-text__media\"><img loading=\"lazy\" decoding=\"async\" width=\"339\" height=\"344\" src=\"https:\/\/wordpress.nibis.de\/afsos\/files\/2023\/09\/ag.jpg\" alt=\"\" class=\"wp-image-748 size-full\" srcset=\"https:\/\/wordpress.nibis.de\/afsos\/files\/2023\/09\/ag.jpg 339w, https:\/\/wordpress.nibis.de\/afsos\/files\/2023\/09\/ag-80x80.jpg 80w\" sizes=\"auto, (max-width: 339px) 100vw, 339px\" \/><\/figure><div class=\"wp-block-media-text__content\">\n<p>Am Anfang jeden Schuljahres k\u00f6nnen die Sch\u00fcler*innen der <strong>Primarstufe (3. \/ 4. Jahrgang)<\/strong> und der <strong>Sekundarstufe<\/strong> aus einem vielf\u00e4ltigem Angebot von Arbeitsgemeinschaften w\u00e4hlen. Die AGs finden jeden Donnerstag in der 7.und 8. Stunde statt. Dort k\u00f6nnen die Sch\u00fcler*innen Zeit und Raum f\u00fcr ihre eigenen kreativen Neigungen und Interessen finden. Sowie gleichzeitig wertvolle soziale Erfahrungen sammeln.<\/p>\n<\/div><\/div>\n\n\n\n<p><u><strong>Aktuelle und bereits stattgefunde<\/strong><\/u><span style=\"text-decoration: underline\" class=\"underline\"><strong><u>ne A<\/u>Gs in der Primarstufe:<\/strong><\/span><\/p>\n\n\n\n<ul class=\"wp-block-list\"><li>Fu\u00dfball spielen<\/li><li>Freies Spiel<\/li><li>Fahrrad fahren<\/li><li>Yoga und Entspannung<\/li><li>M\u00e4rchenhafte Koch- und Backerlebnisse<\/li><li>Spiel und Spa\u00df im Therapie-Schwimmbad<\/li><li>Musik und Tanz<\/li><li>Trommeln<\/li><\/ul>\n\n\n\n<p><strong><u>A<strong><u>ktuelle und bereits stattgefunde AGs in der Sekundarstufe:<\/u><\/strong><\/u><\/strong><\/p>\n\n\n\n<p><strong>F\u00fcr die &nbsp;Sch\u00fcler*innen aus der Primarstufe finden f\u00fcr diese AGs zum Schulhalbjahr nochmal neue Wahlen statt.<\/strong><\/p>\n\n\n\n<ul class=\"wp-block-list\"><li>Fu\u00dfball<\/li><li>Schwimmen<\/li><li>Para-Schwimmteam<\/li><li><a href=\"https:\/\/wordpress.nibis.de\/afsos\/ag-kulturschnuppern\/\">Kultur schnuppern<\/a><\/li><li>Rollstuhlbasketball<\/li><li>Lego-Roboter<\/li><li>Kreatives Kunstatelier<\/li><li>Judo<\/li><li>Musik und Tanz<\/li><li>T\u00f6pfern<\/li><li>Tischtennis<\/li><\/ul>\n\n\n\n<p><strong>F\u00fcr die Sch\u00fcler*innen aus der Sekundarstufe finden diese AGs ganzj\u00e4hrig statt.<\/strong><\/p>\n","protected":false},"excerpt":{"rendered":"<p>AGs (Arbeitsgemeinschaften) an unserer Schule Am Anfang jeden Schuljahres k\u00f6nnen die Sch\u00fcler*innen der Primarstufe (3. \/ 4. Jahrgang) und der Sekundarstufe aus einem vielf\u00e4ltigem Angebot von Arbeitsgemeinschaften w\u00e4hlen. Die AGs finden jeden Donnerstag in der 7.und 8. Stunde statt. Dort k\u00f6nnen die Sch\u00fcler*innen Zeit und Raum f\u00fcr ihre eigenen kreativen Neigungen und Interessen finden. Sowie gleichzeitig wertvolle soziale Erfahrungen sammeln. Aktuelle und bereits stattgefundene AGs in der Primarstufe: Fu\u00dfball spielen Freies Spiel Fahrrad fahren Yoga und Entspannung M\u00e4rchenhafte Koch- und&#8230;<\/p>\n<p class=\"read-more\"><a class=\"btn btn-default\" href=\"https:\/\/wordpress.nibis.de\/afsos\/arbeitsgemeinschaften\/\">Weiterlesen<span class=\"screen-reader-text\"> Weiterlesen<\/span><\/a><\/p>\n","protected":false},"author":9194245,"featured_media":0,"parent":0,"menu_order":0,"comment_status":"closed","ping_status":"closed","template":"","meta":{"footnotes":""},"class_list":["post-684","page","type-page","status-publish","hentry"],"_links":{"self":[{"href":"https:\/\/wordpress.nibis.de\/afsos\/wp-json\/wp\/v2\/pages\/684","targetHints":{"allow":["GET"]}}],"collection":[{"href":"https:\/\/wordpress.nibis.de\/afsos\/wp-json\/wp\/v2\/pages"}],"about":[{"href":"https:\/\/wordpress.nibis.de\/afsos\/wp-json\/wp\/v2\/types\/page"}],"author":[{"embeddable":true,"href":"https:\/\/wordpress.nibis.de\/afsos\/wp-json\/wp\/v2\/users\/9194245"}],"replies":[{"embeddable":true,"href":"https:\/\/wordpress.nibis.de\/afsos\/wp-json\/wp\/v2\/comments?post=684"}],"version-history":[{"count":5,"href":"https:\/\/wordpress.nibis.de\/afsos\/wp-json\/wp\/v2\/pages\/684\/revisions"}],"predecessor-version":[{"id":2034,"href":"https:\/\/wordpress.nibis.de\/afsos\/wp-json\/wp\/v2\/pages\/684\/revisions\/2034"}],"wp:attachment":[{"href":"https:\/\/wordpress.nibis.de\/afsos\/wp-json\/wp\/v2\/media?parent=684"}],"curies":[{"name":"wp","href":"https:\/\/api.w.org\/{rel}","templated":true}]}}