{"id":724,"date":"2023-09-13T12:53:39","date_gmt":"2023-09-13T10:53:39","guid":{"rendered":"https:\/\/wordpress.nibis.de\/afsos\/?page_id=724"},"modified":"2026-03-03T16:37:59","modified_gmt":"2026-03-03T15:37:59","slug":"schulbesichtigungen-fuer-interessierte","status":"publish","type":"page","link":"https:\/\/wordpress.nibis.de\/afsos\/schulbesichtigungen-fuer-interessierte\/","title":{"rendered":"Schulbesichtigungen f\u00fcr Interessierte"},"content":{"rendered":"\n<p>Sie m\u00f6chten gerne unsere Schule kennen lernen, weil ihr Kind bereits einen sonderp\u00e4dagogischen Unterst\u00fctzungsbedarf k\u00f6rperlich-motorische Entwicklung hat oder bekommen soll, dann k\u00f6nnen Sie ich sich gerne f\u00fcr eine <strong>Schulbesichtigung<\/strong> anmelden.<\/p>\n\n\n\n<p>Die Besichtigungen richten sich an Erwachsene. Kinder, die an unserer Schule angemeldet werden, bekommen an einem extra Termin die Gelegenheit zum Schnuppern.<\/p>\n\n\n\n<p>Schreiben Sie einfach eine E-Mail mit dem gew\u00fcnschten&nbsp;<strong>Termin (siehe unten), Ihren Namen und Ihrer Telefonnummer&nbsp;<\/strong>an&nbsp;<a href=\"&#109;&#97;&#x69;&#x6c;&#116;&#111;&#x3a;&#x73;&#99;&#104;&#x75;&#x6c;&#98;&#101;&#x73;&#x69;&#99;&#104;&#x74;&#x69;&#103;&#117;&#x6e;&#x67;&#64;&#97;&#x66;&#x73;&#111;&#115;&#x2e;&#x64;&#101;\"><strong>&#x73;&#x63;&#104;u&#x6c;&#x62;&#101;&#115;i&#x63;&#x68;&#116;&#105;g&#x75;&#x6e;&#103;&#64;a&#x66;&#x73;&#111;s&#x2e;&#x64;&#101;<\/strong><\/a><strong>.<\/strong><\/p>\n\n\n\n<p>Wenn Sie im p\u00e4dagogischen Bereich t\u00e4tig sind und sich \u00fcber unsere Schule informieren m\u00f6chten, k\u00f6nnen auch Sie sich gern zu einem der Termine anmelden. M\u00f6chten Sie sich als Team \u00fcber unsere Schule informieren, dann bieten wir Ihnen gerne extra Termine an. Auch hierf\u00fcr schreiben Sie uns einfach eine Mail.&nbsp;<\/p>\n\n\n\n<p><\/p>\n\n\n\n<p><strong>Termine im Schuljahr 2025\/2026<\/strong><\/p>\n\n\n\n<p><\/p>\n\n\n\n<figure class=\"wp-block-table\">\n<table style=\"width: 100%;height: 226px\">\n<tbody>\n<tr style=\"height: 37px\">\n<td style=\"height: 37px\">25.09.2025<\/td>\n<td style=\"height: 37px\">16:30h (Klasse 1-4)<\/td>\n<\/tr>\n<tr style=\"height: 24px\">\n<td style=\"height: 24px\">20.11.2025<\/td>\n<td style=\"height: 24px\">16:30h (Klasse 1-4)<\/td>\n<\/tr>\n<tr style=\"height: 23px\">\n<td style=\"height: 23px\">04.12.2025<\/td>\n<td style=\"height: 23px\">16:30h (Klasse 1-4)<\/td>\n<\/tr>\n<tr style=\"height: 37px\">\n<td style=\"height: 37px\">08.01.2026<\/td>\n<td style=\"height: 37px\">16:30h (Klasse 1-4)<\/td>\n<\/tr>\n<tr style=\"height: 37px\">\n<td style=\"height: 37px\">12.02.2026<\/td>\n<td style=\"height: 37px\">16:30h (Klasse 1-9)<\/td>\n<\/tr>\n<tr style=\"height: 31px\">\n<td style=\"height: 31px\">16.04.2026<\/td>\n<td style=\"height: 31px\">16:30h (Klasse 1-4)<\/td>\n<\/tr>\n<tr style=\"height: 37px\">\n<td style=\"height: 37px\">21.05.2026<\/td>\n<td style=\"height: 37px\">16:30h (Klasse 1-4)<\/td>\n<\/tr>\n<\/tbody>\n<\/table>\n<\/figure>\n\n\n\n<p>&nbsp;Wir freuen uns auf ein Treffen und hoffen, dass wir viele Fragen bei einer Besichtigung beantworten k\u00f6nnen. Bei dringenden Fragen stehen wir Ihnen nat\u00fcrlich auch gerne f\u00fcr ein Telefonat fr\u00fcher zur Verf\u00fcgung.<\/p>\n\n\n\n<p>Sie haben Fragen zur Schulanmeldung. <a href=\"https:\/\/wordpress.nibis.de\/afsos\/anmeldung\/\">Hier<\/a> gibt es weitere Informationen zur Anmeldung. <\/p>\n","protected":false},"excerpt":{"rendered":"<p>Sie m\u00f6chten gerne unsere Schule kennen lernen, weil ihr Kind bereits einen sonderp\u00e4dagogischen Unterst\u00fctzungsbedarf k\u00f6rperlich-motorische Entwicklung hat oder bekommen soll, dann k\u00f6nnen Sie ich sich gerne f\u00fcr eine Schulbesichtigung anmelden. Die Besichtigungen richten sich an Erwachsene. Kinder, die an unserer Schule angemeldet werden, bekommen an einem extra Termin die Gelegenheit zum Schnuppern. Schreiben Sie einfach eine E-Mail mit dem gew\u00fcnschten&nbsp;Termin (siehe unten), Ihren Namen und Ihrer Telefonnummer&nbsp;an&nbsp;&#x73;&#99;&#x68;&#117;l&#x62;&#101;s&#x69;&#99;&#x68;&#x74;i&#x67;&#117;n&#x67;&#64;&#x61;&#x66;s&#x6f;&#115;&#46;&#x64;&#101;. Wenn Sie im p\u00e4dagogischen Bereich t\u00e4tig sind und sich \u00fcber unsere Schule informieren&#8230;<\/p>\n<p class=\"read-more\"><a class=\"btn btn-default\" href=\"https:\/\/wordpress.nibis.de\/afsos\/schulbesichtigungen-fuer-interessierte\/\">Weiterlesen<span class=\"screen-reader-text\"> Weiterlesen<\/span><\/a><\/p>\n","protected":false},"author":9194233,"featured_media":0,"parent":0,"menu_order":0,"comment_status":"closed","ping_status":"closed","template":"","meta":{"footnotes":""},"class_list":["post-724","page","type-page","status-publish","hentry"],"_links":{"self":[{"href":"https:\/\/wordpress.nibis.de\/afsos\/wp-json\/wp\/v2\/pages\/724","targetHints":{"allow":["GET"]}}],"collection":[{"href":"https:\/\/wordpress.nibis.de\/afsos\/wp-json\/wp\/v2\/pages"}],"about":[{"href":"https:\/\/wordpress.nibis.de\/afsos\/wp-json\/wp\/v2\/types\/page"}],"author":[{"embeddable":true,"href":"https:\/\/wordpress.nibis.de\/afsos\/wp-json\/wp\/v2\/users\/9194233"}],"replies":[{"embeddable":true,"href":"https:\/\/wordpress.nibis.de\/afsos\/wp-json\/wp\/v2\/comments?post=724"}],"version-history":[{"count":14,"href":"https:\/\/wordpress.nibis.de\/afsos\/wp-json\/wp\/v2\/pages\/724\/revisions"}],"predecessor-version":[{"id":2763,"href":"https:\/\/wordpress.nibis.de\/afsos\/wp-json\/wp\/v2\/pages\/724\/revisions\/2763"}],"wp:attachment":[{"href":"https:\/\/wordpress.nibis.de\/afsos\/wp-json\/wp\/v2\/media?parent=724"}],"curies":[{"name":"wp","href":"https:\/\/api.w.org\/{rel}","templated":true}]}}