{"id":111,"date":"2014-03-19T10:20:54","date_gmt":"2014-03-19T09:20:54","guid":{"rendered":"http:\/\/127.0.0.1:4001\/wordpress\/?page_id=111"},"modified":"2015-09-24T12:22:43","modified_gmt":"2015-09-24T10:22:43","slug":"leitbild","status":"publish","type":"page","link":"https:\/\/wordpress.nibis.de\/alsbs\/leitbild\/","title":{"rendered":"Leitbild"},"content":{"rendered":"<p>Alle Sch\u00fclerinnen und Sch\u00fcler, Lehrerinnen und Lehrer, Mitarbeiterinnen und Mitarbeiter, sowie Eltern und G\u00e4ste sollen sich in unserer Schule stets wohl- und willkommen f\u00fchlen.<\/p>\n<p>Dazu geh\u00f6ren:<\/p>\n<ul>\n<li>Gegenseitiges Respektieren<\/li>\n<li>R\u00fccksichtnahme auf Andere<\/li>\n<li>Offenheit f\u00fcr den Dialog \/ Zuh\u00f6ren und Reden<\/li>\n<li>ein angenehmes Arbeitsumfeld\u00dcbergeordnetes Ziel aller schulischen Arbeit ist die Pers\u00f6nlichkeitsbildung der Sch\u00fclerinnen und Sch\u00fcler. Diese sollen als gest\u00e4rkte Pers\u00f6nlichkeiten die Schule verlassen. Dazu sollen sie ein bestm\u00f6gliches K\u00f6nnens-, Erfahrungs- und Verhaltensrepertoire erwerben, damit ein weitgehend selbst bestimmter Einstieg in die Erwachsenenwelt gelingen kann.\n<p>Schwerpunkte der Unterrichtsarbeit sollen sein:<\/li>\n<li>F\u00f6rderung und Weiterentwicklung sozial-emotionaler F\u00e4higkeiten<\/li>\n<li>Entwicklung realistischer Selbsteinsch\u00e4tzung<\/li>\n<li>F\u00f6rderung zu gr\u00f6\u00dftm\u00f6glicher Selbstst\u00e4ndigkeit<\/li>\n<li>Erwerb von Kultur- und Arbeitstechniken<\/li>\n<li>F\u00f6rderung der Sch\u00fclerinnen und Sch\u00fcler nach ihrer individuellen Leistungsf\u00e4higkeit<\/li>\n<li>Entwicklung von Medienkompetenz<\/li>\n<li>Berufsorientierung<\/li>\n<li>Vorbereitung auf die Zeit nach der Schule \/ \u00dcbergang in die Erwachsenen- und ArbeitsweltUm dies zu erreichen, arbeiten wir Lehrkr\u00e4fte mit vielen unterschiedlichen Institutionen zusammen, tauschen uns regelm\u00e4\u00dfig untereinander aus und bilden uns fort. Ebenso wird die unterrichtliche Arbeit durch ein reges Schulleben mit zahlreichen Aktivit\u00e4ten erg\u00e4nzt und unterst\u00fctzt.\n<p><a href=\"http:\/\/wordpress.nibis.de\/alsbs\/?p=339\">Leitbild als PDF<\/a>*<\/li>\n<\/ul>\n<p>&nbsp;<\/p>\n<p>&nbsp;<\/p>\n<p align=\"right\">* Zum Download rechte Maustaste dr\u00fccken und im PopUp-Men\u00fc <i>Ziel speichern unter &#8230; <\/i>w\u00e4hlen<\/p>\n","protected":false},"excerpt":{"rendered":"<p>Alle Sch\u00fclerinnen und Sch\u00fcler, Lehrerinnen und Lehrer, Mitarbeiterinnen und Mitarbeiter, sowie Eltern und G\u00e4ste sollen sich in unserer Schule stets wohl- und willkommen f\u00fchlen. Dazu geh\u00f6ren: Gegenseitiges Respektieren R\u00fccksichtnahme auf Andere Offenheit f\u00fcr den Dialog \/ Zuh\u00f6ren und Reden ein &hellip; <a href=\"https:\/\/wordpress.nibis.de\/alsbs\/leitbild\/\">Weiterlesen <span class=\"meta-nav\">&rarr;<\/span><\/a><\/p>\n","protected":false},"author":567,"featured_media":0,"parent":0,"menu_order":4,"comment_status":"closed","ping_status":"open","template":"","meta":{"footnotes":""},"class_list":["post-111","page","type-page","status-publish","hentry"],"_links":{"self":[{"href":"https:\/\/wordpress.nibis.de\/alsbs\/wp-json\/wp\/v2\/pages\/111","targetHints":{"allow":["GET"]}}],"collection":[{"href":"https:\/\/wordpress.nibis.de\/alsbs\/wp-json\/wp\/v2\/pages"}],"about":[{"href":"https:\/\/wordpress.nibis.de\/alsbs\/wp-json\/wp\/v2\/types\/page"}],"author":[{"embeddable":true,"href":"https:\/\/wordpress.nibis.de\/alsbs\/wp-json\/wp\/v2\/users\/567"}],"replies":[{"embeddable":true,"href":"https:\/\/wordpress.nibis.de\/alsbs\/wp-json\/wp\/v2\/comments?post=111"}],"version-history":[{"count":3,"href":"https:\/\/wordpress.nibis.de\/alsbs\/wp-json\/wp\/v2\/pages\/111\/revisions"}],"predecessor-version":[{"id":342,"href":"https:\/\/wordpress.nibis.de\/alsbs\/wp-json\/wp\/v2\/pages\/111\/revisions\/342"}],"wp:attachment":[{"href":"https:\/\/wordpress.nibis.de\/alsbs\/wp-json\/wp\/v2\/media?parent=111"}],"curies":[{"name":"wp","href":"https:\/\/api.w.org\/{rel}","templated":true}]}}