{"id":1115,"date":"2021-06-28T05:50:31","date_gmt":"2021-06-28T03:50:31","guid":{"rendered":"https:\/\/wordpress.nibis.de\/alsbs\/?page_id=1115"},"modified":"2021-07-20T06:24:31","modified_gmt":"2021-07-20T04:24:31","slug":"elternvertreterinnen","status":"publish","type":"page","link":"https:\/\/wordpress.nibis.de\/alsbs\/elternvertreterinnen\/","title":{"rendered":"ElternvertreterInnen"},"content":{"rendered":"\n<p><strong>Liebe Eltern,<\/strong><\/p>\n\n\n\n<p>wir m\u00f6chten Ihnen hier gerne einen Einblick in die Aufgaben eines\/r Elternvertreters\/-in geben und Euch ermutigen, sich zur Wahl zu stellen. Bei Fragen, stehen wir Ihnen gerne zur Verfu\u0308gung. Kontaktm\u00f6glichkeiten, s. unten.<\/p>\n\n\n\n<p><strong>Aufgaben eines\/r Elternvertreters\/-in:<\/strong><\/p>\n\n\n\n<p>Die Elternvertreter\/-innen vermitteln zwischen Eltern, Schulleitung und Lehrer\/-innen, nehmen an Klassenkonferenzen teil, fu\u0308hren ggf. eine Klassenkasse und organisieren Weihnachtsfeiern in den Klassen etc.<\/p>\n\n\n\n<p>Elternvertreter\/-innen sind auch automatisch Mitglied im Schulelternrat, welcher 2-4 mal im Jahr tagt und w\u00e4hlen auch dessen Vorstand. Bei diesen Sitzungen ist auch die Schulleitung anwesend und berichtet u\u0308ber Neuerungen\/\u00c4nderungen im Schulalltag. <\/p>\n\n\n\n<p>Elternvertreter\/-innen <strong>k\u00f6nnen <\/strong>auch Mitglied der Gesamtkonferenz, des Schulvorstands und des Stadtelternrats werden.<\/p>\n\n\n\n<p><strong>Wie werde ich Elternsprecher\/-in?<\/strong><\/p>\n\n\n\n<p>In jeder Klasse werden zwei Elternvertreter\/-innen w\u00e4hrend eines Elternabends gew\u00e4hlt. Gew\u00e4hlt wird fu\u0308r eine Amtszeit von zwei Jahren.<\/p>\n\n\n\n<p><strong>Kontakt zum Vorstand des Schulelternrats:<\/strong><\/p>\n\n\n\n<p>Haben Sie Fragen zu der Arbeit eines\/r Elternvertreters\/-in? <br>\u00dcberlegen Sie, Ihr Kind an der Astrid-Lindgren-Schule anzumelden und haben Fragen? <br>M\u00f6chten Sie uns etwas mitteilen, das im Schulelternrat besprochen werden sollte?<\/p>\n\n\n\n<p><strong>Wenden Sie sich gerne an uns:<\/strong><\/p>\n\n\n\n<p>Michael Vierke (Vorsitzender des Schulelternrats): &#109;&#x69;&#99;&#x68;a&#101;&#x6c;&#46;&#x76;i&#x65;r&#107;&#x65;&#64;&#x61;l&#x73;&#x62;&#115;&#x2e;d&#x65;<br>Melanie Linde (stellvertretende Vorsitzende des Schulelternrats): &#109;e&#x6c;a&#x6e;i&#x65;&#46;&#x6c;i&#x6e;d&#x65;&#64;&#x61;&#108;&#x73;&#98;&#x73;&#46;&#x64;&#101;<\/p>\n","protected":false},"excerpt":{"rendered":"<p>Liebe Eltern, wir m\u00f6chten Ihnen hier gerne einen Einblick in die Aufgaben eines\/r Elternvertreters\/-in geben und Euch ermutigen, sich zur Wahl zu stellen. Bei Fragen, stehen wir Ihnen gerne zur Verfu\u0308gung. Kontaktm\u00f6glichkeiten, s. unten. Aufgaben eines\/r Elternvertreters\/-in: Die Elternvertreter\/-innen vermitteln &hellip; <a href=\"https:\/\/wordpress.nibis.de\/alsbs\/elternvertreterinnen\/\">Weiterlesen <span class=\"meta-nav\">&rarr;<\/span><\/a><\/p>\n","protected":false},"author":567,"featured_media":0,"parent":0,"menu_order":0,"comment_status":"closed","ping_status":"closed","template":"","meta":{"footnotes":""},"class_list":["post-1115","page","type-page","status-publish","hentry"],"_links":{"self":[{"href":"https:\/\/wordpress.nibis.de\/alsbs\/wp-json\/wp\/v2\/pages\/1115","targetHints":{"allow":["GET"]}}],"collection":[{"href":"https:\/\/wordpress.nibis.de\/alsbs\/wp-json\/wp\/v2\/pages"}],"about":[{"href":"https:\/\/wordpress.nibis.de\/alsbs\/wp-json\/wp\/v2\/types\/page"}],"author":[{"embeddable":true,"href":"https:\/\/wordpress.nibis.de\/alsbs\/wp-json\/wp\/v2\/users\/567"}],"replies":[{"embeddable":true,"href":"https:\/\/wordpress.nibis.de\/alsbs\/wp-json\/wp\/v2\/comments?post=1115"}],"version-history":[{"count":3,"href":"https:\/\/wordpress.nibis.de\/alsbs\/wp-json\/wp\/v2\/pages\/1115\/revisions"}],"predecessor-version":[{"id":1120,"href":"https:\/\/wordpress.nibis.de\/alsbs\/wp-json\/wp\/v2\/pages\/1115\/revisions\/1120"}],"wp:attachment":[{"href":"https:\/\/wordpress.nibis.de\/alsbs\/wp-json\/wp\/v2\/media?parent=1115"}],"curies":[{"name":"wp","href":"https:\/\/api.w.org\/{rel}","templated":true}]}}