{"id":117,"date":"2014-03-19T10:24:23","date_gmt":"2014-03-19T09:24:23","guid":{"rendered":"http:\/\/127.0.0.1:4001\/wordpress\/?page_id=117"},"modified":"2019-10-09T15:49:31","modified_gmt":"2019-10-09T13:49:31","slug":"oberstufenband","status":"publish","type":"page","link":"https:\/\/wordpress.nibis.de\/alsbs\/oberstufenband\/","title":{"rendered":"Oberstufenband"},"content":{"rendered":"<p class=\"western\" align=\"justify\">Das klassen\u00fcbergreifende <b>Oberstufenband <\/b>an drei Tagen in der Woche mit jeweils zwei Stunden, erm\u00f6glicht es den Sch\u00fclerinnen und Sch\u00fclern der Klassen 7 \u2013 8, sich in besonderer Weise auf die Zeit nach der Schule vorzube\u00adreiten. Hier werden praktisch und lebensweltbezogen in verschiedenen Stationen, die die Sch\u00fclerinnen und Sch\u00fcler nacheinander im Laufe von zwei Schuljahren durchlaufen, wichtige Kompetenzen f\u00fcr die Berufswelt vermittelt. Dies geschieht in den Stationen Cafeteria, Kaufm\u00e4nnisches Rechnen, Arbeit am PC und Sozialkompetenz-Training\/Berufsorientierung.<\/p>\n<p><a href=\"https:\/\/wordpress.nibis.de\/alsbs\/cafeteria\/\">Cafeteria<\/a><\/p>\n<p><a href=\"https:\/\/wordpress.nibis.de\/alsbs\/kaufmaennische-station\/\">Kaufm\u00e4nnische Station<\/a><\/p>\n<p><a href=\"https:\/\/wordpress.nibis.de\/alsbs\/sozialkompetenz-und-berufstraining\/\">Sozialkompetenz und Berufstraining<\/a><\/p>\n<p><a href=\"https:\/\/wordpress.nibis.de\/alsbs\/pc-training\/\">PC-Training<\/a><\/p>\n","protected":false},"excerpt":{"rendered":"<p>Das klassen\u00fcbergreifende Oberstufenband an drei Tagen in der Woche mit jeweils zwei Stunden, erm\u00f6glicht es den Sch\u00fclerinnen und Sch\u00fclern der Klassen 7 \u2013 8, sich in besonderer Weise auf die Zeit nach der Schule vorzube\u00adreiten. Hier werden praktisch und lebensweltbezogen &hellip; <a href=\"https:\/\/wordpress.nibis.de\/alsbs\/oberstufenband\/\">Weiterlesen <span class=\"meta-nav\">&rarr;<\/span><\/a><\/p>\n","protected":false},"author":567,"featured_media":0,"parent":0,"menu_order":1,"comment_status":"closed","ping_status":"open","template":"","meta":{"footnotes":""},"class_list":["post-117","page","type-page","status-publish","hentry"],"_links":{"self":[{"href":"https:\/\/wordpress.nibis.de\/alsbs\/wp-json\/wp\/v2\/pages\/117","targetHints":{"allow":["GET"]}}],"collection":[{"href":"https:\/\/wordpress.nibis.de\/alsbs\/wp-json\/wp\/v2\/pages"}],"about":[{"href":"https:\/\/wordpress.nibis.de\/alsbs\/wp-json\/wp\/v2\/types\/page"}],"author":[{"embeddable":true,"href":"https:\/\/wordpress.nibis.de\/alsbs\/wp-json\/wp\/v2\/users\/567"}],"replies":[{"embeddable":true,"href":"https:\/\/wordpress.nibis.de\/alsbs\/wp-json\/wp\/v2\/comments?post=117"}],"version-history":[{"count":9,"href":"https:\/\/wordpress.nibis.de\/alsbs\/wp-json\/wp\/v2\/pages\/117\/revisions"}],"predecessor-version":[{"id":777,"href":"https:\/\/wordpress.nibis.de\/alsbs\/wp-json\/wp\/v2\/pages\/117\/revisions\/777"}],"wp:attachment":[{"href":"https:\/\/wordpress.nibis.de\/alsbs\/wp-json\/wp\/v2\/media?parent=117"}],"curies":[{"name":"wp","href":"https:\/\/api.w.org\/{rel}","templated":true}]}}