{"id":129,"date":"2014-03-19T10:29:53","date_gmt":"2014-03-19T09:29:53","guid":{"rendered":"http:\/\/127.0.0.1:4001\/wordpress\/?page_id=129"},"modified":"2023-09-20T07:01:58","modified_gmt":"2023-09-20T05:01:58","slug":"zusammenarbeit-mit-berufsbildenen-schulen","status":"publish","type":"page","link":"https:\/\/wordpress.nibis.de\/alsbs\/zusammenarbeit-mit-berufsbildenen-schulen\/","title":{"rendered":"Zusammenarbeit mit berufsbildenen Schulen"},"content":{"rendered":"<p><span style=\"font-size: 18pt\"><strong><u>Braunschweiger Modell \u2013 Kooperation von Berufsbildenden Schulen und F\u00f6rderschule<\/u><\/strong><\/span><\/p>\n<p>Seit ca. 15 Jahren beteiligt sich die Astrid-Lindgren-Schule an der Zusammenarbeit zwischen den \u201eBerufsbildenden Schulen\u201c (BBS) und den F\u00f6rderschulen.<br \/>\nDurch dieses Braunschweiger Unterrichtsmodell wird f\u00fcr die Sch\u00fclerinnen und Sch\u00fcler der \u00dcbergang in das berufsbildende Schulwesen erleichtert.<\/p>\n<p><strong>Organisation<\/strong><\/p>\n<p>Sch\u00fclerinnen und Sch\u00fcler der 8. und 9. Klassen erhalten in der Regel in jedem Schulhalbjahr ca. 8 Wochen w\u00f6chentlich vier Stunden Unterricht in einer der vier Berufsbildenden Schule (BBS). Dieser Werkstattunterricht wird von den Lehrkr\u00e4ften f\u00fcr Fachpraxis der BBS geleitet, die Klassenleitung begleitet ihre Sch\u00fclerinnen und Sch\u00fcler werden in der Regel dorthin. Die Themen reichen von Bau- und Holztechnik \u00fcber Farbe und Raum bis hin zu K\u00f6rperpflege und Ern\u00e4hrung.<\/p>\n<p><strong>Ziele<\/strong><\/p>\n<ul>\n<li>Abbau von Schwellen\u00e4ngsten vieler Sch\u00fclerinnen und Sch\u00fcler gegen\u00fcber den Berufsschulen<\/li>\n<li>den zuk\u00fcnftigen Lernort Berufsschule besser kennen lernen<\/li>\n<li>eine Auseinandersetzung der Jugendlichen mit den verschiedenen Berufsfeldern f\u00fcr die eigene Berufswahl erm\u00f6glichen<\/li>\n<li>Verbesserung der Zusammenarbeit zwischen F\u00f6rderschulen und Berufsschulen<\/li>\n<\/ul>\n<p><strong>Berufsfelder im <\/strong>Unterrichtsverbund<\/p>\n<ul>\n<li><a href=\"http:\/\/johannes-selenka-schule.de\/\" target=\"_blank\" rel=\"noopener\"><span style=\"color: #0000ff\"><span style=\"font-family: Times New Roman, serif\"><u>BBS Johannes Selenka<\/u><\/span><\/span><\/a><span style=\"font-family: Times New Roman, serif\"> (Inselwall): Metallbau, Holz- und Bautechnik<\/span><\/li>\n<li><a href=\"https:\/\/buessing.schule\/\" target=\"_blank\" rel=\"noopener\"><span style=\"color: #0000ff\"><span style=\"font-family: Times New Roman, serif\"><u>BBS Heinrich B\u00fcssing<\/u><\/span><\/span><\/a><span style=\"font-family: Times New Roman, serif\">\u00a0(Salzdahlumer Str.): Metallbau<\/span><\/li>\n<li><a href=\"http:\/\/www.helene-engelbrecht-schule.de\/\" target=\"_blank\" rel=\"noopener\"><span style=\"color: #0000ff\"><span style=\"font-family: Times New Roman, serif\"><u>BBS Helene Engelbrecht <\/u><\/span><\/span><\/a><span style=\"font-family: Times New Roman, serif\">(Reichsstr.): Elektrotechnik und K\u00f6rperpflege<\/span><\/li>\n<li><a href=\"https:\/\/martha-fuchs-schule.de\/\" target=\"_blank\" rel=\"noopener\"><span style=\"color: #0000ff\"><span style=\"font-family: Times New Roman, serif\"><u>BBS Martha Fuchs<\/u><\/span><\/span><\/a><span style=\"font-family: Times New Roman, serif\"> (Kastanienallee): Hauswirtschaft und Textil<\/span><\/li>\n<\/ul>\n<p><strong>Fazit:<\/strong><\/p>\n<p>Die Zusammenarbeit zwischen den verschiedenen Berufsschulen und unserer Schule klappt sehr gut.<br \/>\nDie Sch\u00fclerinnen und Sch\u00fcler nehmen motiviert und interessiert am Unterrichtsverbund teil.<br \/>\nDie Anmeldung f\u00fcr die Berufseinstiegsklassen (BEK) f\u00e4llt den Sch\u00fclerinnen und Sch\u00fclern nach der Teilnahme am Braunschweiger Modell wesentlich leichter.<br \/>\nDie Begr\u00fcndung f\u00fcr ihre Entscheidung ist sehr viel fundierter.<\/p>\n<p align=\"right\"><i>Autor: Frau Huismann<\/i><\/p>\n","protected":false},"excerpt":{"rendered":"<p>Braunschweiger Modell \u2013 Kooperation von Berufsbildenden Schulen und F\u00f6rderschule Seit ca. 15 Jahren beteiligt sich die Astrid-Lindgren-Schule an der Zusammenarbeit zwischen den \u201eBerufsbildenden Schulen\u201c (BBS) und den F\u00f6rderschulen. Durch dieses Braunschweiger Unterrichtsmodell wird f\u00fcr die Sch\u00fclerinnen und Sch\u00fcler der \u00dcbergang &hellip; <a href=\"https:\/\/wordpress.nibis.de\/alsbs\/zusammenarbeit-mit-berufsbildenen-schulen\/\">Weiterlesen <span class=\"meta-nav\">&rarr;<\/span><\/a><\/p>\n","protected":false},"author":567,"featured_media":0,"parent":0,"menu_order":6,"comment_status":"closed","ping_status":"open","template":"","meta":{"footnotes":""},"class_list":["post-129","page","type-page","status-publish","hentry"],"_links":{"self":[{"href":"https:\/\/wordpress.nibis.de\/alsbs\/wp-json\/wp\/v2\/pages\/129","targetHints":{"allow":["GET"]}}],"collection":[{"href":"https:\/\/wordpress.nibis.de\/alsbs\/wp-json\/wp\/v2\/pages"}],"about":[{"href":"https:\/\/wordpress.nibis.de\/alsbs\/wp-json\/wp\/v2\/types\/page"}],"author":[{"embeddable":true,"href":"https:\/\/wordpress.nibis.de\/alsbs\/wp-json\/wp\/v2\/users\/567"}],"replies":[{"embeddable":true,"href":"https:\/\/wordpress.nibis.de\/alsbs\/wp-json\/wp\/v2\/comments?post=129"}],"version-history":[{"count":6,"href":"https:\/\/wordpress.nibis.de\/alsbs\/wp-json\/wp\/v2\/pages\/129\/revisions"}],"predecessor-version":[{"id":1256,"href":"https:\/\/wordpress.nibis.de\/alsbs\/wp-json\/wp\/v2\/pages\/129\/revisions\/1256"}],"wp:attachment":[{"href":"https:\/\/wordpress.nibis.de\/alsbs\/wp-json\/wp\/v2\/media?parent=129"}],"curies":[{"name":"wp","href":"https:\/\/api.w.org\/{rel}","templated":true}]}}