{"id":131,"date":"2014-03-19T10:31:13","date_gmt":"2014-03-19T09:31:13","guid":{"rendered":"http:\/\/127.0.0.1:4001\/wordpress\/?page_id=131"},"modified":"2022-08-23T08:51:33","modified_gmt":"2022-08-23T06:51:33","slug":"organisation","status":"publish","type":"page","link":"https:\/\/wordpress.nibis.de\/alsbs\/organisation\/","title":{"rendered":"F\u00f6rderschwerpunkt Lernen"},"content":{"rendered":"\n<p>Unsere Aufgabe als F\u00f6rderschule mit dem Schwerpunkt Lernen ist die Lern- und Entwicklungsf\u00f6rderung von Sch\u00fclerInnen in ihrer individuellen Leistungsf\u00e4higkeit. Dadurch m\u00f6chten wir bei ihnen Lernmotivation, ein tragf\u00e4higes Selbstwertgef\u00fchl und Erfolgserlebnisse erreichen. <\/p>\n\n\n\n<h2 class=\"wp-block-heading\">Das zeichnet uns aus:<\/h2>\n\n\n\n<ul class=\"wp-block-list\"><li>kleine Lerngruppen von ca. 10 bis 12 Sch\u00fclerInnen<\/li><li>Kleine Schule mit ca. 80 Sch\u00fclerInnen der Klassen 5 bis 9<\/li><li>individuelle Differenzierung<\/li><li>individuelle F\u00f6rderung durch F\u00f6rderpl\u00e4ne<\/li><li>Beratung von Eltern und Erziehungsberechtigten<\/li><li>Kooperation mit au\u00dferschulischen Partnern<\/li><li>Schulsozialarbeit<\/li><li>Klassenlehrerprinzip<\/li><li>Berufsberatung<\/li><li>Offene Ganztagsschule<\/li><\/ul>\n\n\n<p>\u00a0<\/p>\n<ul>\n<li>Mehr Informationen finden Sie hier:<br \/><a href=\"https:\/\/wordpress.nibis.de\/alsbs\/files\/2022\/08\/Astrid-Lindgren-Schule-2022.pdf\" target=\"_blank\" rel=\"noopener noreferrer\">Flyer der Astrid-Lindgren-Schule (neu!)<\/a> zum Download<\/li>\n<\/ul>\n\n","protected":false},"excerpt":{"rendered":"<p>Unsere Aufgabe als F\u00f6rderschule mit dem Schwerpunkt Lernen ist die Lern- und Entwicklungsf\u00f6rderung von Sch\u00fclerInnen in ihrer individuellen Leistungsf\u00e4higkeit. Dadurch m\u00f6chten wir bei ihnen Lernmotivation, ein tragf\u00e4higes Selbstwertgef\u00fchl und Erfolgserlebnisse erreichen. Das zeichnet uns aus: kleine Lerngruppen von ca. 10 &hellip; <a href=\"https:\/\/wordpress.nibis.de\/alsbs\/organisation\/\">Weiterlesen <span class=\"meta-nav\">&rarr;<\/span><\/a><\/p>\n","protected":false},"author":567,"featured_media":0,"parent":0,"menu_order":6,"comment_status":"closed","ping_status":"open","template":"","meta":{"footnotes":""},"class_list":["post-131","page","type-page","status-publish","hentry"],"_links":{"self":[{"href":"https:\/\/wordpress.nibis.de\/alsbs\/wp-json\/wp\/v2\/pages\/131","targetHints":{"allow":["GET"]}}],"collection":[{"href":"https:\/\/wordpress.nibis.de\/alsbs\/wp-json\/wp\/v2\/pages"}],"about":[{"href":"https:\/\/wordpress.nibis.de\/alsbs\/wp-json\/wp\/v2\/types\/page"}],"author":[{"embeddable":true,"href":"https:\/\/wordpress.nibis.de\/alsbs\/wp-json\/wp\/v2\/users\/567"}],"replies":[{"embeddable":true,"href":"https:\/\/wordpress.nibis.de\/alsbs\/wp-json\/wp\/v2\/comments?post=131"}],"version-history":[{"count":12,"href":"https:\/\/wordpress.nibis.de\/alsbs\/wp-json\/wp\/v2\/pages\/131\/revisions"}],"predecessor-version":[{"id":1157,"href":"https:\/\/wordpress.nibis.de\/alsbs\/wp-json\/wp\/v2\/pages\/131\/revisions\/1157"}],"wp:attachment":[{"href":"https:\/\/wordpress.nibis.de\/alsbs\/wp-json\/wp\/v2\/media?parent=131"}],"curies":[{"name":"wp","href":"https:\/\/api.w.org\/{rel}","templated":true}]}}