{"id":28,"date":"2008-09-11T19:24:31","date_gmt":"2008-09-12T00:24:31","guid":{"rendered":"http:\/\/dev.danphilibin.com\/wordpress\/?page_id=45"},"modified":"2019-10-09T13:57:39","modified_gmt":"2019-10-09T11:57:39","slug":"our-location","status":"publish","type":"page","link":"https:\/\/wordpress.nibis.de\/alsbs\/contact-us\/our-location\/","title":{"rendered":"Anfahrt"},"content":{"rendered":"\n<p>So finden sie uns:<\/p>\n\n\n\n<figure class=\"wp-block-image\"><img loading=\"lazy\" decoding=\"async\" width=\"1024\" height=\"642\" src=\"https:\/\/wordpress.nibis.de\/alsbs\/files\/2019\/10\/Bildschirmfoto-2019-10-09-um-13.33.48.png\" alt=\"\" class=\"wp-image-737\" srcset=\"https:\/\/wordpress.nibis.de\/alsbs\/files\/2019\/10\/Bildschirmfoto-2019-10-09-um-13.33.48.png 1024w, https:\/\/wordpress.nibis.de\/alsbs\/files\/2019\/10\/Bildschirmfoto-2019-10-09-um-13.33.48-768x482.png 768w\" sizes=\"auto, (max-width: 1024px) 100vw, 1024px\" \/><figcaption>Kartenausschnitt Astrid-Lindgren-Schule<\/figcaption><\/figure>\n\n\n<p>Daten von <a href=\"https:\/\/www.openstreetmap.org\/way\/27770295#map=16\/52.2982\/10.5408\" target=\"_blank\" rel=\"noopener noreferrer\">OpenStreetMaps<\/a>\u00a0 &#8211; Ver\u00f6ffentlicht unter <a href=\"http:\/\/opendatacommons.org\/licenses\/odbl\/\">ODbL<\/a><\/p>\n\n\n<h2 class=\"wp-block-heading\">Aus Norden<\/h2>\n\n\n\n<p>Aus Kralenriede kommend biegen sie an der Ecke Bienroder Weg\/Mergesstra\u00dfe rechts ab. Anschlie\u00dfend befindet sich die Schule direkt auf der rechten Seite. Es sind ausreichend Parkpl\u00e4tze auf dem Schulgel\u00e4nde vorhanden. <\/p>\n\n\n\n<h2 class=\"wp-block-heading\">Aus S\u00fcden<\/h2>\n\n\n\n<p>Aus der Nordstadt kommend biegen sie an der Ecke Bienroder Weg\/Mergesstra\u00dfe links ab. Anschlie\u00dfend befindet sich die Schule direkt auf der rechten Seite. Es sind ausreichend Parkpl\u00e4tze auf dem Schulgel\u00e4nde vorhanden. <\/p>\n\n\n\n<h2 class=\"wp-block-heading\">Aus Westen<\/h2>\n\n\n\n<p>Folgen Sie der Stra\u00dfe Ohefeld. Diese Stra\u00dfe geht in die Mergesstra\u00dfe \u00fcber. Folgen Sie dieser Stra\u00dfe fast bis zum Bienroder Weg. Die Astrid-Lindgren- Schule ist das letzte Geb\u00e4ude auf der linken Seite vor dem Tostmannplatz. Es sind ausreichend Parkpl\u00e4tze auf dem Schulgel\u00e4nde vorhanden. <\/p>\n\n\n\n<p>Weitere Informationen und Anfahrten auch zu anderen F\u00f6rderschulen in Braunschweig finden Sie hier:<br><a rel=\"noreferrer noopener\" aria-label=\" (\u00f6ffnet in neuem Tab)\" href=\"https:\/\/www.braunschweig.de\/leben\/schule_bildung\/schulportal\/schulen\/foerderschulen.html\" target=\"_blank\">https:\/\/www.braunschweig.de\/leben\/schule_bildung\/schulportal\/schulen\/foerderschulen.html<\/a><\/p>\n","protected":false},"excerpt":{"rendered":"<p>So finden sie uns: Daten von OpenStreetMaps\u00a0 &#8211; Ver\u00f6ffentlicht unter ODbL Aus Norden Aus Kralenriede kommend biegen sie an der Ecke Bienroder Weg\/Mergesstra\u00dfe rechts ab. Anschlie\u00dfend befindet sich die Schule direkt auf der rechten Seite. Es sind ausreichend Parkpl\u00e4tze auf &hellip; <a href=\"https:\/\/wordpress.nibis.de\/alsbs\/contact-us\/our-location\/\">Weiterlesen <span class=\"meta-nav\">&rarr;<\/span><\/a><\/p>\n","protected":false},"author":567,"featured_media":0,"parent":24,"menu_order":0,"comment_status":"closed","ping_status":"open","template":"","meta":{"footnotes":""},"class_list":["post-28","page","type-page","status-publish","hentry"],"_links":{"self":[{"href":"https:\/\/wordpress.nibis.de\/alsbs\/wp-json\/wp\/v2\/pages\/28","targetHints":{"allow":["GET"]}}],"collection":[{"href":"https:\/\/wordpress.nibis.de\/alsbs\/wp-json\/wp\/v2\/pages"}],"about":[{"href":"https:\/\/wordpress.nibis.de\/alsbs\/wp-json\/wp\/v2\/types\/page"}],"author":[{"embeddable":true,"href":"https:\/\/wordpress.nibis.de\/alsbs\/wp-json\/wp\/v2\/users\/567"}],"replies":[{"embeddable":true,"href":"https:\/\/wordpress.nibis.de\/alsbs\/wp-json\/wp\/v2\/comments?post=28"}],"version-history":[{"count":9,"href":"https:\/\/wordpress.nibis.de\/alsbs\/wp-json\/wp\/v2\/pages\/28\/revisions"}],"predecessor-version":[{"id":741,"href":"https:\/\/wordpress.nibis.de\/alsbs\/wp-json\/wp\/v2\/pages\/28\/revisions\/741"}],"up":[{"embeddable":true,"href":"https:\/\/wordpress.nibis.de\/alsbs\/wp-json\/wp\/v2\/pages\/24"}],"wp:attachment":[{"href":"https:\/\/wordpress.nibis.de\/alsbs\/wp-json\/wp\/v2\/media?parent=28"}],"curies":[{"name":"wp","href":"https:\/\/api.w.org\/{rel}","templated":true}]}}