{"id":375,"date":"2015-09-24T14:23:37","date_gmt":"2015-09-24T12:23:37","guid":{"rendered":"http:\/\/wordpress.nibis.de\/alsbs\/?page_id=375"},"modified":"2019-10-09T15:24:31","modified_gmt":"2019-10-09T13:24:31","slug":"foerderverein","status":"publish","type":"page","link":"https:\/\/wordpress.nibis.de\/alsbs\/foerderverein\/","title":{"rendered":"F\u00f6rderverein"},"content":{"rendered":"<p>F\u00f6rderverein der ALS: <a href=\"&#109;&#x61;i&#108;&#x74;o&#58;&#x61;l&#x73;&#x2e;&#102;&#x6f;e&#114;&#x64;e&#114;&#x76;e&#x72;&#x65;&#105;&#x6e;&#x40;&#97;&#x6c;s&#98;&#x73;&#46;&#100;&#x65;\">&#x61;l&#x73;&#46;f&#x6f;&#101;&#x72;&#100;e&#x72;&#118;&#x65;&#114;e&#x69;&#110;&#x40;&#x61;l&#x73;&#98;s&#x2e;&#100;&#x65;<\/a><\/p>\n\n\n<h2 class=\"wp-block-heading\">Die Arbeit des F\u00f6rdervereins<\/h2>\n\n\n\n<p>Der F\u00f6rderverein unterst\u00fctzt die Bedingungen an der Astrid-Lindgren-Schule, um die Entwicklung der Sch\u00fclerInnen zu f\u00f6rdern. Finanziell erm\u00f6glicht der F\u00f6rderverein schulische Aktivit\u00e4ten und Anschaffungen. Dadurch k\u00f6nnen vielf\u00e4ltige Projekte realisiert werden.<\/p>\n\n\n\n<h2 class=\"wp-block-heading\">Beispiele der Unterst\u00fctzung<\/h2>\n\n\n\n<ul class=\"wp-block-list\"><li>Schulausfl\u00fcge<\/li><li>Spielzeug, Sportger\u00e4te, Fahrzeuge f\u00fcr drau\u00dfen<\/li><li>Lehrmittel f\u00fcr Projekte (z.B. Tageb\u00fccher f\u00fcr Klassenfahrten)<\/li><li>und noch vieles mehr!<\/li><\/ul>\n\n\n\n<h2 class=\"wp-block-heading\">Ansprechpartner<\/h2>\n\n\n\n<p>Wenn Sie helfen m\u00f6chten, wenden sie sich an Herrn Lammert (Vorsitzender F\u00f6rderverein): <a href=\"&#109;a&#x69;l&#x74;o&#x3a;a&#x6c;&#115;&#x2e;&#102;&#x6f;&#101;&#x72;&#100;e&#114;v&#x65;r&#x65;i&#x6e;&#64;&#x61;&#108;&#x73;&#98;&#x73;&#46;&#x64;&#101;\">&#x61;&#108;&#x73;&#x2e;&#102;&#x6f;&#101;r&#x64;&#101;r&#x76;&#101;r&#x65;&#105;n&#x40;&#97;&#x6c;&#x73;&#98;&#x73;&#x2e;&#100;&#x65;<\/a><\/p>\n","protected":false},"excerpt":{"rendered":"<p>F\u00f6rderverein der ALS: &#x61;&#x6c;&#x73;&#x2e;&#x66;&#x6f;&#x65;&#x72;&#x64;&#x65;&#x72;&#x76;&#x65;&#x72;&#101;&#105;&#110;&#64;&#97;&#108;&#115;&#98;&#115;&#46;&#100;e Die Arbeit des F\u00f6rdervereins Der F\u00f6rderverein unterst\u00fctzt die Bedingungen an der Astrid-Lindgren-Schule, um die Entwicklung der Sch\u00fclerInnen zu f\u00f6rdern. Finanziell erm\u00f6glicht der F\u00f6rderverein schulische Aktivit\u00e4ten und Anschaffungen. Dadurch k\u00f6nnen vielf\u00e4ltige Projekte realisiert werden. Beispiele der Unterst\u00fctzung &hellip; <a href=\"https:\/\/wordpress.nibis.de\/alsbs\/foerderverein\/\">Weiterlesen <span class=\"meta-nav\">&rarr;<\/span><\/a><\/p>\n","protected":false},"author":567,"featured_media":0,"parent":0,"menu_order":0,"comment_status":"closed","ping_status":"closed","template":"","meta":{"footnotes":""},"class_list":["post-375","page","type-page","status-publish","hentry"],"_links":{"self":[{"href":"https:\/\/wordpress.nibis.de\/alsbs\/wp-json\/wp\/v2\/pages\/375","targetHints":{"allow":["GET"]}}],"collection":[{"href":"https:\/\/wordpress.nibis.de\/alsbs\/wp-json\/wp\/v2\/pages"}],"about":[{"href":"https:\/\/wordpress.nibis.de\/alsbs\/wp-json\/wp\/v2\/types\/page"}],"author":[{"embeddable":true,"href":"https:\/\/wordpress.nibis.de\/alsbs\/wp-json\/wp\/v2\/users\/567"}],"replies":[{"embeddable":true,"href":"https:\/\/wordpress.nibis.de\/alsbs\/wp-json\/wp\/v2\/comments?post=375"}],"version-history":[{"count":5,"href":"https:\/\/wordpress.nibis.de\/alsbs\/wp-json\/wp\/v2\/pages\/375\/revisions"}],"predecessor-version":[{"id":766,"href":"https:\/\/wordpress.nibis.de\/alsbs\/wp-json\/wp\/v2\/pages\/375\/revisions\/766"}],"wp:attachment":[{"href":"https:\/\/wordpress.nibis.de\/alsbs\/wp-json\/wp\/v2\/media?parent=375"}],"curies":[{"name":"wp","href":"https:\/\/api.w.org\/{rel}","templated":true}]}}