{"id":575,"date":"2019-03-16T17:51:18","date_gmt":"2019-03-16T16:51:18","guid":{"rendered":"https:\/\/wordpress.nibis.de\/alsbs\/?page_id=575"},"modified":"2020-10-07T08:57:43","modified_gmt":"2020-10-07T06:57:43","slug":"schulsozialarbeit","status":"publish","type":"page","link":"https:\/\/wordpress.nibis.de\/alsbs\/schulsozialarbeit\/","title":{"rendered":"\ufeffDie Schulsozialarbeit an der Astrid-Lindgren-Schule"},"content":{"rendered":"\n<p>Die Schulsozialarbeiterin\nunterst\u00fctzt mit ihren Angeboten Sch\u00fclerinnen und Sch\u00fcler, deren\nEltern und Erziehungsberechtigte sowie die Lehrkr\u00e4fte und\nSchulleitung. Sie arbeitet auch mit au\u00dferschulischen Partnern und\nNetzwerken zusammen. Das Ziel der Schulsozialarbeit ist es, die\nbestm\u00f6glichen Lern- und Lebensumst\u00e4nde f\u00fcr die Sch\u00fclerinnen und\nSch\u00fcler sicherzustellen. Die Schulsozialarbeiterin ist im\nSchulalltag eine verl\u00e4ssliche Ansprechpartnerin f\u00fcr die\nSch\u00fclerinnen und Sch\u00fcler und begleitet sie durch ihre Schullaufbahn\nan der Astrid-Lindgren-Schule.<\/p>\n\n\n\n<p>\u201e<em>Soziale Arbeit in\nschulischer Verantwortung basiert auf dem allgemeinen Bildungsauftrag\nder Schule \u00a72 NSchG. Die Schule hat den Auftrag, mit ihren Angeboten\nzur <\/em><em><strong>Entwicklung einer eigenst\u00e4ndigen\nPers\u00f6nlichkeit der Sch\u00fclerinnen und Sch\u00fcler<\/strong><\/em><em>\nbeizutragen. Die soziale Arbeit in schulischer Verantwortung tr\u00e4gt\nmit ihren Angeboten auch dazu bei, Sch\u00fclerinnen und Sch\u00fclern eine\n<\/em><em><strong>erfolgreiche Teilnahme am Unterricht\nund am Schulleben<\/strong><\/em><em> sowie ein\n<\/em><em><strong>erfolgreiches Absolvieren der\nSchullaufbahn<\/strong><\/em><em> zu erm\u00f6glichen. In\nErg\u00e4nzung zu den Leistungen der Kinder- und Jugendhilfe unterst\u00fctzt\nsie <\/em><em><strong>beim Abbau von sozialen\nBenachteiligungen<\/strong><\/em><em><strong>und\nindividuellen Beeintr\u00e4chtigungen<\/strong><\/em><em> der\nSch\u00fclerinnen und Sch\u00fcler.\u201c <\/em>\n<\/p>\n\n\n\n<p><em>[ Auszug aus dem Runderlass des Kultusministeriums vom 1.8.2017]<\/em><\/p>\n\n\n\n<p><strong>Angebote der\nSchulsozialarbeit an der Astrid-Lindgren-Schule<\/strong><\/p>\n\n\n\n<p><strong>F\u00fcr Sch\u00fclerinnen und\nSch\u00fcler:<\/strong><\/p>\n\n\n\n<ul class=\"wp-block-list\"><li>Hilfe und\n\tUnterst\u00fctzung bei Schwierigkeiten in der Schule\n\t<\/li><li>Beratung bei\n\tpers\u00f6nlichen Problemen\n\t<\/li><li>Hilfe und Kl\u00e4rung\n\tbei Konflikten, Mobbing und Gewalt\n\t<\/li><li>Vermittlung von\n\tweiteren Hilfen (z.B. Jugendberatung, Suchtberatung etc.)\n\t<\/li><li>Vermittlung von\n\tFreizeitangeboten\n\t<\/li><li>P\u00e4dagogische\n\tGruppenarbeit\n\t<\/li><li>Unterst\u00fctzung bei\n\tder Berufsorientierung, Praktikumssuche und <br>im\n\tBewerbungsverfahren\n<\/li><\/ul>\n\n\n\n<p><strong>F\u00fcr Eltern und\nErziehungsberechtigte:<\/strong><\/p>\n\n\n\n<ul class=\"wp-block-list\"><li>Beratung bei\n\tschulischen und privaten Problemen\n\t<\/li><li>Vermittlung von\n\tKontakten zu \u00c4mtern und weiteren Hilfen\n\t<\/li><li>Unterst\u00fctzung bei\n\tder Beantragung von Geldern und Hilfen\n\t<\/li><li>Beratung und\n\tUnterst\u00fctzung in Krisensituationen\n\t<\/li><li>Unterst\u00fctzung bei\n\tder Beantragung von Mitteln\n<\/li><\/ul>\n\n\n\n<p>zur\nBildung und Teilhabe, Lernf\u00f6rderung, Nachhilfe usw.<\/p>\n\n\n\n<p><strong>F\u00fcr\nLehrkr\u00e4fte und Schulleitung:<\/strong><\/p>\n\n\n\n<ul class=\"wp-block-list\"><li>Beratung und\n\tBegleitung in sozialp\u00e4dagogischen Fragen\n\t<\/li><li>Gemeinsame Planung\n\tund Durchf\u00fchrung von (pr\u00e4ventiven) sozialp\u00e4dagogischen Projekten,\n\tBerufsorientierung, Exkursionen etc. \n\t\n\t<\/li><li>Beratung\n\tund Begleitung bei Elterngespr\u00e4chen und p\u00e4dagogischen Konferenzen\n\t<\/li><li>Unterst\u00fctzung in\n\therausfordernden Klassensituationen\n<\/li><\/ul>\n\n\n\n<p><strong>Kontakt<\/strong><\/p>\n\n\n\n<div class=\"wp-block-image\"><figure class=\"alignleft is-resized\"><img loading=\"lazy\" decoding=\"async\" src=\"https:\/\/wordpress.nibis.de\/alsbs\/files\/2019\/06\/Mareike-Richter.jpg\" alt=\"\" class=\"wp-image-603\" width=\"189\" height=\"135\" srcset=\"https:\/\/wordpress.nibis.de\/alsbs\/files\/2019\/06\/Mareike-Richter.jpg 491w, https:\/\/wordpress.nibis.de\/alsbs\/files\/2019\/06\/Mareike-Richter-300x214.jpg 300w\" sizes=\"auto, (max-width: 189px) 100vw, 189px\" \/><figcaption>Mareike Richter \n(Sozialarbeit\/Sozialp\u00e4dagogik B.A.)<\/figcaption><\/figure><\/div>\n\n\n\n<p> <strong>Mareike Richter <\/strong><br> (Sozialarbeit\/Sozialp\u00e4dagogik B.A.)  <br>Email:  <a href=\"&#x6d;&#x61;&#105;l&#x74;&#x6f;&#58;ma&#x72;&#x65;&#105;k&#x65;&#x2e;&#114;&#105;c&#x68;&#x74;&#101;r&#x40;&#x62;&#114;&#97;u&#x6e;&#x73;&#99;h&#x77;&#x65;&#105;&#103;&#46;&#x64;&#x65;\">&#x6d;&#x61;&#x72;&#x65;&#x69;&#x6b;&#x65;&#x2e;&#x72;&#x69;&#x63;&#x68;&#x74;&#x65;&#x72;&#x40;&#x62;&#x72;&#x61;&#x75;&#x6e;&#x73;&#99;&#104;&#119;&#101;&#105;&#103;&#46;&#100;&#101;<\/a><br>Telefon: 0531\/2352923 (auf AB sprechen)<br>B\u00fcrozeiten:  Mo-Do 9.00 Uhr &#8211; 14.00 Uhr<br>Termine nach telefonischer Vereinbarung<\/p>\n","protected":false},"excerpt":{"rendered":"<p>Die Schulsozialarbeiterin unterst\u00fctzt mit ihren Angeboten Sch\u00fclerinnen und Sch\u00fcler, deren Eltern und Erziehungsberechtigte sowie die Lehrkr\u00e4fte und Schulleitung. Sie arbeitet auch mit au\u00dferschulischen Partnern und Netzwerken zusammen. Das Ziel der Schulsozialarbeit ist es, die bestm\u00f6glichen Lern- und Lebensumst\u00e4nde f\u00fcr die &hellip; <a href=\"https:\/\/wordpress.nibis.de\/alsbs\/schulsozialarbeit\/\">Weiterlesen <span class=\"meta-nav\">&rarr;<\/span><\/a><\/p>\n","protected":false},"author":567,"featured_media":0,"parent":0,"menu_order":0,"comment_status":"closed","ping_status":"closed","template":"","meta":{"footnotes":""},"class_list":["post-575","page","type-page","status-publish","hentry"],"_links":{"self":[{"href":"https:\/\/wordpress.nibis.de\/alsbs\/wp-json\/wp\/v2\/pages\/575","targetHints":{"allow":["GET"]}}],"collection":[{"href":"https:\/\/wordpress.nibis.de\/alsbs\/wp-json\/wp\/v2\/pages"}],"about":[{"href":"https:\/\/wordpress.nibis.de\/alsbs\/wp-json\/wp\/v2\/types\/page"}],"author":[{"embeddable":true,"href":"https:\/\/wordpress.nibis.de\/alsbs\/wp-json\/wp\/v2\/users\/567"}],"replies":[{"embeddable":true,"href":"https:\/\/wordpress.nibis.de\/alsbs\/wp-json\/wp\/v2\/comments?post=575"}],"version-history":[{"count":8,"href":"https:\/\/wordpress.nibis.de\/alsbs\/wp-json\/wp\/v2\/pages\/575\/revisions"}],"predecessor-version":[{"id":1000,"href":"https:\/\/wordpress.nibis.de\/alsbs\/wp-json\/wp\/v2\/pages\/575\/revisions\/1000"}],"wp:attachment":[{"href":"https:\/\/wordpress.nibis.de\/alsbs\/wp-json\/wp\/v2\/media?parent=575"}],"curies":[{"name":"wp","href":"https:\/\/api.w.org\/{rel}","templated":true}]}}