{"id":620,"date":"2019-08-21T18:21:13","date_gmt":"2019-08-21T16:21:13","guid":{"rendered":"https:\/\/wordpress.nibis.de\/alsbs\/?page_id=620"},"modified":"2019-10-09T15:05:30","modified_gmt":"2019-10-09T13:05:30","slug":"medienbildung","status":"publish","type":"page","link":"https:\/\/wordpress.nibis.de\/alsbs\/medienbildung\/","title":{"rendered":"Medienbildung"},"content":{"rendered":"\n<p>Durch die Digitalisierung unserer Umgebung und unseres Alltags ist die Medienbildung der Sch\u00fclerInnen und Sch\u00fcler didaktisch und politisch immer wichtiger geworden. Das Medienkonzept unserer Schule k\u00f6nnen sie hier in einsehen.<br><br><\/p>\n\n\n\n<div class=\"wp-block-file\"><a href=\"https:\/\/wordpress.nibis.de\/alsbs\/files\/2019\/10\/Medienkonzept-Astrid-Lindgren-Schule-neu.pdf\">Medienkonzept Astrid-Lindgren-Schule neu<\/a><a href=\"https:\/\/wordpress.nibis.de\/alsbs\/files\/2019\/10\/Medienkonzept-Astrid-Lindgren-Schule-neu.pdf\" class=\"wp-block-file__button\" download>Herunterladen<\/a><\/div>\n","protected":false},"excerpt":{"rendered":"<p>Durch die Digitalisierung unserer Umgebung und unseres Alltags ist die Medienbildung der Sch\u00fclerInnen und Sch\u00fcler didaktisch und politisch immer wichtiger geworden. Das Medienkonzept unserer Schule k\u00f6nnen sie hier in einsehen.<\/p>\n","protected":false},"author":567,"featured_media":0,"parent":0,"menu_order":0,"comment_status":"closed","ping_status":"closed","template":"","meta":{"footnotes":""},"class_list":["post-620","page","type-page","status-publish","hentry"],"_links":{"self":[{"href":"https:\/\/wordpress.nibis.de\/alsbs\/wp-json\/wp\/v2\/pages\/620","targetHints":{"allow":["GET"]}}],"collection":[{"href":"https:\/\/wordpress.nibis.de\/alsbs\/wp-json\/wp\/v2\/pages"}],"about":[{"href":"https:\/\/wordpress.nibis.de\/alsbs\/wp-json\/wp\/v2\/types\/page"}],"author":[{"embeddable":true,"href":"https:\/\/wordpress.nibis.de\/alsbs\/wp-json\/wp\/v2\/users\/567"}],"replies":[{"embeddable":true,"href":"https:\/\/wordpress.nibis.de\/alsbs\/wp-json\/wp\/v2\/comments?post=620"}],"version-history":[{"count":11,"href":"https:\/\/wordpress.nibis.de\/alsbs\/wp-json\/wp\/v2\/pages\/620\/revisions"}],"predecessor-version":[{"id":765,"href":"https:\/\/wordpress.nibis.de\/alsbs\/wp-json\/wp\/v2\/pages\/620\/revisions\/765"}],"wp:attachment":[{"href":"https:\/\/wordpress.nibis.de\/alsbs\/wp-json\/wp\/v2\/media?parent=620"}],"curies":[{"name":"wp","href":"https:\/\/api.w.org\/{rel}","templated":true}]}}