{"id":643,"date":"2019-10-02T17:26:32","date_gmt":"2019-10-02T15:26:32","guid":{"rendered":"https:\/\/wordpress.nibis.de\/alsbs\/?page_id=643"},"modified":"2024-04-23T15:54:41","modified_gmt":"2024-04-23T13:54:41","slug":"startseite","status":"publish","type":"page","link":"https:\/\/wordpress.nibis.de\/alsbs\/","title":{"rendered":"Start"},"content":{"rendered":"\n<h1 class=\"has-text-align-center wp-block-heading\"><span class=\"tadv-color\" style=\"color:#730002\">Herzlich Willkommen an der <\/span><br><span class=\"tadv-color\" style=\"color:#730002\">Astrid-Lindgren-Schule<\/span><br><\/h1>\n\n\n\n<figure class=\"wp-block-image is-resized\"><img loading=\"lazy\" decoding=\"async\" src=\"https:\/\/wordpress.nibis.de\/alsbs\/files\/2019\/10\/Logo-1200x675.jpg\" alt=\"\" class=\"wp-image-802\" width=\"591\" height=\"331\" srcset=\"https:\/\/wordpress.nibis.de\/alsbs\/files\/2019\/10\/Logo-1200x675.jpg 1200w, https:\/\/wordpress.nibis.de\/alsbs\/files\/2019\/10\/Logo-250x141.jpg 250w, https:\/\/wordpress.nibis.de\/alsbs\/files\/2019\/10\/Logo-850x478.jpg 850w\" sizes=\"auto, (max-width: 591px) 100vw, 591px\" \/><\/figure>\n\n\n<p style=\"text-align: center\"><span style=\"font-family: georgia, palatino, serif;font-size: 24pt;color: #000000;background-color: #ffffff\">Sch\u00f6n, dass Sie da sind!<\/span><\/p>\n\n\n<p class=\"has-text-align-center\">Wir sind eine F\u00f6rderschule mit dem Schwerpunkt Lernen. Auf unserer Internetseite finden Sie Informationen rund um unsere Schule. <\/p>\n\n\n\n<p class=\"has-text-align-center\">Auf unserem &#8222;Newsblog&#8220; finden Sie immer aktuelle Berichte von den Sch\u00fclerInnen aus unserem Schulleben. <\/p>\n\n\n\n<p class=\"has-text-align-center\"><strong>!!! Achtung!!! Wir sind eine auslaufende Schule und k\u00f6nnen ab dem Schuljahr 2024\/2025 keine Sch\u00fclerinnen und Sch\u00fcler der Jahrg\u00e4nge 5 und 6 aufnehmen. <\/strong><\/p>\n\n\n\n<p class=\"has-text-align-center\"><\/p>\n\n\n","protected":false},"excerpt":{"rendered":"<p>Herzlich Willkommen an der Astrid-Lindgren-Schule Sch\u00f6n, dass Sie da sind! Wir sind eine F\u00f6rderschule mit dem Schwerpunkt Lernen. Auf unserer Internetseite finden Sie Informationen rund um unsere Schule. Auf unserem &#8222;Newsblog&#8220; finden Sie immer aktuelle Berichte von den Sch\u00fclerInnen aus &hellip; <a href=\"https:\/\/wordpress.nibis.de\/alsbs\/\">Weiterlesen <span class=\"meta-nav\">&rarr;<\/span><\/a><\/p>\n","protected":false},"author":567,"featured_media":0,"parent":0,"menu_order":0,"comment_status":"closed","ping_status":"closed","template":"","meta":{"footnotes":""},"class_list":["post-643","page","type-page","status-publish","hentry"],"_links":{"self":[{"href":"https:\/\/wordpress.nibis.de\/alsbs\/wp-json\/wp\/v2\/pages\/643","targetHints":{"allow":["GET"]}}],"collection":[{"href":"https:\/\/wordpress.nibis.de\/alsbs\/wp-json\/wp\/v2\/pages"}],"about":[{"href":"https:\/\/wordpress.nibis.de\/alsbs\/wp-json\/wp\/v2\/types\/page"}],"author":[{"embeddable":true,"href":"https:\/\/wordpress.nibis.de\/alsbs\/wp-json\/wp\/v2\/users\/567"}],"replies":[{"embeddable":true,"href":"https:\/\/wordpress.nibis.de\/alsbs\/wp-json\/wp\/v2\/comments?post=643"}],"version-history":[{"count":26,"href":"https:\/\/wordpress.nibis.de\/alsbs\/wp-json\/wp\/v2\/pages\/643\/revisions"}],"predecessor-version":[{"id":1290,"href":"https:\/\/wordpress.nibis.de\/alsbs\/wp-json\/wp\/v2\/pages\/643\/revisions\/1290"}],"wp:attachment":[{"href":"https:\/\/wordpress.nibis.de\/alsbs\/wp-json\/wp\/v2\/media?parent=643"}],"curies":[{"name":"wp","href":"https:\/\/api.w.org\/{rel}","templated":true}]}}