{"id":694,"date":"2019-10-09T11:25:31","date_gmt":"2019-10-09T09:25:31","guid":{"rendered":"https:\/\/wordpress.nibis.de\/alsbs\/?page_id=694"},"modified":"2019-10-16T12:03:13","modified_gmt":"2019-10-16T10:03:13","slug":"schulhund-emil","status":"publish","type":"page","link":"https:\/\/wordpress.nibis.de\/alsbs\/schulhund-emil\/","title":{"rendered":"Schulhund Emil"},"content":{"rendered":"\n<div class=\"wp-block-image\"><figure class=\"alignleft\"><img loading=\"lazy\" decoding=\"async\" width=\"350\" height=\"219\" src=\"https:\/\/wordpress.nibis.de\/alsbs\/files\/2019\/10\/Hund-Emil.jpeg\" alt=\"\" class=\"wp-image-695\" \/><figcaption>Der Schulhund Emil<\/figcaption><\/figure><\/div>\n\n\n<p style=\"text-align: left\">Mit Beginn des Schuljahres 2019\/ 2020 gibt es (meist) in der Klasse 7\/8 ein neues Schulprojekt. An zwei Tagen begleitet der vierj\u00e4hrige Mischlingshund Emil eine Lehrkraft in der Schule.<\/p>\n\n\n<h2 class=\"wp-block-heading\">Welche Idee steckt dahinter?<\/h2>\n\n\n\n<p>Inzwischen gibt es\u00a0Schulhundkonzepte\u00a0an immer mehr Schulen in Deutschland, denn ein Hund sorgt durch seine blo\u00dfe Anwesenheit zu einer Verbesserung des sozialen Umgangs.\u00a0\u00a0<br>Hunde unterst\u00fctzen ein stressfreieres Klassenklima, wodurch die Lernmotivation und die Lernerfolge der Sch\u00fcler steigen. Beispielsweise begleitet Emil selbstst\u00e4ndig die Sch\u00fclerInnen, die situationsbedingt abseits der Lerngruppe in unserem \u201eruhigen Lernb\u00fcro\u201c arbeiten.<br>Die Sch\u00fclerInnen lernen viel \u00fcber den Umgang mit einem Tier, aber auch \u00fcber sich selbst. Es m\u00fcssen Regeln eingehalten werden und vorausschauend f\u00fcr das Tier mitgedacht und Verantwortung \u00fcbernommen werden.<br><\/p>\n\n\n\n<h2 class=\"wp-block-heading\">Wer ist Emil?<\/h2>\n\n\n\n<p>Emil ist ein vierj\u00e4hriger Mischlingshund, der mit 15 Wochen in die Familie einer Lehrkraft kam und das Leben mit Kindern gew\u00f6hnt ist. Er hat ein sehr ausgeglichenes Wesen ohne Aggressionspotential und ist daher gut f\u00fcr den Einsatz in der Schule geeignet. Trotz seiner Gr\u00f6\u00dfe gibt es in der Schule kaum Ber\u00fchrungs\u00e4ngste.&nbsp;&nbsp;&nbsp;&nbsp;&nbsp;&nbsp;&nbsp;&nbsp;&nbsp;&nbsp;&nbsp;&nbsp;&nbsp;&nbsp;&nbsp;&nbsp;&nbsp;&nbsp;&nbsp;&nbsp;&nbsp;&nbsp;&nbsp;&nbsp;&nbsp;&nbsp;&nbsp;&nbsp;&nbsp;&nbsp;&nbsp;&nbsp;&nbsp;&nbsp;&nbsp;&nbsp;&nbsp;&nbsp;&nbsp;&nbsp;&nbsp;&nbsp;&nbsp;&nbsp;&nbsp;&nbsp;&nbsp;&nbsp;&nbsp;&nbsp; <br><\/p>\n","protected":false},"excerpt":{"rendered":"<p>Mit Beginn des Schuljahres 2019\/ 2020 gibt es (meist) in der Klasse 7\/8 ein neues Schulprojekt. An zwei Tagen begleitet der vierj\u00e4hrige Mischlingshund Emil eine Lehrkraft in der Schule. Welche Idee steckt dahinter? Inzwischen gibt es\u00a0Schulhundkonzepte\u00a0an immer mehr Schulen in &hellip; <a href=\"https:\/\/wordpress.nibis.de\/alsbs\/schulhund-emil\/\">Weiterlesen <span class=\"meta-nav\">&rarr;<\/span><\/a><\/p>\n","protected":false},"author":567,"featured_media":695,"parent":0,"menu_order":0,"comment_status":"closed","ping_status":"closed","template":"","meta":{"footnotes":""},"class_list":["post-694","page","type-page","status-publish","has-post-thumbnail","hentry"],"_links":{"self":[{"href":"https:\/\/wordpress.nibis.de\/alsbs\/wp-json\/wp\/v2\/pages\/694","targetHints":{"allow":["GET"]}}],"collection":[{"href":"https:\/\/wordpress.nibis.de\/alsbs\/wp-json\/wp\/v2\/pages"}],"about":[{"href":"https:\/\/wordpress.nibis.de\/alsbs\/wp-json\/wp\/v2\/types\/page"}],"author":[{"embeddable":true,"href":"https:\/\/wordpress.nibis.de\/alsbs\/wp-json\/wp\/v2\/users\/567"}],"replies":[{"embeddable":true,"href":"https:\/\/wordpress.nibis.de\/alsbs\/wp-json\/wp\/v2\/comments?post=694"}],"version-history":[{"count":7,"href":"https:\/\/wordpress.nibis.de\/alsbs\/wp-json\/wp\/v2\/pages\/694\/revisions"}],"predecessor-version":[{"id":813,"href":"https:\/\/wordpress.nibis.de\/alsbs\/wp-json\/wp\/v2\/pages\/694\/revisions\/813"}],"wp:featuredmedia":[{"embeddable":true,"href":"https:\/\/wordpress.nibis.de\/alsbs\/wp-json\/wp\/v2\/media\/695"}],"wp:attachment":[{"href":"https:\/\/wordpress.nibis.de\/alsbs\/wp-json\/wp\/v2\/media?parent=694"}],"curies":[{"name":"wp","href":"https:\/\/api.w.org\/{rel}","templated":true}]}}