{"id":706,"date":"2019-10-09T13:59:16","date_gmt":"2019-10-09T11:59:16","guid":{"rendered":"https:\/\/wordpress.nibis.de\/alsbs\/?page_id=706"},"modified":"2020-11-13T06:59:00","modified_gmt":"2020-11-13T05:59:00","slug":"kaufmaennische-station","status":"publish","type":"page","link":"https:\/\/wordpress.nibis.de\/alsbs\/kaufmaennische-station\/","title":{"rendered":"Kaufm\u00e4nnische Station"},"content":{"rendered":"\n<p>Das \u201eKernst\u00fcck\u201c der Station ist der Verkauf der hergestellten Waren aus der Cafeteria in unserem Schulkiosk.<\/p>\n\n\n\n<ul class=\"wp-block-list\"><li>Wir verkaufen in der 1. gro\u00dfen Pause u.a. belegte Br\u00f6tchen, Sandwichtoast, Wraps, Waffeln, B\u00f6reks\u2026.. .<\/li><\/ul>\n\n\n\n<ul class=\"wp-block-list\"><li>Wir schreiben einen Einkaufszettel und gehen rechtzeitig einkaufen, damit die Cafeteria gen\u00fcgend Zeit hat die Waren herzustellen.<\/li><\/ul>\n\n\n\n<ul class=\"wp-block-list\"><li>Wir vergleichen Preise beim Einkauf und kalkulieren den Verkauf.<\/li><\/ul>\n\n\n\n<ul class=\"wp-block-list\"><li>Wir besch\u00e4ftigen uns mit der Kassenabrechnung.<\/li><\/ul>\n\n\n\n<ul class=\"wp-block-list\"><li>Wir f\u00fchren ein Kassenbuch und berechnen dort unsere Ein- und Ausgaben. Hierbei wird der Umgang mit Geld ge\u00fcbt.<\/li><\/ul>\n\n\n\n<p>Beim Verkauf in unserem Kiosk kommt es auf ein h\u00f6fliches Auftreten an. Das Bedienen von Kunden wird ge\u00fcbt.<\/p>\n\n\n\n<p>Der F\u00e4cherschwerpunkt liegt in der kaufm\u00e4nnischen Station auf den F\u00e4chern Mathematik und Wirtschaft. Anhand der Realit\u00e4t ergeben sich umfangreiche mathematische Aufgaben.<\/p>\n","protected":false},"excerpt":{"rendered":"<p>Das \u201eKernst\u00fcck\u201c der Station ist der Verkauf der hergestellten Waren aus der Cafeteria in unserem Schulkiosk. Wir verkaufen in der 1. gro\u00dfen Pause u.a. belegte Br\u00f6tchen, Sandwichtoast, Wraps, Waffeln, B\u00f6reks\u2026.. . Wir schreiben einen Einkaufszettel und gehen rechtzeitig einkaufen, damit &hellip; <a href=\"https:\/\/wordpress.nibis.de\/alsbs\/kaufmaennische-station\/\">Weiterlesen <span class=\"meta-nav\">&rarr;<\/span><\/a><\/p>\n","protected":false},"author":567,"featured_media":0,"parent":0,"menu_order":0,"comment_status":"closed","ping_status":"closed","template":"","meta":{"footnotes":""},"class_list":["post-706","page","type-page","status-publish","hentry"],"_links":{"self":[{"href":"https:\/\/wordpress.nibis.de\/alsbs\/wp-json\/wp\/v2\/pages\/706","targetHints":{"allow":["GET"]}}],"collection":[{"href":"https:\/\/wordpress.nibis.de\/alsbs\/wp-json\/wp\/v2\/pages"}],"about":[{"href":"https:\/\/wordpress.nibis.de\/alsbs\/wp-json\/wp\/v2\/types\/page"}],"author":[{"embeddable":true,"href":"https:\/\/wordpress.nibis.de\/alsbs\/wp-json\/wp\/v2\/users\/567"}],"replies":[{"embeddable":true,"href":"https:\/\/wordpress.nibis.de\/alsbs\/wp-json\/wp\/v2\/comments?post=706"}],"version-history":[{"count":2,"href":"https:\/\/wordpress.nibis.de\/alsbs\/wp-json\/wp\/v2\/pages\/706\/revisions"}],"predecessor-version":[{"id":1017,"href":"https:\/\/wordpress.nibis.de\/alsbs\/wp-json\/wp\/v2\/pages\/706\/revisions\/1017"}],"wp:attachment":[{"href":"https:\/\/wordpress.nibis.de\/alsbs\/wp-json\/wp\/v2\/media?parent=706"}],"curies":[{"name":"wp","href":"https:\/\/api.w.org\/{rel}","templated":true}]}}