{"id":269,"date":"2017-02-15T11:23:53","date_gmt":"2017-02-15T10:23:53","guid":{"rendered":"http:\/\/wordpress.nibis.de\/ansgari\/?page_id=269"},"modified":"2017-02-15T15:19:57","modified_gmt":"2017-02-15T14:19:57","slug":"impressum","status":"publish","type":"page","link":"https:\/\/wordpress.nibis.de\/ansgari\/impressum\/","title":{"rendered":"Impressum"},"content":{"rendered":"<p>Land Niedersachsen (Dienstanbieter im Sinne des Telemediengesetzes)<\/p>\n<p>Das Land ist eine juristische Person des \u00f6ffentlichen Rechts vertreten durch:<\/p>\n<p><strong>Rektorin Esther Wermes<\/strong><\/p>\n<p><strong>Kontaktadresse:<\/strong><br \/>\nAnsgarischule Haren (Ems)<br \/>\n(Grundschule)<br \/>\nAnsgariweg 11<br \/>\n49733 Haren (Ems)<\/p>\n<p>Telefon:\u00a005932 6330<br \/>\nTelefax:\u00a005932 999956<br \/>\nE-Mail: &#97;&#x6e;&#115;&#x67;&#97;&#x72;&#105;&#x73;&#99;&#x68;&#117;&#x6c;e&#x2e;h&#x61;r&#x65;n&#x40;g&#x6d;x&#46;&#x64;&#101;<\/p>\n<p>Verantwortlicher f\u00fcr redaktionell-journalistische Angebote i. S. d. \u00a7 55 Abs. 2 Rundfunkstaatsvertrag:<\/p>\n<p>Rita Veltrup<\/p>\n<p><strong>Haftungshinweis:<\/strong><br \/>\nDiese Website beinhaltet externe Links. Deren Inhalte entziehen sich unserer Einflussnahme, sodass eine Gew\u00e4hr f\u00fcr solche Inhalte von uns nicht \u00fcbernommen werden kann.<\/p>\n<p>Die Verantwortung liegt stets beim jeweiligen Betreiber der externen Seiten. Zum Zeitpunkt der Verkn\u00fcpfung der externen Links waren keine Rechtsverst\u00f6\u00dfe ersichtlich. Die permanente \u00dcberwachung fremder Inhalte auf Rechtsverst\u00f6\u00dfe ohne konkrete Hinweise ist uns nicht zumutbar.<\/p>\n<p>Sollten wir Kenntnis von Rechtsverletzungen erlangen, werden wir die entsprechenden externen Links unverz\u00fcglich entfernen.<\/p>\n<p>&nbsp;<\/p>\n<p>&nbsp;<\/p>\n","protected":false},"excerpt":{"rendered":"<p>Land Niedersachsen (Dienstanbieter im Sinne des Telemediengesetzes) Das Land ist eine juristische Person des \u00f6ffentlichen Rechts vertreten durch: Rektorin Esther Wermes Kontaktadresse: Ansgarischule Haren (Ems) (Grundschule) Ansgariweg 11 49733 Haren (Ems) Telefon:\u00a005932 6330 Telefax:\u00a005932 999956 E-Mail: &#x61;n&#x73;&#103;&#x61;&#114;i&#x73;c&#x68;&#117;&#x6c;&#101;&#46;&#x68;&#97;&#x72;&#101;n&#x40;g&#x6d;&#120;&#x2e;&#100;e Verantwortlicher f\u00fcr redaktionell-journalistische &hellip; <a href=\"https:\/\/wordpress.nibis.de\/ansgari\/impressum\/\">Weiterlesen <span class=\"meta-nav\">&rarr;<\/span><\/a><\/p>\n","protected":false},"author":1301,"featured_media":0,"parent":0,"menu_order":0,"comment_status":"closed","ping_status":"closed","template":"","meta":{"footnotes":""},"class_list":["post-269","page","type-page","status-publish","hentry"],"_links":{"self":[{"href":"https:\/\/wordpress.nibis.de\/ansgari\/wp-json\/wp\/v2\/pages\/269","targetHints":{"allow":["GET"]}}],"collection":[{"href":"https:\/\/wordpress.nibis.de\/ansgari\/wp-json\/wp\/v2\/pages"}],"about":[{"href":"https:\/\/wordpress.nibis.de\/ansgari\/wp-json\/wp\/v2\/types\/page"}],"author":[{"embeddable":true,"href":"https:\/\/wordpress.nibis.de\/ansgari\/wp-json\/wp\/v2\/users\/1301"}],"replies":[{"embeddable":true,"href":"https:\/\/wordpress.nibis.de\/ansgari\/wp-json\/wp\/v2\/comments?post=269"}],"version-history":[{"count":3,"href":"https:\/\/wordpress.nibis.de\/ansgari\/wp-json\/wp\/v2\/pages\/269\/revisions"}],"predecessor-version":[{"id":355,"href":"https:\/\/wordpress.nibis.de\/ansgari\/wp-json\/wp\/v2\/pages\/269\/revisions\/355"}],"wp:attachment":[{"href":"https:\/\/wordpress.nibis.de\/ansgari\/wp-json\/wp\/v2\/media?parent=269"}],"curies":[{"name":"wp","href":"https:\/\/api.w.org\/{rel}","templated":true}]}}