{"id":74,"date":"2023-10-17T12:50:18","date_gmt":"2023-10-17T10:50:18","guid":{"rendered":"https:\/\/wordpress.nibis.de\/ass-go\/?page_id=74"},"modified":"2026-04-28T08:59:32","modified_gmt":"2026-04-28T06:59:32","slug":"darauf-sind-wir-stolz","status":"publish","type":"page","link":"https:\/\/wordpress.nibis.de\/ass-go\/darauf-sind-wir-stolz\/","title":{"rendered":"Vernetzung und Kooperationen"},"content":{"rendered":"\n<p><\/p>\n\n\n\n<h2 class=\"wp-block-heading has-medium-font-size\"><\/h2>\n\n\n\n<p class=\"has-medium-font-size\"><strong>Kooperationsverbund Hochbegabung<\/strong><\/p>\n\n\n\n<p>Unsere Schule ist ein  aktives Mitglied im Kooperationsverbund Hochbegabung Barsinghausen und nimmt am j\u00e4hrlich stattfindenden Talentetag teil.<\/p>\n\n\n\n<p>Erg\u00e4nzend zum Unterricht bieten wir Forscherwerkst\u00e4tten an. Ausgew\u00e4hlte leistungsstarke Sch\u00fclerInnen haben hier die M\u00f6glichkeit, in naturwissenschaftlichen, sportlichen, mathematischen oder sprachlichen Bereichen Erfahrungen zu sammeln.  <\/p>\n\n\n\n<p class=\"has-text-align-center\"><span style=\"color:#fcb900\" class=\"tadv-color\">_____________________________________<\/span><\/p>\n\n\n\n<p class=\"has-medium-font-size\"><strong>Kooperation mit den Leselernhelfern &#8211; Verein MENTOR<\/strong><\/p>\n\n\n\n<p>Um die Lesef\u00e4higkeit unserer Sch\u00fclerInnen zu f\u00f6rdern, arbeiten wir in enger Absprache mit dem Verein Lesementoren zusammen. MitarbeiterInnen des Vereins kommen zu uns an die Schule, lesen mit einzelnen Sch\u00fclerInnen und unterst\u00fctzen und f\u00f6rdern somit die Leseentwicklung der Kinder.<\/p>\n\n\n\n<p><em>N\u00e4here Informationen finden Sie <a href=\"https:\/\/mentor-barsinghausen-schaumburg.de\/\" target=\"_blank\" rel=\"noreferrer noopener\">hier<\/a>. <\/em><\/p>\n\n\n\n<p class=\"has-text-align-center\"><span style=\"color:#fcb900\" class=\"tadv-color\">_____________________________________<\/span><\/p>\n\n\n\n<p class=\"has-medium-font-size\"><strong>Kooperation mit dem Handballverein <strong>Barsinghausen<\/strong><\/strong><\/p>\n\n\n\n<p>Wir kooperieren mit dem Handballverein Barsinghausen und nehmen j\u00e4hrlich am Handball-Aktionstag sowie an der grundschul\u00fcbergreifenden Handball-WM (Turnier) teil. Eine Handball-AG wird durch eine\/n FSJ\u00b4lerIn angeboten.<\/p>\n\n\n\n<p class=\"has-text-align-center\"><span class=\"tadv-color\" style=\"color:#fcb900\">_____________________________________<\/span><\/p>\n\n\n\n<p class=\"has-text-align-left\"><strong>Schulpartnerschaft &#8211; Die Recken<\/strong><\/p>\n\n\n\n<p>Wir freuen uns, eine Kooperation mit den TSV Hannover-Burgdorf (\u201eDIE RECKEN\u201c) bekannt zu geben. Ziel dieser Zusammenarbeit ist es, unseren Sch\u00fclerinnen und Sch\u00fclern zus\u00e4tzliche sportliche Erlebnisse zu erm\u00f6glichen und ihnen den Sport auf vielf\u00e4ltige Weise n\u00e4herzubringen.<\/p>\n\n\n\n<p>Wir blicken mit Vorfreude auf die gemeinsame Zeit und sind gespannt auf die Impulse und Erfahrungen, die diese Kooperation im kommenden Jahr mit sich bringen wird.<\/p>\n\n\n\n<p><\/p>\n\n\n<div class=\"wp-block-image\">\n<figure class=\"aligncenter size-full is-resized\"><img loading=\"lazy\" decoding=\"async\" width=\"803\" height=\"319\" src=\"https:\/\/wordpress.nibis.de\/ass-go\/files\/2026\/04\/HBRECKEN-16009-30_Sponsorenpool-Logo_Quer_68x27mm_Schule.jpg\" alt=\"\" class=\"wp-image-2531\" style=\"aspect-ratio:2.517243344923901;width:295px;height:auto\" srcset=\"https:\/\/wordpress.nibis.de\/ass-go\/files\/2026\/04\/HBRECKEN-16009-30_Sponsorenpool-Logo_Quer_68x27mm_Schule.jpg 803w, https:\/\/wordpress.nibis.de\/ass-go\/files\/2026\/04\/HBRECKEN-16009-30_Sponsorenpool-Logo_Quer_68x27mm_Schule-300x119.jpg 300w, https:\/\/wordpress.nibis.de\/ass-go\/files\/2026\/04\/HBRECKEN-16009-30_Sponsorenpool-Logo_Quer_68x27mm_Schule-768x305.jpg 768w, https:\/\/wordpress.nibis.de\/ass-go\/files\/2026\/04\/HBRECKEN-16009-30_Sponsorenpool-Logo_Quer_68x27mm_Schule-100x40.jpg 100w\" sizes=\"auto, (max-width: 803px) 100vw, 803px\" \/><\/figure>\n<\/div>\n\n\n<p class=\"has-text-align-center\"><span class=\"tadv-color\" style=\"color:#fcb900\">_____________________________________<\/span><\/p>\n\n\n\n<p class=\"has-medium-font-size\"><strong>Weitere Kooperationen: <\/strong><\/p>\n\n\n\n<p>Unsere Schule arbeitet mit verschiedenen Partnern zusammen, um den Kindern ein vielf\u00e4ltiges Angebot \u00fcber den Unterricht hinaus zu erm\u00f6glichen:<\/p>\n\n\n\n<ul class=\"wp-block-list\">\n<li><strong>DLRG<\/strong>: Einmal pro Woche findet f\u00fcr die Teilnehmerinnen und Teilnehmer unserer AG ein Erste-Hilfe-Kurs statt.<\/li>\n<\/ul>\n\n\n\n<p><\/p>\n\n\n\n<ul class=\"wp-block-list\">\n<li><strong>Kunstschule Noa Noa<\/strong>: Die Kinder erhalten hier die M\u00f6glichkeit, sich unter Anleitung von Fachkr\u00e4ften kreativ auszuleben und ihre gestalterischen F\u00e4higkeiten zu entwickeln.<\/li>\n<\/ul>\n\n\n\n<p><\/p>\n\n\n\n<ul class=\"wp-block-list\">\n<li><strong>Calenberger Musikschule:<\/strong> Gemeinsam mit der Musikschule wird unser Schulchor unterst\u00fctzt. Die w\u00f6chentlichen Proben bieten den Kindern Raum, ihre musikalischen Talente einzubringen und weiterzuentwickeln.<\/li>\n<\/ul>\n\n\n\n<p class=\"has-text-align-center\"><span style=\"color:#fcb900\" class=\"tadv-color\">_____________________________________<\/span><\/p>\n\n\n\n<p class=\"has-medium-font-size\"><strong>Schul\u00fcbergreifende Konferenzen<\/strong><\/p>\n\n\n\n<p>Die Barsingh\u00e4user Grundschulen treffen sich j\u00e4hrlich zu gemeinsamen Fachkonferenzen, um sich \u00fcber Unterrichtsinhalte auszutauschen, gemeinsame Absprachen zu treffen oder Fortbildungen durchzuf\u00fchren. Auch mit den weiterf\u00fchrenden Schulen wird eine enge Zusammenarbeit gepflegt, um den Sch\u00fclerInnen den Wechsel nach der  vierten Klasse zu erleichtern. <\/p>\n\n\n\n<p class=\"has-medium-font-size\"><\/p>\n\n\n\n<p>Auch im Bereich der <strong>Digitalisierung<\/strong> treffen sich die Barsingh\u00e4user Grundschulen regelm\u00e4\u00dfig, um im gemeinsamen Austausch zu bleiben und den Einsatz digitaler Medien im Unterricht zu f\u00f6rdern. <\/p>\n\n\n\n<p><\/p>\n\n\n\n<p class=\"has-text-align-center\"><span style=\"color:#fcb900\" class=\"tadv-color\">_____________________________________<\/span><\/p>\n\n\n\n<p><\/p>\n\n\n\n<p class=\"has-medium-font-size\"><strong>Zusammenarbeit mit den Kinderg\u00e4rten <\/strong><\/p>\n\n\n\n<p>Die Albert-Schweitzer-Schule legt Wert auf eine gute Zusammenarbeit mit den umliegenden Kinderg\u00e4rten, um den Lernanf\u00e4ngerInnen einen guten \u00dcbergang und einen erfolgreichen Start in unserer Schule zu erm\u00f6glichen. <\/p>\n\n\n\n<p><\/p>\n\n\n\n<p class=\"has-text-align-center\"><span style=\"color:#fcb900\" class=\"tadv-color\">_____________________________________<\/span><\/p>\n\n\n\n<p class=\"has-medium-font-size\"><strong>Zusammenarbeit mit der Polizei<\/strong><\/p>\n\n\n\n<p>Die Schule steht im engem Austausch mit dem Kontaktbeamten der Barsingh\u00e4user Polizei. Dieser f\u00fchrt in Klasse 1 den Fu\u00dfg\u00e4ngerf\u00fchrerschein durch, \u00fcberpr\u00fcft vor der Radfahrpr\u00fcfung in Jahrgang 4 die Fahrr\u00e4der der Kinder auf Verkehrssicherheit und nimmt die Fahrradpr\u00fcfung ab.<\/p>\n\n\n\n<p class=\"has-text-align-center\"><span style=\"color:#fcb900\" class=\"tadv-color\">_____________________________________<\/span><\/p>\n\n\n\n<p class=\"has-medium-font-size\"><strong>Zusammenarbeit mit der Feuerwehr<\/strong><\/p>\n\n\n\n<p>Die dritten Klassen besuchen jedes Jahr die Feuerwehr Gro\u00dfgoltern im Rahmen der Sachunterrichtseinheit \u201eMit Feuer und Flamme\u201c. Im Rahmen des Brandschutzes findet in regelm\u00e4\u00dfigen Abst\u00e4nden eine Alarm\u00fcbung mit der Ortsfeuerwehr Gro\u00dfgoltern statt. <\/p>\n\n\n\n<p><\/p>\n\n\n\n<p class=\"has-medium-font-size\"><\/p>\n\n\n\n<p><\/p>\n\n\n\n<p><\/p>\n\n\n\n<p><\/p>\n\n\n\n<p><\/p>\n","protected":false},"excerpt":{"rendered":"<p>Kooperationsverbund Hochbegabung Unsere Schule ist ein aktives Mitglied im Kooperationsverbund Hochbegabung Barsinghausen und nimmt am j\u00e4hrlich stattfindenden Talentetag teil. Erg\u00e4nzend zum Unterricht bieten wir Forscherwerkst\u00e4tten an. Ausgew\u00e4hlte leistungsstarke Sch\u00fclerInnen haben hier die M\u00f6glichkeit, in naturwissenschaftlichen, sportlichen, mathematischen oder sprachlichen Bereichen Erfahrungen zu sammeln. _____________________________________ Kooperation mit den Leselernhelfern &#8211; Verein MENTOR Um die Lesef\u00e4higkeit unserer &hellip; <a href=\"https:\/\/wordpress.nibis.de\/ass-go\/darauf-sind-wir-stolz\/\" class=\"more-link\"><span class=\"screen-reader-text\">Vernetzung und Kooperationen<\/span> weiterlesen<\/a><\/p>\n","protected":false},"author":9194276,"featured_media":0,"parent":0,"menu_order":0,"comment_status":"closed","ping_status":"closed","template":"","meta":{"footnotes":""},"class_list":["post-74","page","type-page","status-publish","hentry"],"_links":{"self":[{"href":"https:\/\/wordpress.nibis.de\/ass-go\/wp-json\/wp\/v2\/pages\/74","targetHints":{"allow":["GET"]}}],"collection":[{"href":"https:\/\/wordpress.nibis.de\/ass-go\/wp-json\/wp\/v2\/pages"}],"about":[{"href":"https:\/\/wordpress.nibis.de\/ass-go\/wp-json\/wp\/v2\/types\/page"}],"author":[{"embeddable":true,"href":"https:\/\/wordpress.nibis.de\/ass-go\/wp-json\/wp\/v2\/users\/9194276"}],"replies":[{"embeddable":true,"href":"https:\/\/wordpress.nibis.de\/ass-go\/wp-json\/wp\/v2\/comments?post=74"}],"version-history":[{"count":44,"href":"https:\/\/wordpress.nibis.de\/ass-go\/wp-json\/wp\/v2\/pages\/74\/revisions"}],"predecessor-version":[{"id":2536,"href":"https:\/\/wordpress.nibis.de\/ass-go\/wp-json\/wp\/v2\/pages\/74\/revisions\/2536"}],"wp:attachment":[{"href":"https:\/\/wordpress.nibis.de\/ass-go\/wp-json\/wp\/v2\/media?parent=74"}],"curies":[{"name":"wp","href":"https:\/\/api.w.org\/{rel}","templated":true}]}}