{"id":90,"date":"2023-10-17T13:46:22","date_gmt":"2023-10-17T11:46:22","guid":{"rendered":"https:\/\/wordpress.nibis.de\/ass-go\/?page_id=90"},"modified":"2023-11-29T14:13:07","modified_gmt":"2023-11-29T13:13:07","slug":"impressum","status":"publish","type":"page","link":"https:\/\/wordpress.nibis.de\/ass-go\/impressum\/","title":{"rendered":"Impressum"},"content":{"rendered":"\n<h4 class=\"wp-block-heading\">Albert-Schweitzer-Grundschule:<\/h4>\n\n\n\n<p>Albert-Schweitzer-Str. 2<br>Email: &#83;&#x65;&#107;&#x72;&#101;&#x74;a&#x72;i&#x61;t&#64;&#x61;&#115;&#x73;&#45;&#x67;&#111;&#x6c;t&#x65;r&#x6e;-&#105;&#x73;&#101;&#x72;&#118;&#x2e;&#100;&#x65;<\/p>\n\n\n\n<hr class=\"wp-block-separator tw-lg-hidden tw-md-hidden tw-sm-hidden\" \/>\n\n\n\n<h4 class=\"wp-block-heading\">Schultr\u00e4ger:<\/h4>\n\n\n\n<p>Stadt Barsinghausen<br>Bergamtstra\u00dfe 5<\/p>\n\n\n\n<p>Telefon: (05105) 774-0<br>Website: www.barsinghausen.de<\/p>\n\n\n\n<h4 class=\"wp-block-heading\">Haftungsausschluss:<\/h4>\n\n\n\n<p>Trotz sorgf\u00e4ltiger inhaltlicher Kontrolle \u00fcbernimmt die Albert-Schweitzer-Schule keine Haftung f\u00fcr die Inhalte externer Links. F\u00fcr den Inhalt der verlinkten Seiten sind ausschlie\u00dflich deren Betreiber verantwortlich.<\/p>\n\n\n\n<p>Wir \u00fcbernehmen keinerlei Gew\u00e4hr f\u00fcr die Aktualit\u00e4t, Korrektheit, Vollst\u00e4ndigkeit oder Qualit\u00e4t der bereitgestellten Informationen und Inhalte. Wir schlie\u00dfen jegliche Haftung f\u00fcr Sch\u00e4den aus, die mittelbar oder unmittelbar aus der Benutzung dieser Website entstehen. Die Nutzung erfolgt auf eigene Gefahr.<\/p>\n\n\n\n<p>Die Inhalte dieser Website d\u00fcrfen ohne ausdr\u00fcckliche Genehmigung nicht entnommen oder vervielf\u00e4ltigt werden. Sie unterliegen dem Schutz des Urheberrechts (Copyright).<\/p>\n\n\n\n<p><\/p>\n","protected":false},"excerpt":{"rendered":"<p>Albert-Schweitzer-Grundschule: Albert-Schweitzer-Str. 2Email: &#83;&#x65;&#107;&#x72;&#101;&#x74;&#97;&#x72;i&#x61;t&#x40;a&#x73;s&#45;&#x67;&#111;&#x6c;&#116;&#x65;&#114;&#x6e;&#45;&#x69;s&#x65;r&#x76;&#46;&#x64;e Schultr\u00e4ger: Stadt BarsinghausenBergamtstra\u00dfe 5 Telefon: (05105) 774-0Website: www.barsinghausen.de Haftungsausschluss: Trotz sorgf\u00e4ltiger inhaltlicher Kontrolle \u00fcbernimmt die Albert-Schweitzer-Schule keine Haftung f\u00fcr die Inhalte externer Links. F\u00fcr den Inhalt der verlinkten Seiten sind ausschlie\u00dflich deren Betreiber verantwortlich. Wir \u00fcbernehmen keinerlei Gew\u00e4hr f\u00fcr die Aktualit\u00e4t, Korrektheit, Vollst\u00e4ndigkeit oder Qualit\u00e4t der bereitgestellten Informationen und Inhalte. Wir &hellip; <a href=\"https:\/\/wordpress.nibis.de\/ass-go\/impressum\/\" class=\"more-link\"><span class=\"screen-reader-text\">Impressum<\/span> weiterlesen<\/a><\/p>\n","protected":false},"author":9194276,"featured_media":0,"parent":0,"menu_order":0,"comment_status":"closed","ping_status":"closed","template":"","meta":{"footnotes":""},"class_list":["post-90","page","type-page","status-publish","hentry"],"_links":{"self":[{"href":"https:\/\/wordpress.nibis.de\/ass-go\/wp-json\/wp\/v2\/pages\/90","targetHints":{"allow":["GET"]}}],"collection":[{"href":"https:\/\/wordpress.nibis.de\/ass-go\/wp-json\/wp\/v2\/pages"}],"about":[{"href":"https:\/\/wordpress.nibis.de\/ass-go\/wp-json\/wp\/v2\/types\/page"}],"author":[{"embeddable":true,"href":"https:\/\/wordpress.nibis.de\/ass-go\/wp-json\/wp\/v2\/users\/9194276"}],"replies":[{"embeddable":true,"href":"https:\/\/wordpress.nibis.de\/ass-go\/wp-json\/wp\/v2\/comments?post=90"}],"version-history":[{"count":10,"href":"https:\/\/wordpress.nibis.de\/ass-go\/wp-json\/wp\/v2\/pages\/90\/revisions"}],"predecessor-version":[{"id":858,"href":"https:\/\/wordpress.nibis.de\/ass-go\/wp-json\/wp\/v2\/pages\/90\/revisions\/858"}],"wp:attachment":[{"href":"https:\/\/wordpress.nibis.de\/ass-go\/wp-json\/wp\/v2\/media?parent=90"}],"curies":[{"name":"wp","href":"https:\/\/api.w.org\/{rel}","templated":true}]}}