{"id":117,"date":"2019-03-20T14:44:32","date_gmt":"2019-03-20T13:44:32","guid":{"rendered":"https:\/\/wordpress.nibis.de\/asswl\/?page_id=117"},"modified":"2026-02-26T08:27:44","modified_gmt":"2026-02-26T07:27:44","slug":"schulsozialarbeit","status":"publish","type":"page","link":"https:\/\/wordpress.nibis.de\/asswl\/schulsozialarbeit\/","title":{"rendered":"Schulsozialarbeit"},"content":{"rendered":"\n<p><strong>Soziale Arbeit an der Alten Stadtschule<\/strong><\/p>\n<p>Frau Maria J\u00fcrgens<\/p>\n<p>&#109;&#x61;r&#105;&#x61;&#46;&#x6a;&#x75;&#101;&#x72;g&#101;&#x6e;s&#64;&#x61;&#115;&#x73;-&#119;&#x69;n&#115;&#x65;&#110;&#x2e;&#x64;&#101;<\/p>\n<p>Frau Susanne Peters<\/p>\n<p>&#x73;&#117;&#x73;&#x61;n&#x6e;&#101;&#46;&#x70;&#101;t&#x65;&#114;&#x73;&#x40;a&#x73;&#115;-&#x77;&#105;n&#x73;&#101;&#x6e;&#x2e;&#100;&#x65;<\/p>\n<p>Frau Ann-Kathrin Prasuhn<\/p>\n<p>&#x61;n&#x6e;&#45;k&#x61;&#116;&#x68;&#x72;i&#x6e;&#46;p&#x72;&#97;&#x73;&#117;h&#x6e;&#64;a&#x73;&#115;&#x2d;&#119;i&#x6e;&#115;&#x65;&#x6e;&#46;&#x64;&#101;<\/p>\n<p>Tel. Schulsozialarbeit: 04171 \u2013 769 4220<\/p>\n<p>Schulsozialarbeit ist ein beratendes, st\u00e4rkendes Angebot, das niemanden ausschlie\u00dft. Sie ist niedrigschwellig und l\u00f6sungsorientiert.Ein zentraler Grundsatz der Arbeit ist die Schweigepflicht. Inhalte aus Gespr\u00e4chen werden vertraulich behandelt. Informationen werden nur mit ausdr\u00fccklicher Zustimmung weitergegeben \u2013 au\u00dfer in F\u00e4llen, in denen eine gesetzliche Verpflichtung besteht.<\/p>\n<p>Schulsozialarbeit tr\u00e4gt dazu bei, dass unsere Grundschule ein Ort ist, an dem sich alle Kinder sicher, angenommen und gest\u00e4rkt f\u00fchlen.<\/p>\n<p>Angebote der Schulsozialarbeit an der Alten Stadtschule sind:<\/p>\n<ul>\n<li>\u00a0Beratung und Unterst\u00fctzung von Sch\u00fclerinnen und Sch\u00fclern<\/li>\n<li>Beratung und Unterst\u00fctzung von Eltern<\/li>\n<li>\u00a0Beratung und Unterst\u00fctzung von Lehrkr\u00e4ften<\/li>\n<li>Betreuung der P\u00e4dagogischen Schulinsel am Vor- und Nachmittag<\/li>\n<li>Konfliktkl\u00e4rung<\/li>\n<li>Elterncaf\u00e9 in der Woche nach der Einschulung<\/li>\n<li>Begleitung des \u00dcbergangs Kindergarten \u2013 Grundschule<\/li>\n<li>Begleitung des \u00dcbergangs Grundschule &#8211; Weiterf\u00fchrende Schule<\/li>\n<li>Durchf\u00fchrung und Organisation medienp\u00e4dagogischer Angebote in Jahrgang 3 und 4 (Ich bin on; Netzdschungel)<\/li>\n<li>Organisation weiterer pr\u00e4ventiver Angebote (z.B. Sascha)<\/li>\n<li>Unterst\u00fctzung bei Antragsstellungen, z.B. BuT-Antr\u00e4ge<\/li>\n<li>Vermittlung weiterf\u00fchrender Hilfen<\/li>\n<li>nach Bedarf begleitende Unterst\u00fctzung im Unterricht<\/li>\n<li>Zusammenarbeit mit au\u00dferschulischen Kooperationspartnern (wie z.B. Jugendamt, AWO, EGON\u00b4S)<\/li>\n<li>Durchf\u00fchrung klassenst\u00e4rkender Projekte\u00a0<\/li>\n<li>Konzeptarbeit und Mitarbeit an der Schulentwicklung<\/li>\n<li>Netzwerkarbeit<\/li>\n<\/ul>\n<p>\u00a0<\/p>\n","protected":false},"excerpt":{"rendered":"<p>Soziale Arbeit an der Alten Stadtschule Frau Maria J\u00fcrgens &#x6d;&#97;&#x72;&#x69;&#97;&#x2e;&#106;u&#x65;&#114;g&#x65;&#110;s&#x40;&#97;s&#x73;&#45;&#x77;&#x69;&#110;&#x73;&#x65;&#110;&#x2e;&#100;e Frau Susanne Peters &#115;&#x75;&#115;&#x61;&#110;&#x6e;e&#x2e;p&#x65;t&#101;&#x72;&#115;&#x40;&#97;&#x73;&#115;&#x2d;w&#x69;n&#x73;e&#110;&#x2e;&#100;&#x65; Frau Ann-Kathrin Prasuhn a&#110;&#110;&#x2d;&#x6b;&#x61;t&#104;&#114;&#x69;&#x6e;&#x2e;pr&#97;&#x73;&#x75;&#x68;n&#64;&#97;&#115;&#x73;&#x2d;&#x77;i&#110;&#115;&#x65;&#x6e;&#x2e;d&#101; Tel. Schulsozialarbeit: 04171 \u2013 769 4220 Schulsozialarbeit ist ein beratendes, st\u00e4rkendes Angebot, das niemanden ausschlie\u00dft. Sie ist niedrigschwellig und l\u00f6sungsorientiert.Ein zentraler Grundsatz &hellip; <a href=\"https:\/\/wordpress.nibis.de\/asswl\/schulsozialarbeit\/\">Weiterlesen <span class=\"meta-nav\">&rarr;<\/span><\/a><\/p>\n","protected":false},"author":9192894,"featured_media":0,"parent":0,"menu_order":0,"comment_status":"closed","ping_status":"closed","template":"","meta":{"footnotes":""},"class_list":["post-117","page","type-page","status-publish","hentry"],"_links":{"self":[{"href":"https:\/\/wordpress.nibis.de\/asswl\/wp-json\/wp\/v2\/pages\/117","targetHints":{"allow":["GET"]}}],"collection":[{"href":"https:\/\/wordpress.nibis.de\/asswl\/wp-json\/wp\/v2\/pages"}],"about":[{"href":"https:\/\/wordpress.nibis.de\/asswl\/wp-json\/wp\/v2\/types\/page"}],"author":[{"embeddable":true,"href":"https:\/\/wordpress.nibis.de\/asswl\/wp-json\/wp\/v2\/users\/9192894"}],"replies":[{"embeddable":true,"href":"https:\/\/wordpress.nibis.de\/asswl\/wp-json\/wp\/v2\/comments?post=117"}],"version-history":[{"count":8,"href":"https:\/\/wordpress.nibis.de\/asswl\/wp-json\/wp\/v2\/pages\/117\/revisions"}],"predecessor-version":[{"id":1886,"href":"https:\/\/wordpress.nibis.de\/asswl\/wp-json\/wp\/v2\/pages\/117\/revisions\/1886"}],"wp:attachment":[{"href":"https:\/\/wordpress.nibis.de\/asswl\/wp-json\/wp\/v2\/media?parent=117"}],"curies":[{"name":"wp","href":"https:\/\/api.w.org\/{rel}","templated":true}]}}