{"id":120,"date":"2019-03-20T14:44:45","date_gmt":"2019-03-20T13:44:45","guid":{"rendered":"https:\/\/wordpress.nibis.de\/asswl\/?page_id=120"},"modified":"2024-08-08T10:36:03","modified_gmt":"2024-08-08T08:36:03","slug":"beratungslehrerin","status":"publish","type":"page","link":"https:\/\/wordpress.nibis.de\/asswl\/beratungslehrerin\/","title":{"rendered":"Beratungslehrerin"},"content":{"rendered":"\n<p><u>Liebe Eltern!<\/u><\/p>\n<p>Als Beratungslehrerin stehe ich Ihnen bei folgenden Anliegen zur Verf\u00fcgung:<\/p>\n<ul>\n<li>Beratung bei individuellen Lern-, Leistungs- und Verhaltensproblemen Ihres Kindes,<br \/>d.h. wenn Schulschwierigkeiten vorliegen, die bislang nicht bew\u00e4ltigt werden konnten,<br \/>bei denen Sie sich \u00fcber Ihr eigenes Verhalten unsicher sind oder<br \/>bei denen Sie Hilfen und Unterst\u00fctzung f\u00fcr zu treffende Entscheidungen suchen.<\/li>\n<li>Bei schulischen Problemen<\/li>\n<li>Bei Informationen \u00fcber Beratungseinrichtungen<\/li>\n<li>Schullaufbahnberatung<\/li>\n<\/ul>\n<p>Bitte beachten Sie, dass Beratung ein freiwilliges Angebot ist, bei dem der Ratsuchende Wege und Ziele selbst bestimmt. Die Beratungslehrerin versteht sich als Prozess- bzw. Wegbegleiterin. Beratung in der Schule ist frei von jeglicher Bewertung und gesetzlich an die Schweigepflicht gebunden.<\/p>\n<p><u>Kontaktaufnahme:<\/u><\/p>\n<ul>\n<li>Hinterlassen Sie eine Nachricht im Sekretariat.<\/li>\n<li>Sprechen Sie die Klassenlehrkraft Ihres Kindes an.<\/li>\n<li>Schreiben Sie mir eine E-Mail: &#109;&#x69;r&#105;&#x61;&#109;&#x2e;r&#111;&#x68;w&#x65;&#x72;&#64;&#x61;s&#115;&#x2d;w&#x69;&#x6e;&#115;&#x65;n&#46;&#x64;&#101;<\/li>\n<\/ul>\n<p>Ich freue mich auf ein Gespr\u00e4ch mit Ihnen und verbleibe mit freundlichen Gr\u00fc\u00dfen<br \/><br \/>Miriam Rohwer<\/p>\n","protected":false},"excerpt":{"rendered":"<p>Liebe Eltern! Als Beratungslehrerin stehe ich Ihnen bei folgenden Anliegen zur Verf\u00fcgung: Beratung bei individuellen Lern-, Leistungs- und Verhaltensproblemen Ihres Kindes,d.h. wenn Schulschwierigkeiten vorliegen, die bislang nicht bew\u00e4ltigt werden konnten,bei denen Sie sich \u00fcber Ihr eigenes Verhalten unsicher sind oderbei &hellip; <a href=\"https:\/\/wordpress.nibis.de\/asswl\/beratungslehrerin\/\">Weiterlesen <span class=\"meta-nav\">&rarr;<\/span><\/a><\/p>\n","protected":false},"author":9192894,"featured_media":0,"parent":0,"menu_order":0,"comment_status":"closed","ping_status":"closed","template":"","meta":{"footnotes":""},"class_list":["post-120","page","type-page","status-publish","hentry"],"_links":{"self":[{"href":"https:\/\/wordpress.nibis.de\/asswl\/wp-json\/wp\/v2\/pages\/120","targetHints":{"allow":["GET"]}}],"collection":[{"href":"https:\/\/wordpress.nibis.de\/asswl\/wp-json\/wp\/v2\/pages"}],"about":[{"href":"https:\/\/wordpress.nibis.de\/asswl\/wp-json\/wp\/v2\/types\/page"}],"author":[{"embeddable":true,"href":"https:\/\/wordpress.nibis.de\/asswl\/wp-json\/wp\/v2\/users\/9192894"}],"replies":[{"embeddable":true,"href":"https:\/\/wordpress.nibis.de\/asswl\/wp-json\/wp\/v2\/comments?post=120"}],"version-history":[{"count":5,"href":"https:\/\/wordpress.nibis.de\/asswl\/wp-json\/wp\/v2\/pages\/120\/revisions"}],"predecessor-version":[{"id":1595,"href":"https:\/\/wordpress.nibis.de\/asswl\/wp-json\/wp\/v2\/pages\/120\/revisions\/1595"}],"wp:attachment":[{"href":"https:\/\/wordpress.nibis.de\/asswl\/wp-json\/wp\/v2\/media?parent=120"}],"curies":[{"name":"wp","href":"https:\/\/api.w.org\/{rel}","templated":true}]}}