{"id":132,"date":"2019-03-20T14:47:14","date_gmt":"2019-03-20T13:47:14","guid":{"rendered":"https:\/\/wordpress.nibis.de\/asswl\/?page_id=132"},"modified":"2019-03-20T14:47:14","modified_gmt":"2019-03-20T13:47:14","slug":"leitbild","status":"publish","type":"page","link":"https:\/\/wordpress.nibis.de\/asswl\/leitbild\/","title":{"rendered":"Leitbild"},"content":{"rendered":"\n<p><b>Unsere Schule als Lebensraum<\/b><\/p>\n<ul>\n<li>Das Miteinander in unserer Schule ist gepr\u00e4gt von Respekt, Verantwortungsbewusstsein, Toleranz, Aufgeschlossenheit, Vielfalt und Gemeinsamkeit.<\/li>\n<li>Wir erziehen unsere Sch\u00fclerinnen und Sch\u00fcler zu selbstbewussten, leistungsbereiten und teamf\u00e4higen Pers\u00f6nlichkeiten.<\/li>\n<li>Unser Schulklima zeichnet sich aus durch eine intensive Zusammenarbeit auf allen Ebenen und eine vertrauensvolle und transparente Kommunikation aller am Schulleben Beteiligten.<\/li>\n<li>Wir sind bereit, Konflikte anzunehmen und gemeinsam zu l\u00f6sen.<\/li>\n<li>Unsere Schulveranstaltungen, Feste, Regeln und Rituale verbinden uns.<\/li>\n<li>Wir kooperieren in Winsen mit Kinderg\u00e4rten, Horten, den weiterf\u00fchrenden Schulen, Verb\u00e4nden und Vereinen und anderen \u00f6rtlichen Institutionen.<br \/><br \/><b>Unsere Schule als Lernraum<\/b><\/li>\n<li>Unsere Sch\u00fclerinnen und Sch\u00fcler erwerben die grundlegenden Kompetenzen des Lesens, Schreibens und Rechnens.\u00a0<\/li>\n<li>Unsere Sch\u00fclerinnen und Sch\u00fcler erhalten eine fundierte Allgemeinbildung und Fachwissen, damit sie erfolgreich in den weiterf\u00fchrenden Schulen mitarbeiten k\u00f6nnen.\u00a0<\/li>\n<li>Wir legen den Grundstein f\u00fcr selbstst\u00e4ndiges und selbstver-antwortliches Lernen.<\/li>\n<li>Mit methodisch vielf\u00e4ltigem und differenziertem Unterricht stellen wir uns auf die Individualit\u00e4t unserer Sch\u00fclerinnen und Sch\u00fcler ein.\u00a0<\/li>\n<li>Durch regelm\u00e4\u00dfige Arbeit in Teams und Fortbildungen gew\u00e4hrleisten wir die Professionalit\u00e4t der Lehrkr\u00e4fte.<\/li>\n<li>Qualit\u00e4tsentwicklung findet in unserer Schule statt, indem wir uns Ziele setzen, diese umsetzen, \u00fcberpr\u00fcfen und Schl\u00fcsse f\u00fcr die Weiterarbeit daraus ziehen.<\/li>\n<li>Wir wollen unsere Sch\u00fclerinnen und Sch\u00fcler zu gemeinschaftsf\u00e4higen Pers\u00f6nlichkeiten erziehen und sie mit den Werten der deutschen Kultur vertraut machen.<\/li>\n<\/ul>\n<p>\u00a0<\/p>\n","protected":false},"excerpt":{"rendered":"<p>Unsere Schule als Lebensraum Das Miteinander in unserer Schule ist gepr\u00e4gt von Respekt, Verantwortungsbewusstsein, Toleranz, Aufgeschlossenheit, Vielfalt und Gemeinsamkeit. Wir erziehen unsere Sch\u00fclerinnen und Sch\u00fcler zu selbstbewussten, leistungsbereiten und teamf\u00e4higen Pers\u00f6nlichkeiten. Unser Schulklima zeichnet sich aus durch eine intensive Zusammenarbeit &hellip; <a href=\"https:\/\/wordpress.nibis.de\/asswl\/leitbild\/\">Weiterlesen <span class=\"meta-nav\">&rarr;<\/span><\/a><\/p>\n","protected":false},"author":9192894,"featured_media":0,"parent":0,"menu_order":0,"comment_status":"closed","ping_status":"closed","template":"","meta":{"footnotes":""},"class_list":["post-132","page","type-page","status-publish","hentry"],"_links":{"self":[{"href":"https:\/\/wordpress.nibis.de\/asswl\/wp-json\/wp\/v2\/pages\/132","targetHints":{"allow":["GET"]}}],"collection":[{"href":"https:\/\/wordpress.nibis.de\/asswl\/wp-json\/wp\/v2\/pages"}],"about":[{"href":"https:\/\/wordpress.nibis.de\/asswl\/wp-json\/wp\/v2\/types\/page"}],"author":[{"embeddable":true,"href":"https:\/\/wordpress.nibis.de\/asswl\/wp-json\/wp\/v2\/users\/9192894"}],"replies":[{"embeddable":true,"href":"https:\/\/wordpress.nibis.de\/asswl\/wp-json\/wp\/v2\/comments?post=132"}],"version-history":[{"count":1,"href":"https:\/\/wordpress.nibis.de\/asswl\/wp-json\/wp\/v2\/pages\/132\/revisions"}],"predecessor-version":[{"id":134,"href":"https:\/\/wordpress.nibis.de\/asswl\/wp-json\/wp\/v2\/pages\/132\/revisions\/134"}],"wp:attachment":[{"href":"https:\/\/wordpress.nibis.de\/asswl\/wp-json\/wp\/v2\/media?parent=132"}],"curies":[{"name":"wp","href":"https:\/\/api.w.org\/{rel}","templated":true}]}}