{"id":138,"date":"2019-03-20T14:54:09","date_gmt":"2019-03-20T13:54:09","guid":{"rendered":"https:\/\/wordpress.nibis.de\/asswl\/?page_id=138"},"modified":"2025-08-11T12:03:26","modified_gmt":"2025-08-11T10:03:26","slug":"kooperation-mit-der-musikschule","status":"publish","type":"page","link":"https:\/\/wordpress.nibis.de\/asswl\/kooperation-mit-der-musikschule\/","title":{"rendered":"Kooperation mit der Musikschule"},"content":{"rendered":"\n<p>Seit dem Schuljahr 2018\/19 kooperieren wir mit der Musikschule Winsen. In diesem Rahmen bieten wir Schnupperkurse f\u00fcr unsere Sch\u00fclerinnen und Sch\u00fcler an.\u00a0<\/p>\n<p>Zurzeit ist das Angebot:<\/p>\n<ol>\n<li>Gitarrenkurs f\u00fcr Anf\u00e4nger<\/li>\n<li>Gitarrenkurs f\u00fcr Fortgeschrittene (nur 2. Halbjahr)<\/li>\n<li>Percussion<\/li>\n<li>Chor<\/li>\n<\/ol>\n<p>Da es in der Regel mehr Bewerber als Pl\u00e4tze f\u00fcr die Kurse gibt, entscheiden die beiden Schulleitungen \u00fcber die Vergabe der freien Pl\u00e4tze. Hierbei werden in erster Linie zun\u00e4chst die \u00e4lteren Sch\u00fclerinnen und Sch\u00fcler ber\u00fccksichtigt.<\/p>\n<p>\u00a0<\/p>\n","protected":false},"excerpt":{"rendered":"<p>Seit dem Schuljahr 2018\/19 kooperieren wir mit der Musikschule Winsen. In diesem Rahmen bieten wir Schnupperkurse f\u00fcr unsere Sch\u00fclerinnen und Sch\u00fcler an.\u00a0 Zurzeit ist das Angebot: Gitarrenkurs f\u00fcr Anf\u00e4nger Gitarrenkurs f\u00fcr Fortgeschrittene (nur 2. Halbjahr) Percussion Chor Da es in &hellip; <a href=\"https:\/\/wordpress.nibis.de\/asswl\/kooperation-mit-der-musikschule\/\">Weiterlesen <span class=\"meta-nav\">&rarr;<\/span><\/a><\/p>\n","protected":false},"author":9192894,"featured_media":0,"parent":0,"menu_order":0,"comment_status":"closed","ping_status":"closed","template":"","meta":{"footnotes":""},"class_list":["post-138","page","type-page","status-publish","hentry"],"_links":{"self":[{"href":"https:\/\/wordpress.nibis.de\/asswl\/wp-json\/wp\/v2\/pages\/138","targetHints":{"allow":["GET"]}}],"collection":[{"href":"https:\/\/wordpress.nibis.de\/asswl\/wp-json\/wp\/v2\/pages"}],"about":[{"href":"https:\/\/wordpress.nibis.de\/asswl\/wp-json\/wp\/v2\/types\/page"}],"author":[{"embeddable":true,"href":"https:\/\/wordpress.nibis.de\/asswl\/wp-json\/wp\/v2\/users\/9192894"}],"replies":[{"embeddable":true,"href":"https:\/\/wordpress.nibis.de\/asswl\/wp-json\/wp\/v2\/comments?post=138"}],"version-history":[{"count":5,"href":"https:\/\/wordpress.nibis.de\/asswl\/wp-json\/wp\/v2\/pages\/138\/revisions"}],"predecessor-version":[{"id":1644,"href":"https:\/\/wordpress.nibis.de\/asswl\/wp-json\/wp\/v2\/pages\/138\/revisions\/1644"}],"wp:attachment":[{"href":"https:\/\/wordpress.nibis.de\/asswl\/wp-json\/wp\/v2\/media?parent=138"}],"curies":[{"name":"wp","href":"https:\/\/api.w.org\/{rel}","templated":true}]}}