{"id":1411,"date":"2023-04-13T16:36:22","date_gmt":"2023-04-13T14:36:22","guid":{"rendered":"https:\/\/wordpress.nibis.de\/asswl\/?page_id=1411"},"modified":"2023-04-13T16:43:11","modified_gmt":"2023-04-13T14:43:11","slug":"ausfluege","status":"publish","type":"page","link":"https:\/\/wordpress.nibis.de\/asswl\/ausfluege\/","title":{"rendered":"Ausfl\u00fcge"},"content":{"rendered":"\n<div class=\"wp-block-group alignfull has-background\" style=\"background-color:#f8f4e4\"><div class=\"wp-block-group__inner-container is-layout-flow wp-block-group-is-layout-flow\">\n<div class=\"wp-block-columns alignwide is-layout-flex wp-container-core-columns-is-layout-abceabcf wp-block-columns-is-layout-flex\">\n<div class=\"wp-block-column is-layout-flow wp-block-column-is-layout-flow\">\n<p><strong>Kunstb\u00e4ckerei<\/strong><\/p>\n\n\n\n<p>Seit diesem Jahr gibt es in Winsen eine Kunstb\u00e4ckerei! Wo fr\u00fcher Br\u00f6tchen, Brote, Kuchen und Kekse hergestellt wurden, wird heute Kunst produziert. Dabei geht es aber nicht nur um sch\u00f6ne Bilder auf Papier oder in gro\u00dfen Rahmen. In der Kunstb\u00e4ckerei kann au\u00dferdem gebatikt, gen\u00e4ht, fotografiert, Keramik bemalt, gesungen, gefilmt, gebastelt, getanzt und experimentiert werden. In dem wunderbar gro\u00dfen Raum lassen sich so ziemlich alle kreativen Ideen verwirklichen. In den Regalen finden sich Perlen, Leder, Acrylfarben, Wachsmalstifte, Stanzformen, Spachtel, Pinsel, Wolle, Papier und noch sehr viel mehr.<\/p>\n\n\n\n<p>Am 31. Mai kam Frau Botsch mit ihrer Klasse zu Besuch. Das Thema lautete \u201eZufallsverfahren\u201c. An sieben Stationen stellten die Kinder mit verschiedenen Verfahren leuchtende Kunstwerke her. Es wurde gemurmelt, gespachtelt und mit Spielzeugautos \u00fcber die Bilder gefahren. Besonders beeindruckende Ergebnisse brachte die Schnurdruckgrafik hervor. Beruhigend waren die Stationen Frottage und Landkartenbilder. Hier wurde auch weit weniger Dreck gemacht als zum Beispiel bei der Druck-Station, wo mit Schablonen und unterschiedlichen Gegenst\u00e4nden interessante Muster und Abdr\u00fccke mit Acrylfarbe entstanden. Am Ende wurde eine Auswahl der Bilder zu individuellen Heften, wundersch\u00f6nen Briefumschl\u00e4gen und Lesezeichen weiterverarbeitet.&nbsp;<\/p>\n\n\n\n<p>Auch von anderen Schulen kamen bereits Klassen in die Kunstb\u00e4ckerei. Sie machten zum Beispiel eine Reise um die Welt auf dem fliegenden Teppich, gestalteten Eisbecher in Italien, bastelten L\u00f6wen in Afrika, gef\u00e4hrliche Schlangen in Australien, tupften bl\u00fchende Kirschb\u00e4ume in Japan, erstellten Burger-Collagen in Nordamerika und erschufen ihre eigenen handzahmen Klorollen-Papageien.<\/p>\n\n\n\n<p>Im Juni ging es f\u00fcr den vierten Jahrgang der Alten Stadtschule mit viel Technik weiter. Mithilfe von iPads, einer App, einem Beamer und praktischen Tischkonstruktionen erstellten sie Stop Motion-Filme. Verwendet wurde die Legetechnik. Hierbei wird ein Bild gelegt und ein Foto davon gemacht. Anschlie\u00dfend bewegt man Teile des Bildes (meistens die Figuren) ein ganz kleines St\u00fcck und macht ein zweites Foto. Dies wiederholt man ganz ganz ganz oft. Am Ende macht die App aus den vielen Fotos einen Film, in dem es so aussieht, als w\u00fcrden sich die Figuren ganz von allein bewegen. Auf diese Weise werden z.B. auch Filme wie \u201eShaun das Schaf\u201c produziert. Man kann solche Filme mit Knete, Spielfiguren oder mit Papier herstellen.<\/p>\n\n\n\n<p>Da viele Kinder vorher noch keine Erfahrung mit dieser Film-Technik hatten, bekamen die 6 Gruppen jeweils ein Drehbuch, in dem genau stand, was zu tun ist. Nach anf\u00e4nglichen Schwierigkeiten und vereinzelten Unsicherheiten hatten die Kinder den Bogen schnell raus. Die drei Hauptfiguren der Geschichte erleben mithilfe einer verzauberten Truhe, die sie zuf\u00e4llig auf dem Dachboden der Schule gefunden haben, eine magische Reise rund um unsere Erde. Sie tauchen durch das Meer, klettern im Dschungel riesige B\u00e4ume herab, reiten auf Kamelen durch die W\u00fcste und finden bei den Pinguinen der Antarktis ein Ei mit einem seltsamen Inhalt. Am Ende gelingt es ihnen, die Zaubertruhe zu \u00f6ffnen, woraufhin sie Bekanntschaft mit dem Poltergeist der Alten Stadtschule machen, der vor vielen&nbsp; Jahren vom ehemaligen Hausmeister weggesperrt wurde.<\/p>\n\n\n\n<p>Die Vertonung der Filme erfolgte anschlie\u00dfend in der Schule mithilfe von Frau Hobst, die auch den Schnitt \u00fcbernahm.<\/p>\n\n\n\n<p>Wer Lust hat, auch mal in der Kunstb\u00e4ckerei kreativ zu werden, kann sich gerne bei Frau Hobst melden. Hierf\u00fcr am besten einen kurzen Brief schreiben und ihn in den Briefkasten neben dem Schulbriefkasten einwerfen.<\/p>\n<\/div>\n<\/div>\n\n\n\n<figure class=\"wp-block-image size-large is-resized is-style-tw-rounded-corners\"><img loading=\"lazy\" decoding=\"async\" src=\"https:\/\/wordpress.nibis.de\/asswl\/files\/2023\/04\/Foto-12.07.22-15-49-01-1-1024x768.jpg\" alt=\"\" class=\"wp-image-1408\" width=\"552\" height=\"414\" srcset=\"https:\/\/wordpress.nibis.de\/asswl\/files\/2023\/04\/Foto-12.07.22-15-49-01-1-1024x768.jpg 1024w, https:\/\/wordpress.nibis.de\/asswl\/files\/2023\/04\/Foto-12.07.22-15-49-01-1-300x225.jpg 300w, https:\/\/wordpress.nibis.de\/asswl\/files\/2023\/04\/Foto-12.07.22-15-49-01-1-768x576.jpg 768w, https:\/\/wordpress.nibis.de\/asswl\/files\/2023\/04\/Foto-12.07.22-15-49-01-1-1536x1152.jpg 1536w, https:\/\/wordpress.nibis.de\/asswl\/files\/2023\/04\/Foto-12.07.22-15-49-01-1.jpg 2048w\" sizes=\"auto, (max-width: 552px) 100vw, 552px\" \/><\/figure>\n\n\n\n<div class=\"wp-block-columns\">&nbsp;<\/div>\n<p>&nbsp;<\/p>\n<\/div><\/div>\n","protected":false},"excerpt":{"rendered":"<p>Kunstb\u00e4ckerei Seit diesem Jahr gibt es in Winsen eine Kunstb\u00e4ckerei! Wo fr\u00fcher Br\u00f6tchen, Brote, Kuchen und Kekse hergestellt wurden, wird heute Kunst produziert. Dabei geht es aber nicht nur um sch\u00f6ne Bilder auf Papier oder in gro\u00dfen Rahmen. In der &hellip; <a href=\"https:\/\/wordpress.nibis.de\/asswl\/ausfluege\/\">Weiterlesen <span class=\"meta-nav\">&rarr;<\/span><\/a><\/p>\n","protected":false},"author":9193615,"featured_media":0,"parent":0,"menu_order":0,"comment_status":"closed","ping_status":"closed","template":"template-full-width.php","meta":{"footnotes":""},"class_list":["post-1411","page","type-page","status-publish","hentry"],"_links":{"self":[{"href":"https:\/\/wordpress.nibis.de\/asswl\/wp-json\/wp\/v2\/pages\/1411","targetHints":{"allow":["GET"]}}],"collection":[{"href":"https:\/\/wordpress.nibis.de\/asswl\/wp-json\/wp\/v2\/pages"}],"about":[{"href":"https:\/\/wordpress.nibis.de\/asswl\/wp-json\/wp\/v2\/types\/page"}],"author":[{"embeddable":true,"href":"https:\/\/wordpress.nibis.de\/asswl\/wp-json\/wp\/v2\/users\/9193615"}],"replies":[{"embeddable":true,"href":"https:\/\/wordpress.nibis.de\/asswl\/wp-json\/wp\/v2\/comments?post=1411"}],"version-history":[{"count":2,"href":"https:\/\/wordpress.nibis.de\/asswl\/wp-json\/wp\/v2\/pages\/1411\/revisions"}],"predecessor-version":[{"id":1416,"href":"https:\/\/wordpress.nibis.de\/asswl\/wp-json\/wp\/v2\/pages\/1411\/revisions\/1416"}],"wp:attachment":[{"href":"https:\/\/wordpress.nibis.de\/asswl\/wp-json\/wp\/v2\/media?parent=1411"}],"curies":[{"name":"wp","href":"https:\/\/api.w.org\/{rel}","templated":true}]}}