{"id":1419,"date":"2023-04-13T16:50:57","date_gmt":"2023-04-13T14:50:57","guid":{"rendered":"https:\/\/wordpress.nibis.de\/asswl\/?page_id=1419"},"modified":"2023-04-13T17:06:50","modified_gmt":"2023-04-13T15:06:50","slug":"aktionen","status":"publish","type":"page","link":"https:\/\/wordpress.nibis.de\/asswl\/aktionen\/","title":{"rendered":"Aktionen"},"content":{"rendered":"\n<p><strong>Geschichte aus der Kreativschreibwerkstatt 1.Halbjahr 2022\/23<\/strong><\/p>\n\n\n\n<p>(Eine Kamishibai-Geschichte von Finya, Lennard, Pauline und Selma)<\/p>\n\n\n\n<p><strong>Die geheimnisvolle Krone<\/strong><\/p>\n\n\n\n<p>Es war einmal eine Prinzessin, die hie\u00df Linda. Sie wohnte in einem Schloss und sie hatte eine sehr wertvolle Krone. Das Problem war, dass alle die Krone haben wollten, doch sie war so sicher, dass sie keiner kriegen konnte. Aber sie war nicht mehr lange sicher.<\/p>\n\n\n\n<p>Foto 1<\/p>\n\n\n\n<p>Eines Tages ging Linda zu ihrem Freund, dem Troll und fragte: \u201eLieber Troll, kannst Du auf meine Krone aufpassen?\u201c Der Troll antwortete: \u201eJa, aber versprich mir, dass Du mich nie wieder \u00e4rgerst!\u201c Linda sagte: \u201eOkay!\u201c Dann waren beide zufrieden.<\/p>\n\n\n\n<p>Foto 2<\/p>\n\n\n\n<p>Also bekam der Troll die Krone noch am selben Tag. Er stellte sie in sein Haus und stellte sich breitbeinig davor und wartete und wartete. Aber es passierte nichts. Bald w\u00fcrde aber etwas passieren, dachte er.<\/p>\n\n\n\n<p>Foto 3<\/p>\n\n\n\n<p>Am n\u00e4chsten Tag passierte wirklich etwas. Die Hexe kam als alte Frau verkleidet zum Haus des Trolls gelaufen. Ihre Schwester hatte sie aufgefordert, dass diese sich w\u00e4hrenddessen ins Haus des Trolls schleichen sollte, um die Krone zu klauen und danach abzuhauen. Die Hexe sagte zum Troll: \u201eIch bin eine arme Frau!\u201c Dann redete sie weiter auf den Troll ein. Der Troll h\u00f6rte aufmerksam zu, glaubte ihr aber nicht, warf sie ins Geb\u00fcsch und rief: \u201eDu bist keine arme Frau, sondern eine Hexe. Geh weg!\u201c Da lief die Hexe schnell weg.<\/p>\n\n\n\n<p>Foto 4<\/p>\n\n\n\n<p>Es war inzwischen Abend geworden und der Troll ging nach drinnen. Dort bemerkte er die Schwester der Hexe, die gerade die Krone klauen wollte und schrie: \u201eGeh weg, Du Ungeziefer!\u201c und warf auch diese Hexe hinaus.&nbsp;<\/p>\n\n\n\n<p>Foto 5<\/p>\n\n\n\n<p>Am n\u00e4chsten Tag feierten alle ein gro\u00dfes Fest und lobten den Troll f\u00fcr seine F\u00e4higkeit, gut aufzupassen. Die Hexen waren nat\u00fcrlich nicht eingeladen und alle hatten viel Spa\u00df.<\/p>\n\n\n\n<p>Wenn sie nicht gestorben sind, dann leben sie noch heute!<\/p>\n\n\n\n<figure class=\"wp-block-gallery has-nested-images columns-3 is-cropped is-style-tw-img-rounded wp-block-gallery-1 is-layout-flex wp-block-gallery-is-layout-flex\">\n<figure class=\"wp-block-image size-large\"><img loading=\"lazy\" decoding=\"async\" width=\"1024\" height=\"768\" data-id=\"1433\" src=\"https:\/\/wordpress.nibis.de\/asswl\/files\/2023\/04\/6FD146F9-2F15-4BA8-9F88-86EC9D07C78C-1-1024x768.jpeg\" alt=\"\" class=\"wp-image-1433\" srcset=\"https:\/\/wordpress.nibis.de\/asswl\/files\/2023\/04\/6FD146F9-2F15-4BA8-9F88-86EC9D07C78C-1-1024x768.jpeg 1024w, https:\/\/wordpress.nibis.de\/asswl\/files\/2023\/04\/6FD146F9-2F15-4BA8-9F88-86EC9D07C78C-1-300x225.jpeg 300w, https:\/\/wordpress.nibis.de\/asswl\/files\/2023\/04\/6FD146F9-2F15-4BA8-9F88-86EC9D07C78C-1-768x576.jpeg 768w, https:\/\/wordpress.nibis.de\/asswl\/files\/2023\/04\/6FD146F9-2F15-4BA8-9F88-86EC9D07C78C-1-1536x1152.jpeg 1536w, https:\/\/wordpress.nibis.de\/asswl\/files\/2023\/04\/6FD146F9-2F15-4BA8-9F88-86EC9D07C78C-1-2048x1536.jpeg 2048w\" sizes=\"auto, (max-width: 1024px) 100vw, 1024px\" \/><\/figure>\n\n\n\n<figure class=\"wp-block-image size-large\"><img loading=\"lazy\" decoding=\"async\" width=\"1024\" height=\"768\" data-id=\"1434\" src=\"https:\/\/wordpress.nibis.de\/asswl\/files\/2023\/04\/B1772B11-3096-49F8-9594-5BC481193711-1-1024x768.jpeg\" alt=\"\" class=\"wp-image-1434\" srcset=\"https:\/\/wordpress.nibis.de\/asswl\/files\/2023\/04\/B1772B11-3096-49F8-9594-5BC481193711-1-1024x768.jpeg 1024w, https:\/\/wordpress.nibis.de\/asswl\/files\/2023\/04\/B1772B11-3096-49F8-9594-5BC481193711-1-300x225.jpeg 300w, https:\/\/wordpress.nibis.de\/asswl\/files\/2023\/04\/B1772B11-3096-49F8-9594-5BC481193711-1-768x576.jpeg 768w, https:\/\/wordpress.nibis.de\/asswl\/files\/2023\/04\/B1772B11-3096-49F8-9594-5BC481193711-1-1536x1152.jpeg 1536w, https:\/\/wordpress.nibis.de\/asswl\/files\/2023\/04\/B1772B11-3096-49F8-9594-5BC481193711-1-2048x1536.jpeg 2048w\" sizes=\"auto, (max-width: 1024px) 100vw, 1024px\" \/><\/figure>\n\n\n\n<figure class=\"wp-block-image size-large\"><img loading=\"lazy\" decoding=\"async\" width=\"1024\" height=\"768\" data-id=\"1436\" src=\"https:\/\/wordpress.nibis.de\/asswl\/files\/2023\/04\/40804369-E66B-40E1-B100-D81797F06693-1-1024x768.jpeg\" alt=\"\" class=\"wp-image-1436\" srcset=\"https:\/\/wordpress.nibis.de\/asswl\/files\/2023\/04\/40804369-E66B-40E1-B100-D81797F06693-1-1024x768.jpeg 1024w, https:\/\/wordpress.nibis.de\/asswl\/files\/2023\/04\/40804369-E66B-40E1-B100-D81797F06693-1-300x225.jpeg 300w, https:\/\/wordpress.nibis.de\/asswl\/files\/2023\/04\/40804369-E66B-40E1-B100-D81797F06693-1-768x576.jpeg 768w, https:\/\/wordpress.nibis.de\/asswl\/files\/2023\/04\/40804369-E66B-40E1-B100-D81797F06693-1-1536x1152.jpeg 1536w, https:\/\/wordpress.nibis.de\/asswl\/files\/2023\/04\/40804369-E66B-40E1-B100-D81797F06693-1-2048x1536.jpeg 2048w\" sizes=\"auto, (max-width: 1024px) 100vw, 1024px\" \/><\/figure>\n\n\n\n<figure class=\"wp-block-image size-large\"><img loading=\"lazy\" decoding=\"async\" width=\"1024\" height=\"768\" data-id=\"1439\" src=\"https:\/\/wordpress.nibis.de\/asswl\/files\/2023\/04\/DA17D739-E6BE-4747-8A0F-684FE405A7A9-1-1024x768.jpeg\" alt=\"\" class=\"wp-image-1439\" srcset=\"https:\/\/wordpress.nibis.de\/asswl\/files\/2023\/04\/DA17D739-E6BE-4747-8A0F-684FE405A7A9-1-1024x768.jpeg 1024w, https:\/\/wordpress.nibis.de\/asswl\/files\/2023\/04\/DA17D739-E6BE-4747-8A0F-684FE405A7A9-1-300x225.jpeg 300w, https:\/\/wordpress.nibis.de\/asswl\/files\/2023\/04\/DA17D739-E6BE-4747-8A0F-684FE405A7A9-1-768x576.jpeg 768w, https:\/\/wordpress.nibis.de\/asswl\/files\/2023\/04\/DA17D739-E6BE-4747-8A0F-684FE405A7A9-1-1536x1152.jpeg 1536w, https:\/\/wordpress.nibis.de\/asswl\/files\/2023\/04\/DA17D739-E6BE-4747-8A0F-684FE405A7A9-1-2048x1536.jpeg 2048w\" sizes=\"auto, (max-width: 1024px) 100vw, 1024px\" \/><\/figure>\n\n\n\n<figure class=\"wp-block-image size-large\"><img loading=\"lazy\" decoding=\"async\" width=\"1024\" height=\"768\" data-id=\"1440\" src=\"https:\/\/wordpress.nibis.de\/asswl\/files\/2023\/04\/E727245C-0C2D-4F8F-AD73-153E5886DAF5-1-1024x768.jpeg\" alt=\"\" class=\"wp-image-1440\" srcset=\"https:\/\/wordpress.nibis.de\/asswl\/files\/2023\/04\/E727245C-0C2D-4F8F-AD73-153E5886DAF5-1-1024x768.jpeg 1024w, https:\/\/wordpress.nibis.de\/asswl\/files\/2023\/04\/E727245C-0C2D-4F8F-AD73-153E5886DAF5-1-300x225.jpeg 300w, https:\/\/wordpress.nibis.de\/asswl\/files\/2023\/04\/E727245C-0C2D-4F8F-AD73-153E5886DAF5-1-768x576.jpeg 768w, https:\/\/wordpress.nibis.de\/asswl\/files\/2023\/04\/E727245C-0C2D-4F8F-AD73-153E5886DAF5-1-1536x1152.jpeg 1536w, https:\/\/wordpress.nibis.de\/asswl\/files\/2023\/04\/E727245C-0C2D-4F8F-AD73-153E5886DAF5-1-2048x1536.jpeg 2048w\" sizes=\"auto, (max-width: 1024px) 100vw, 1024px\" \/><\/figure>\n\n\n\n<figure class=\"wp-block-image size-large\"><img loading=\"lazy\" decoding=\"async\" width=\"1024\" height=\"768\" data-id=\"1432\" src=\"https:\/\/wordpress.nibis.de\/asswl\/files\/2023\/04\/A92C80AC-2C03-4DA8-B2E4-00F4B1711829-1-1024x768.jpeg\" alt=\"\" class=\"wp-image-1432\" srcset=\"https:\/\/wordpress.nibis.de\/asswl\/files\/2023\/04\/A92C80AC-2C03-4DA8-B2E4-00F4B1711829-1-1024x768.jpeg 1024w, https:\/\/wordpress.nibis.de\/asswl\/files\/2023\/04\/A92C80AC-2C03-4DA8-B2E4-00F4B1711829-1-300x225.jpeg 300w, https:\/\/wordpress.nibis.de\/asswl\/files\/2023\/04\/A92C80AC-2C03-4DA8-B2E4-00F4B1711829-1-768x576.jpeg 768w, https:\/\/wordpress.nibis.de\/asswl\/files\/2023\/04\/A92C80AC-2C03-4DA8-B2E4-00F4B1711829-1-1536x1152.jpeg 1536w, https:\/\/wordpress.nibis.de\/asswl\/files\/2023\/04\/A92C80AC-2C03-4DA8-B2E4-00F4B1711829-1-2048x1536.jpeg 2048w\" sizes=\"auto, (max-width: 1024px) 100vw, 1024px\" \/><\/figure>\n\n\n\n<figure class=\"wp-block-image size-large\"><img loading=\"lazy\" decoding=\"async\" width=\"1024\" height=\"768\" data-id=\"1437\" src=\"https:\/\/wordpress.nibis.de\/asswl\/files\/2023\/04\/40804369-E66B-40E1-B100-D81797F06693-2-1024x768.jpeg\" alt=\"\" class=\"wp-image-1437\" srcset=\"https:\/\/wordpress.nibis.de\/asswl\/files\/2023\/04\/40804369-E66B-40E1-B100-D81797F06693-2-1024x768.jpeg 1024w, https:\/\/wordpress.nibis.de\/asswl\/files\/2023\/04\/40804369-E66B-40E1-B100-D81797F06693-2-300x225.jpeg 300w, https:\/\/wordpress.nibis.de\/asswl\/files\/2023\/04\/40804369-E66B-40E1-B100-D81797F06693-2-768x576.jpeg 768w, https:\/\/wordpress.nibis.de\/asswl\/files\/2023\/04\/40804369-E66B-40E1-B100-D81797F06693-2-1536x1152.jpeg 1536w, https:\/\/wordpress.nibis.de\/asswl\/files\/2023\/04\/40804369-E66B-40E1-B100-D81797F06693-2-2048x1536.jpeg 2048w\" sizes=\"auto, (max-width: 1024px) 100vw, 1024px\" \/><\/figure>\n\n\n\n<figure class=\"wp-block-image size-large\"><img loading=\"lazy\" decoding=\"async\" width=\"1024\" height=\"768\" data-id=\"1435\" src=\"https:\/\/wordpress.nibis.de\/asswl\/files\/2023\/04\/DF172F49-6B42-488D-9144-3AD0F68A85C9-1-1024x768.jpeg\" alt=\"\" class=\"wp-image-1435\" srcset=\"https:\/\/wordpress.nibis.de\/asswl\/files\/2023\/04\/DF172F49-6B42-488D-9144-3AD0F68A85C9-1-1024x768.jpeg 1024w, https:\/\/wordpress.nibis.de\/asswl\/files\/2023\/04\/DF172F49-6B42-488D-9144-3AD0F68A85C9-1-300x225.jpeg 300w, https:\/\/wordpress.nibis.de\/asswl\/files\/2023\/04\/DF172F49-6B42-488D-9144-3AD0F68A85C9-1-768x576.jpeg 768w, https:\/\/wordpress.nibis.de\/asswl\/files\/2023\/04\/DF172F49-6B42-488D-9144-3AD0F68A85C9-1-1536x1152.jpeg 1536w, https:\/\/wordpress.nibis.de\/asswl\/files\/2023\/04\/DF172F49-6B42-488D-9144-3AD0F68A85C9-1-2048x1536.jpeg 2048w\" sizes=\"auto, (max-width: 1024px) 100vw, 1024px\" \/><\/figure>\n\n\n\n<figure class=\"wp-block-image size-large\"><img loading=\"lazy\" decoding=\"async\" width=\"768\" height=\"1024\" data-id=\"1430\" src=\"https:\/\/wordpress.nibis.de\/asswl\/files\/2023\/04\/DA17D739-E6BE-4747-8A0F-684FE405A7A9-768x1024.jpeg\" alt=\"\" class=\"wp-image-1430\" srcset=\"https:\/\/wordpress.nibis.de\/asswl\/files\/2023\/04\/DA17D739-E6BE-4747-8A0F-684FE405A7A9-768x1024.jpeg 768w, https:\/\/wordpress.nibis.de\/asswl\/files\/2023\/04\/DA17D739-E6BE-4747-8A0F-684FE405A7A9-225x300.jpeg 225w, https:\/\/wordpress.nibis.de\/asswl\/files\/2023\/04\/DA17D739-E6BE-4747-8A0F-684FE405A7A9-1152x1536.jpeg 1152w, https:\/\/wordpress.nibis.de\/asswl\/files\/2023\/04\/DA17D739-E6BE-4747-8A0F-684FE405A7A9-1536x2048.jpeg 1536w, https:\/\/wordpress.nibis.de\/asswl\/files\/2023\/04\/DA17D739-E6BE-4747-8A0F-684FE405A7A9-scaled.jpeg 1920w\" sizes=\"auto, (max-width: 768px) 100vw, 768px\" \/><\/figure>\n<\/figure>\n","protected":false},"excerpt":{"rendered":"<p>Geschichte aus der Kreativschreibwerkstatt 1.Halbjahr 2022\/23 (Eine Kamishibai-Geschichte von Finya, Lennard, Pauline und Selma) Die geheimnisvolle Krone Es war einmal eine Prinzessin, die hie\u00df Linda. Sie wohnte in einem Schloss und sie hatte eine sehr wertvolle Krone. Das Problem war, &hellip; <a href=\"https:\/\/wordpress.nibis.de\/asswl\/aktionen\/\">Weiterlesen <span class=\"meta-nav\">&rarr;<\/span><\/a><\/p>\n","protected":false},"author":9193615,"featured_media":0,"parent":0,"menu_order":0,"comment_status":"closed","ping_status":"closed","template":"template-full-width.php","meta":{"footnotes":""},"class_list":["post-1419","page","type-page","status-publish","hentry"],"_links":{"self":[{"href":"https:\/\/wordpress.nibis.de\/asswl\/wp-json\/wp\/v2\/pages\/1419","targetHints":{"allow":["GET"]}}],"collection":[{"href":"https:\/\/wordpress.nibis.de\/asswl\/wp-json\/wp\/v2\/pages"}],"about":[{"href":"https:\/\/wordpress.nibis.de\/asswl\/wp-json\/wp\/v2\/types\/page"}],"author":[{"embeddable":true,"href":"https:\/\/wordpress.nibis.de\/asswl\/wp-json\/wp\/v2\/users\/9193615"}],"replies":[{"embeddable":true,"href":"https:\/\/wordpress.nibis.de\/asswl\/wp-json\/wp\/v2\/comments?post=1419"}],"version-history":[{"count":2,"href":"https:\/\/wordpress.nibis.de\/asswl\/wp-json\/wp\/v2\/pages\/1419\/revisions"}],"predecessor-version":[{"id":1441,"href":"https:\/\/wordpress.nibis.de\/asswl\/wp-json\/wp\/v2\/pages\/1419\/revisions\/1441"}],"wp:attachment":[{"href":"https:\/\/wordpress.nibis.de\/asswl\/wp-json\/wp\/v2\/media?parent=1419"}],"curies":[{"name":"wp","href":"https:\/\/api.w.org\/{rel}","templated":true}]}}