{"id":150,"date":"2019-03-20T15:07:35","date_gmt":"2019-03-20T14:07:35","guid":{"rendered":"https:\/\/wordpress.nibis.de\/asswl\/?page_id=150"},"modified":"2022-03-15T10:44:48","modified_gmt":"2022-03-15T09:44:48","slug":"schulvorstand","status":"publish","type":"page","link":"https:\/\/wordpress.nibis.de\/asswl\/schulvorstand\/","title":{"rendered":"Schulvorstand"},"content":{"rendered":"\n<p><b>Mitglieder des Schulvorstandes<\/b>:<br \/>Eltern:<br \/><br \/><br \/><br \/>Lehrer:<br \/><br \/><br \/><br \/><br \/><b>Die praktische Arbeit des Schulvorstandes<\/b><br \/>Nachdem sich der Schulvorstand der Alten Stadtschule im Jahr 2007 erstmals konstituiert hatte, gab er sich eine Gesch\u00e4ftsordnung. Diese enth\u00e4lt Regeln f\u00fcr die Arbeit des Gremiums. Neben dem Tagungsintervall von mindestens zweimal im Schulhalbjahr und der 14t\u00e4gigen Ladungsfrist bestimmt die Gesch\u00e4ftsordnung, dass die Vertreterinnen und Vertreter der Lehrkr\u00e4fte sowie der Erziehungsberechtigten zur Abfassung der Niederschrift verpflichtet sind. Die Protokollf\u00fchrung wechselt von Sitzung zu Sitzung zwischen den Vertreterinnen und Vertretern der Lehrkr\u00e4fte und der Erziehungsberechtigten.<br \/>Den Mitgliedern des Schulvorstandes werden die Einladung mit der Tagesordnung und sonstigen Anlagen sowie die Niederschrift per E-Mail \u00fcbersandt. Dieser Informationsweg hat sich als sehr zeitsparend und praktisch erwiesen.<br \/>Au\u00dferdem bestimmt die Gesch\u00e4ftsordnung, dass der Schulvorstand nicht \u00f6rer\/Innen an den Sitzungen teilzunehmen. Diese Regelung ist erforderlich, damit im Vertretungsfall die Arbeit im Schulvorstand kontinuierlich fortgesetzt werden kann.<br \/>Bei Bedarf finden Vorbereitungstreffen der Elternvertreter und ihrer Stellvertreter statt.<br \/><br \/>Die Schulleitung unterrichtet den Schulvorstand in jeder Sitzung sehr umfassend \u00fcber die aktuellen Geschehnisse und Ereignisse in der Schule.<br \/><br \/>Der Schulvorstand tauscht Informationen und Meinungen mit anderen Schulgremien insbesondere mit dem Vorstand des Schulelternrates aus.<\/p>\n","protected":false},"excerpt":{"rendered":"<p>Mitglieder des Schulvorstandes:Eltern: Lehrer: Die praktische Arbeit des SchulvorstandesNachdem sich der Schulvorstand der Alten Stadtschule im Jahr 2007 erstmals konstituiert hatte, gab er sich eine Gesch\u00e4ftsordnung. Diese enth\u00e4lt Regeln f\u00fcr die Arbeit des Gremiums. Neben dem Tagungsintervall von mindestens zweimal &hellip; <a href=\"https:\/\/wordpress.nibis.de\/asswl\/schulvorstand\/\">Weiterlesen <span class=\"meta-nav\">&rarr;<\/span><\/a><\/p>\n","protected":false},"author":9192894,"featured_media":0,"parent":0,"menu_order":0,"comment_status":"closed","ping_status":"closed","template":"","meta":{"footnotes":""},"class_list":["post-150","page","type-page","status-publish","hentry"],"_links":{"self":[{"href":"https:\/\/wordpress.nibis.de\/asswl\/wp-json\/wp\/v2\/pages\/150","targetHints":{"allow":["GET"]}}],"collection":[{"href":"https:\/\/wordpress.nibis.de\/asswl\/wp-json\/wp\/v2\/pages"}],"about":[{"href":"https:\/\/wordpress.nibis.de\/asswl\/wp-json\/wp\/v2\/types\/page"}],"author":[{"embeddable":true,"href":"https:\/\/wordpress.nibis.de\/asswl\/wp-json\/wp\/v2\/users\/9192894"}],"replies":[{"embeddable":true,"href":"https:\/\/wordpress.nibis.de\/asswl\/wp-json\/wp\/v2\/comments?post=150"}],"version-history":[{"count":2,"href":"https:\/\/wordpress.nibis.de\/asswl\/wp-json\/wp\/v2\/pages\/150\/revisions"}],"predecessor-version":[{"id":1223,"href":"https:\/\/wordpress.nibis.de\/asswl\/wp-json\/wp\/v2\/pages\/150\/revisions\/1223"}],"wp:attachment":[{"href":"https:\/\/wordpress.nibis.de\/asswl\/wp-json\/wp\/v2\/media?parent=150"}],"curies":[{"name":"wp","href":"https:\/\/api.w.org\/{rel}","templated":true}]}}