{"id":1562,"date":"2024-04-10T08:45:20","date_gmt":"2024-04-10T06:45:20","guid":{"rendered":"https:\/\/wordpress.nibis.de\/asswl\/?page_id=1562"},"modified":"2024-04-10T08:45:25","modified_gmt":"2024-04-10T06:45:25","slug":"antrag-auf-freistellung-an-religioesen-feiertagen-gemaess-runderlass","status":"publish","type":"page","link":"https:\/\/wordpress.nibis.de\/asswl\/antrag-auf-freistellung-an-religioesen-feiertagen-gemaess-runderlass\/","title":{"rendered":"Antrag auf Freistellung an religi\u00f6sen Feiertagen gem\u00e4\u00df Runderlass"},"content":{"rendered":"\n<div data-wp-interactive=\"core\/file\" class=\"wp-block-file\"><object data-wp-bind--hidden=\"!state.hasPdfPreview\" hidden class=\"wp-block-file__embed\" data=\"https:\/\/wordpress.nibis.de\/asswl\/files\/2024\/04\/Freistellung-religio\u0308se-Feiertage-gema\u0308ss-Runderlass.pdf\" type=\"application\/pdf\" style=\"width:100%;height:600px\" aria-label=\"Einbettung von Einbettung von Freistellung-religio\u0308se-Feiertage-gema\u0308ss-Runderlass..\"><\/object><a id=\"wp-block-file--media-11678900-34d1-43b2-bc60-4882c534faae\" href=\"https:\/\/wordpress.nibis.de\/asswl\/files\/2024\/04\/Freistellung-religio\u0308se-Feiertage-gema\u0308ss-Runderlass.pdf\">Freistellung-religio\u0308se-Feiertage-gema\u0308ss-Runderlass<\/a><a href=\"https:\/\/wordpress.nibis.de\/asswl\/files\/2024\/04\/Freistellung-religio\u0308se-Feiertage-gema\u0308ss-Runderlass.pdf\" class=\"wp-block-file__button\" download aria-describedby=\"wp-block-file--media-11678900-34d1-43b2-bc60-4882c534faae\">Herunterladen<\/a><\/div>\n\n\n\n<p><\/p>\n","protected":false},"excerpt":{"rendered":"","protected":false},"author":9193615,"featured_media":0,"parent":0,"menu_order":0,"comment_status":"closed","ping_status":"closed","template":"","meta":{"footnotes":""},"class_list":["post-1562","page","type-page","status-publish","hentry"],"_links":{"self":[{"href":"https:\/\/wordpress.nibis.de\/asswl\/wp-json\/wp\/v2\/pages\/1562","targetHints":{"allow":["GET"]}}],"collection":[{"href":"https:\/\/wordpress.nibis.de\/asswl\/wp-json\/wp\/v2\/pages"}],"about":[{"href":"https:\/\/wordpress.nibis.de\/asswl\/wp-json\/wp\/v2\/types\/page"}],"author":[{"embeddable":true,"href":"https:\/\/wordpress.nibis.de\/asswl\/wp-json\/wp\/v2\/users\/9193615"}],"replies":[{"embeddable":true,"href":"https:\/\/wordpress.nibis.de\/asswl\/wp-json\/wp\/v2\/comments?post=1562"}],"version-history":[{"count":4,"href":"https:\/\/wordpress.nibis.de\/asswl\/wp-json\/wp\/v2\/pages\/1562\/revisions"}],"predecessor-version":[{"id":1568,"href":"https:\/\/wordpress.nibis.de\/asswl\/wp-json\/wp\/v2\/pages\/1562\/revisions\/1568"}],"wp:attachment":[{"href":"https:\/\/wordpress.nibis.de\/asswl\/wp-json\/wp\/v2\/media?parent=1562"}],"curies":[{"name":"wp","href":"https:\/\/api.w.org\/{rel}","templated":true}]}}