{"id":164,"date":"2019-03-20T15:19:34","date_gmt":"2019-03-20T14:19:34","guid":{"rendered":"https:\/\/wordpress.nibis.de\/asswl\/?page_id=164"},"modified":"2020-05-26T10:05:50","modified_gmt":"2020-05-26T08:05:50","slug":"elternlotsen","status":"publish","type":"page","link":"https:\/\/wordpress.nibis.de\/asswl\/elternlotsen\/","title":{"rendered":"Elternlotsen"},"content":{"rendered":"\n<p>Wir suchen weiterhin ehrenamtliche Elternlotsen, die morgens f\u00fcr ca. 20 Minuten am Zebrastreifen an der Eckermannstra\u00dfe unsere Kinder \u00fcber die Stra\u00dfe begleiten. Gerade in der dunklen Jahreszeit ist es besonders wichtig, dass unsere &#8222;Kleinen&#8220; sicher \u00fcber die Stra\u00dfe kommen. Bei Interesse k\u00f6nnen Sie sich im Sekretariat der Schule melden oder bei Frau Haack, die den Elternlotsendienst organisiert. (Tel: 0176-21255863).<\/p>\n","protected":false},"excerpt":{"rendered":"<p>Wir suchen weiterhin ehrenamtliche Elternlotsen, die morgens f\u00fcr ca. 20 Minuten am Zebrastreifen an der Eckermannstra\u00dfe unsere Kinder \u00fcber die Stra\u00dfe begleiten. Gerade in der dunklen Jahreszeit ist es besonders wichtig, dass unsere &#8222;Kleinen&#8220; sicher \u00fcber die Stra\u00dfe kommen. Bei &hellip; <a href=\"https:\/\/wordpress.nibis.de\/asswl\/elternlotsen\/\">Weiterlesen <span class=\"meta-nav\">&rarr;<\/span><\/a><\/p>\n","protected":false},"author":9192894,"featured_media":0,"parent":0,"menu_order":0,"comment_status":"closed","ping_status":"closed","template":"","meta":{"footnotes":""},"class_list":["post-164","page","type-page","status-publish","hentry"],"_links":{"self":[{"href":"https:\/\/wordpress.nibis.de\/asswl\/wp-json\/wp\/v2\/pages\/164","targetHints":{"allow":["GET"]}}],"collection":[{"href":"https:\/\/wordpress.nibis.de\/asswl\/wp-json\/wp\/v2\/pages"}],"about":[{"href":"https:\/\/wordpress.nibis.de\/asswl\/wp-json\/wp\/v2\/types\/page"}],"author":[{"embeddable":true,"href":"https:\/\/wordpress.nibis.de\/asswl\/wp-json\/wp\/v2\/users\/9192894"}],"replies":[{"embeddable":true,"href":"https:\/\/wordpress.nibis.de\/asswl\/wp-json\/wp\/v2\/comments?post=164"}],"version-history":[{"count":2,"href":"https:\/\/wordpress.nibis.de\/asswl\/wp-json\/wp\/v2\/pages\/164\/revisions"}],"predecessor-version":[{"id":917,"href":"https:\/\/wordpress.nibis.de\/asswl\/wp-json\/wp\/v2\/pages\/164\/revisions\/917"}],"wp:attachment":[{"href":"https:\/\/wordpress.nibis.de\/asswl\/wp-json\/wp\/v2\/media?parent=164"}],"curies":[{"name":"wp","href":"https:\/\/api.w.org\/{rel}","templated":true}]}}