{"id":182,"date":"2019-03-20T15:49:31","date_gmt":"2019-03-20T14:49:31","guid":{"rendered":"https:\/\/wordpress.nibis.de\/asswl\/?page_id=182"},"modified":"2019-03-20T16:50:03","modified_gmt":"2019-03-20T15:50:03","slug":"extreme-witterungsbedingungen","status":"publish","type":"page","link":"https:\/\/wordpress.nibis.de\/asswl\/extreme-witterungsbedingungen\/","title":{"rendered":"Extreme Witterungsbedingungen"},"content":{"rendered":"\n<p>Bei starken Schneef\u00e4llen, bei Glatteis und Sturm steht es in der elterlichen Entscheidung, ob Sie ihr Kind in die Schule schicken oder nicht. Ob die Schule ausf\u00e4llt oder nicht (und damit auch eine eventuelle Sch\u00fclerbef\u00f6rderung), entscheidet der Landkreis Harburg. F\u00fcr den Schulausfall stehen folgende Informationsquellen zur Verf\u00fcgung:<\/p>\n<ol>\n<li>Radio &#8211; morgendliche H\u00f6rfunkdurchsagen ab 06:00 Uhr<\/li>\n<li>Schulausfall-App &#8211; unter &#8222;<a href=\"http:\/\/schulausfall.landkreis-harburg.de\" target=\"_blank\" rel=\"noopener noreferrer\">schulausfall.landkreis-harburg.de<\/a>&#8220; wird dann ein m\u00f6glicher Schulausfall angezeigt<\/li>\n<li>telefonische Bandansage der Kreisverwaltung unter 04171\/693 333<\/li>\n<li>Vorschaltseite der Landkreishomepage unter:\u00a0<a href=\"http:\/\/www.landkreis-harburg.de\" target=\"_blank\" rel=\"noopener noreferrer\">www.landkreis-harburg.de<\/a><\/li>\n<li>unter der offiziellen Twitterpr\u00e4senz des Landkreises unter: <a href=\"http:\/\/twitter.com\/LKreis_Harburg\" target=\"_blank\" rel=\"noopener noreferrer\">http:\/\/twitter.com\/LKreis_Harburg<\/a><\/li>\n<\/ol>\n<p>An unserer Schule gibt es bei Schulausfall f\u00fcr Notf\u00e4lle eine Betreuung in der \u00fcblichen Unterrichtszeit und f\u00fcr den Ganztagsbetrieb. Winsen, 05.12.2012 &#8211; aktualisiert: 17.11.2015<\/p>\n","protected":false},"excerpt":{"rendered":"<p>Bei starken Schneef\u00e4llen, bei Glatteis und Sturm steht es in der elterlichen Entscheidung, ob Sie ihr Kind in die Schule schicken oder nicht. Ob die Schule ausf\u00e4llt oder nicht (und damit auch eine eventuelle Sch\u00fclerbef\u00f6rderung), entscheidet der Landkreis Harburg. F\u00fcr &hellip; <a href=\"https:\/\/wordpress.nibis.de\/asswl\/extreme-witterungsbedingungen\/\">Weiterlesen <span class=\"meta-nav\">&rarr;<\/span><\/a><\/p>\n","protected":false},"author":9192894,"featured_media":0,"parent":0,"menu_order":0,"comment_status":"closed","ping_status":"closed","template":"","meta":{"footnotes":""},"class_list":["post-182","page","type-page","status-publish","hentry"],"_links":{"self":[{"href":"https:\/\/wordpress.nibis.de\/asswl\/wp-json\/wp\/v2\/pages\/182","targetHints":{"allow":["GET"]}}],"collection":[{"href":"https:\/\/wordpress.nibis.de\/asswl\/wp-json\/wp\/v2\/pages"}],"about":[{"href":"https:\/\/wordpress.nibis.de\/asswl\/wp-json\/wp\/v2\/types\/page"}],"author":[{"embeddable":true,"href":"https:\/\/wordpress.nibis.de\/asswl\/wp-json\/wp\/v2\/users\/9192894"}],"replies":[{"embeddable":true,"href":"https:\/\/wordpress.nibis.de\/asswl\/wp-json\/wp\/v2\/comments?post=182"}],"version-history":[{"count":4,"href":"https:\/\/wordpress.nibis.de\/asswl\/wp-json\/wp\/v2\/pages\/182\/revisions"}],"predecessor-version":[{"id":231,"href":"https:\/\/wordpress.nibis.de\/asswl\/wp-json\/wp\/v2\/pages\/182\/revisions\/231"}],"wp:attachment":[{"href":"https:\/\/wordpress.nibis.de\/asswl\/wp-json\/wp\/v2\/media?parent=182"}],"curies":[{"name":"wp","href":"https:\/\/api.w.org\/{rel}","templated":true}]}}